{"id":10269,"date":"2024-10-21T10:11:18","date_gmt":"2024-10-21T08:11:18","guid":{"rendered":"https:\/\/callicon.de\/system-biletow\/"},"modified":"2025-02-02T16:58:37","modified_gmt":"2025-02-02T15:58:37","slug":"system-biletow","status":"publish","type":"page","link":"https:\/\/callicon.de\/pl\/system-biletow\/","title":{"rendered":"System zg\u0142osze\u0144"},"content":{"rendered":"<section class=\"l-section wpb_row us_custom_681ed7c5 height_auto\"><div class=\"l-section-h i-cf\"><div class=\"g-cols vc_row via_grid cols_1 laptops-cols_inherit tablets-cols_inherit mobiles-cols_1 valign_top type_default stacking_default\"><div class=\"wpb_column vc_column_container\"><div class=\"vc_column-inner\"><div class=\"w-separator size_small\"><\/div><div class=\"w-separator size_medium\"><\/div>[vc_custom_heading text=&#8221;callicon App system zg\u0142osze\u0144&#8221; font_container=&#8221;tag:h1|font_size:2.6rem|text_align:left|color:%231D7B45&#8243; use_theme_fonts=&#8221;yes&#8221;]<div class=\"w-separator size_medium\"><\/div><div class=\"g-cols wpb_row via_grid cols_1-3 laptops-cols_inherit tablets-cols_inherit mobiles-cols_1 valign_top type_default stacking_default\" style=\"--columns-gap:3rem;\"><div class=\"wpb_column vc_column_container\"><div class=\"vc_column-inner\"><div class=\"w-separator size_small\"><\/div><div class=\"w-image align_left\"><div class=\"w-image-h\"><img decoding=\"async\" width=\"441\" height=\"529\" src=\"https:\/\/callicon.de\/wp-content\/uploads\/2024\/10\/ticketsystem.png\" class=\"attachment-full size-full\" alt=\"\" loading=\"lazy\" srcset=\"https:\/\/callicon.de\/wp-content\/uploads\/2024\/10\/ticketsystem.png 441w, https:\/\/callicon.de\/wp-content\/uploads\/2024\/10\/ticketsystem-250x300.png 250w\" sizes=\"auto, (max-width: 441px) 100vw, 441px\" \/><\/div><\/div><\/div><\/div><div class=\"wpb_column vc_column_container\"><div class=\"vc_column-inner\"><div class=\"w-separator size_custom\" style=\"height:1px\"><\/div>[vc_custom_heading text=&#8221;Aplikacja systemu zg\u0142osze\u0144&#8221; font_container=&#8221;tag:h3|text_align:left&#8221; use_theme_fonts=&#8221;yes&#8221;]<div class=\"wpb_text_column\"><div class=\"wpb_wrapper\"><h4>Centralne przetwarzanie przychodz\u0105cych zapyta\u0144<\/h4>\n<p> Zarz\u0105dzaj wszystkimi przychodz\u0105cymi zapytaniami i procesami swojej firmy w jednym miejscu &#8211; dzi\u0119ki aplikacji callicon ticket system. Przekazywanie do odpowiedniego dzia\u0142u lub osoby i przetwarzanie jest r\u00f3wnie\u017c scentralizowane za po\u015brednictwem aplikacji. Ka\u017cdy u\u017cytkownik widzi dok\u0142adnie te zg\u0142oszenia, kt\u00f3re s\u0105 dla niego istotne. \u017badna wiadomo\u015b\u0107 nie zostanie utracona, a Ty zawsze masz przegl\u0105d wszystkich zapyta\u0144 lub proces\u00f3w i ich statusu. <\/p>\n<\/div><\/div><\/div><\/div><\/div><div class=\"w-separator size_huge\"><\/div><\/div><\/div><\/div><\/div><\/section><section class=\"l-section wpb_row us_custom_1ea44603 height_small\"><div class=\"l-section-h i-cf\"><div class=\"g-cols vc_row via_grid cols_4-1 laptops-cols_inherit tablets-cols_inherit mobiles-cols_1 valign_top type_default stacking_default\"><div class=\"wpb_column vc_column_container\"><div class=\"vc_column-inner\"><div class=\"w-separator size_small\"><\/div><div class=\"wpb_text_column us_custom_6df4bc3a has_text_color\"><div class=\"wpb_wrapper\"><h6>Wykorzystaj sw\u00f3j potencja\u0142, aby zwi\u0119kszy\u0107 wydajno\u015b\u0107 &#8211; dostosowan\u0105 do Twoich potrzeb! Z osobistym pakietem aplikacji od callicon. <\/h6>\n<\/div><\/div><\/div><\/div><div class=\"wpb_column vc_column_container\"><div class=\"vc_column-inner\"><div class=\"w-separator size_custom\" style=\"height:20px\"><\/div><div class=\"w-popup w-btn-wrapper align_center\"><button class=\"w-popup-trigger type_btn w-btn us-btn-style_29\" aria-label=\"Skontaktuj si\u0119 z nami ju\u017c teraz!\" type=\"button\"><span class=\"w-btn-label\">Skontaktuj si\u0119 z nami ju\u017c teraz!<\/span><\/button><div class=\"w-popup-overlay\" style=\"background:rgba(0,0,0,0.10);\"><\/div><div class=\"w-popup-wrap layout_default\" role=\"dialog\" aria-modal=\"true\" aria-label=\"Okienko popup\" style=\"--title-color:var(--color-content-heading);--title-bg-color:var(--color-content-bg-alt);--content-color:var(--color-content-text);--content-bg-color:var(--color-content-bg);--popup-border-radius:15px;--popup-width:600px;--popup-padding:5%;\"><div class=\"w-popup-box animation_slideTop closerpos_inside without_title\"><div class=\"w-popup-box-h\"><button aria-label=\"Zamknij\" class=\"w-popup-closer\" type=\"button\"><\/button><div class=\"w-popup-box-content\"><p><p class=\"wpcf7-contact-form-not-found\"><strong>B\u0142\u0105d:<\/strong> Brak formularza kontaktowego.<\/p><\/p>\n<\/div><\/div><\/div><\/div><\/div><\/div><\/div><\/div><\/div><\/section><section class=\"l-section wpb_row height_custom\"><div class=\"l-section-h i-cf\"><div class=\"g-cols vc_row via_grid cols_1 laptops-cols_inherit tablets-cols_inherit mobiles-cols_1 valign_top type_default stacking_default\"><div class=\"wpb_column vc_column_container\"><div class=\"vc_column-inner\"><div class=\"wpb_text_column\"><div class=\"wpb_wrapper\"><p><span style=\"font-size: 20px; color: #1a1a1a;\"><span style=\"color: #1d7b45;\">Najcz\u0119\u015bciej zadawane pytania<\/span><br \/>\n<\/span><\/p>\n<\/div><\/div><div class=\"w-separator size_small\"><\/div><div class=\"wpb_text_column\"><div class=\"wpb_wrapper\"><h3>Cz\u0119sto zadawane pytania dotycz\u0105ce aplikacji systemu zg\u0142osze\u0144<\/h3>\n<\/div><\/div><div class=\"w-separator size_medium\"><\/div><div class=\"w-tabs style_default switch_click accordion remove_indents\" style=\"--sections-title-size:1.0rem\"><div class=\"w-tabs-sections titles-align_none icon_chevron cpos_right\"><div class=\"w-tabs-section\" id=\"qae8\"><button class=\"w-tabs-section-header\" aria-controls=\"content-qae8\" aria-expanded=\"false\"><div class=\"w-tabs-section-title\">Jakie funkcje oferuje aplikacja systemu zg\u0142osze\u0144?<\/div><div class=\"w-tabs-section-control\"><\/div><\/button><div  class=\"w-tabs-section-content\" id=\"content-qae8\"><div class=\"w-tabs-section-content-h i-cf\"><div class=\"wpb_text_column us_custom_064d3121\"><div class=\"wpb_wrapper\"><p>Aplikacja systemu zg\u0142osze\u0144 umo\u017cliwia rejestrowanie, zarz\u0105dzanie i przetwarzanie zg\u0142osze\u0144 dotycz\u0105cych wsparcia i us\u0142ug. Obs\u0142uguje kategoryzacj\u0119 zg\u0142osze\u0144, ustalanie priorytet\u00f3w, \u015bledzenie statusu, automatyczne powiadomienia i zintegrowan\u0105 histori\u0119 komunikacji.<\/p>\n<\/div><\/div><\/div><\/div><\/div><div class=\"w-tabs-section\" id=\"ab7d\"><button class=\"w-tabs-section-header\" aria-controls=\"content-ab7d\" aria-expanded=\"false\"><div class=\"w-tabs-section-title\">Czy aplikacj\u0119 mo\u017cna zintegrowa\u0107 z istniej\u0105cymi systemami ERP?<\/div><div class=\"w-tabs-section-control\"><\/div><\/button><div  class=\"w-tabs-section-content\" id=\"content-ab7d\"><div class=\"w-tabs-section-content-h i-cf\"><div class=\"wpb_text_column us_custom_064d3121\"><div class=\"wpb_wrapper\"><p>Tak, aplikacja oferuje standardowe interfejsy i mo\u017ce by\u0107 p\u0142ynnie zintegrowana z istniej\u0105cymi systemami ERP. Pozwala to na efektywn\u0105 integracj\u0119 proces\u00f3w wsparcia z istniej\u0105cym \u015brodowiskiem IT.<\/p>\n<\/div><\/div><\/div><\/div><\/div><div class=\"w-tabs-section\" id=\"zbff\"><button class=\"w-tabs-section-header\" aria-controls=\"content-zbff\" aria-expanded=\"false\"><div class=\"w-tabs-section-title\">Czy istnieje mobilna wersja aplikacji?<\/div><div class=\"w-tabs-section-control\"><\/div><\/button><div  class=\"w-tabs-section-content\" id=\"content-zbff\"><div class=\"w-tabs-section-content-h i-cf\"><div class=\"wpb_text_column us_custom_064d3121\"><div class=\"wpb_wrapper\"><p>Tak, aplikacja systemu biletowego jest zoptymalizowana pod k\u0105tem urz\u0105dze\u0144 mobilnych i mo\u017ce by\u0107 u\u017cywana na smartfonach i tabletach. Oznacza to, \u017ce biletami mo\u017cna zarz\u0105dza\u0107 w dowolnym czasie i z dowolnego miejsca.<\/p>\n<\/div><\/div><\/div><\/div><\/div><div class=\"w-tabs-section\" id=\"sc76\"><button class=\"w-tabs-section-header\" aria-controls=\"content-sc76\" aria-expanded=\"false\"><div class=\"w-tabs-section-title\">Czy aplikacja obs\u0142uguje przypisywanie zg\u0142osze\u0144 i r\u00f3l u\u017cytkownik\u00f3w?<\/div><div class=\"w-tabs-section-control\"><\/div><\/button><div  class=\"w-tabs-section-content\" id=\"content-sc76\"><div class=\"w-tabs-section-content-h i-cf\"><div class=\"wpb_text_column us_custom_064d3121\"><div class=\"wpb_wrapper\"><p>Tak, zg\u0142oszenia mog\u0105 by\u0107 automatycznie lub r\u0119cznie przypisywane do okre\u015blonych u\u017cytkownik\u00f3w lub zespo\u0142\u00f3w. Role u\u017cytkownik\u00f3w i uprawnienia mo\u017cna r\u00f3wnie\u017c dostosowa\u0107, aby zapewni\u0107 wydajne przetwarzanie.<\/p>\n<\/div><\/div><\/div><\/div><\/div><div class=\"w-tabs-section\" id=\"xcf1\"><button class=\"w-tabs-section-header\" aria-controls=\"content-xcf1\" aria-expanded=\"false\"><div class=\"w-tabs-section-title\">Czy aplikacj\u0119 mo\u017cna dostosowa\u0107 do indywidualnych proces\u00f3w biznesowych?<\/div><div class=\"w-tabs-section-control\"><\/div><\/button><div  class=\"w-tabs-section-content\" id=\"content-xcf1\"><div class=\"w-tabs-section-content-h i-cf\"><div class=\"wpb_text_column us_custom_064d3121\"><div class=\"wpb_wrapper\"><p>Tak, aplikacja jest elastycznie konfigurowalna i mo\u017cna j\u0105 dostosowa\u0107 do konkretnych wymaga\u0144 &#8211; od indywidualnych p\u00f3l zg\u0142osze\u0144 i przep\u0142yw\u00f3w pracy po integracj\u0119 z istniej\u0105cymi systemami.<\/p>\n<\/div><\/div><\/div><\/div><\/div><\/div><\/div><div class=\"w-separator size_small\"><\/div><\/div><\/div><\/div><\/div><\/section>\n","protected":false},"excerpt":{"rendered":"[vc_custom_heading text=\"callicon App system zg\u0142osze\u0144\" font_container=\"tag:h1|font_size:2.6rem|text_align:left|color:%231D7B45\" use_theme_fonts=\"yes\"][vc_custom_heading text=\"Aplikacja systemu zg\u0142osze\u0144\" font_container=\"tag:h3|text_align:left\" use_theme_fonts=\"yes\"]Centralne przetwarzanie przychodz\u0105cych zapyta\u0144 Zarz\u0105dzaj wszystkimi przychodz\u0105cymi zapytaniami i procesami swojej firmy w jednym miejscu &#8211; dzi\u0119ki aplikacji callicon ticket system. Przekazywanie do odpowiedniego dzia\u0142u lub osoby i przetwarzanie jest r\u00f3wnie\u017c scentralizowane za po\u015brednictwem aplikacji. Ka\u017cdy u\u017cytkownik widzi dok\u0142adnie te zg\u0142oszenia, kt\u00f3re s\u0105 dla...","protected":false},"author":1,"featured_media":0,"parent":0,"menu_order":0,"comment_status":"closed","ping_status":"closed","template":"","meta":{"om_disable_all_campaigns":false,"_monsterinsights_skip_tracking":false,"_monsterinsights_sitenote_active":false,"_monsterinsights_sitenote_note":"","_monsterinsights_sitenote_category":0,"footnotes":""},"class_list":["post-10269","page","type-page","status-publish","hentry"],"aioseo_notices":[],"_links":{"self":[{"href":"https:\/\/callicon.de\/pl\/wp-json\/wp\/v2\/pages\/10269","targetHints":{"allow":["GET"]}}],"collection":[{"href":"https:\/\/callicon.de\/pl\/wp-json\/wp\/v2\/pages"}],"about":[{"href":"https:\/\/callicon.de\/pl\/wp-json\/wp\/v2\/types\/page"}],"author":[{"embeddable":true,"href":"https:\/\/callicon.de\/pl\/wp-json\/wp\/v2\/users\/1"}],"replies":[{"embeddable":true,"href":"https:\/\/callicon.de\/pl\/wp-json\/wp\/v2\/comments?post=10269"}],"version-history":[{"count":10,"href":"https:\/\/callicon.de\/pl\/wp-json\/wp\/v2\/pages\/10269\/revisions"}],"predecessor-version":[{"id":12257,"href":"https:\/\/callicon.de\/pl\/wp-json\/wp\/v2\/pages\/10269\/revisions\/12257"}],"wp:attachment":[{"href":"https:\/\/callicon.de\/pl\/wp-json\/wp\/v2\/media?parent=10269"}],"curies":[{"name":"wp","href":"https:\/\/api.w.org\/{rel}","templated":true}]}}