{"id":10285,"date":"2024-10-21T10:08:53","date_gmt":"2024-10-21T08:08:53","guid":{"rendered":"https:\/\/callicon.de\/zarzadzanie-magazynem\/"},"modified":"2025-02-02T16:12:41","modified_gmt":"2025-02-02T15:12:41","slug":"zarzadzanie-magazynem","status":"publish","type":"page","link":"https:\/\/callicon.de\/pl\/zarzadzanie-magazynem\/","title":{"rendered":"Zarz\u0105dzanie magazynem"},"content":{"rendered":"<section class=\"l-section wpb_row us_custom_681ed7c5 height_auto\"><div class=\"l-section-h i-cf\"><div class=\"g-cols vc_row via_grid cols_1 laptops-cols_inherit tablets-cols_inherit mobiles-cols_1 valign_top type_default stacking_default\"><div class=\"wpb_column vc_column_container\"><div class=\"vc_column-inner\"><div class=\"w-separator size_small\"><\/div><div class=\"w-separator size_medium\"><\/div>[vc_custom_heading text=&#8221;aplikacja callicon do zarz\u0105dzania magazynem&#8221; font_container=&#8221;tag:h1|font_size:2.6rem|text_align:left|color:%231D7B45&#8243; use_theme_fonts=&#8221;yes&#8221;]<div class=\"w-separator size_medium\"><\/div><div class=\"g-cols wpb_row via_grid cols_1-3 laptops-cols_inherit tablets-cols_inherit mobiles-cols_1 valign_top type_default stacking_default\" style=\"--columns-gap:3rem;\"><div class=\"wpb_column vc_column_container\"><div class=\"vc_column-inner\"><div class=\"w-image align_left\"><div class=\"w-image-h\"><img decoding=\"async\" width=\"400\" height=\"479\" src=\"https:\/\/callicon.de\/wp-content\/uploads\/2025\/02\/PL_Lager_x2.png\" class=\"attachment-full size-full\" alt=\"\" loading=\"lazy\" srcset=\"https:\/\/callicon.de\/wp-content\/uploads\/2025\/02\/PL_Lager_x2.png 400w, https:\/\/callicon.de\/wp-content\/uploads\/2025\/02\/PL_Lager_x2-251x300.png 251w\" sizes=\"auto, (max-width: 400px) 100vw, 400px\" \/><\/div><\/div><\/div><\/div><div class=\"wpb_column vc_column_container\"><div class=\"vc_column-inner\">[vc_custom_heading text=&#8221;Aplikacja do zarz\u0105dzania magazynem&#8221; font_container=&#8221;tag:h3|text_align:left&#8221; use_theme_fonts=&#8221;yes&#8221;]<div class=\"wpb_text_column\"><div class=\"wpb_wrapper\"><h4>Efektywna kontrola proces\u00f3w magazynowych<\/h4>\n<p>Aplikacja magazynowa callicon pozwala centralnie kontrolowa\u0107 i monitorowa\u0107 wszystkie zapasy i procesy magazynowe. Korzystaj z elastycznego i wydajnego systemu zarz\u0105dzania i kontroli magazynu, kt\u00f3ry mo\u017ce by\u0107 u\u017cywany w wielu lokalizacjach. Zawsze masz wgl\u0105d w swoje zapasy i ruchy magazynowe, mo\u017cesz przeprowadza\u0107 inwentaryzacje, a tym samym otrzymujesz spersonalizowany system, kt\u00f3ry idealnie pasuje do Twojej firmy.<\/p>\n<\/div><\/div><\/div><\/div><\/div><div class=\"w-separator size_huge\"><\/div><\/div><\/div><\/div><\/div><\/section><section class=\"l-section wpb_row us_custom_1ea44603 height_small\"><div class=\"l-section-h i-cf\"><div class=\"g-cols vc_row via_grid cols_4-1 laptops-cols_inherit tablets-cols_inherit mobiles-cols_1 valign_top type_default stacking_default\"><div class=\"wpb_column vc_column_container\"><div class=\"vc_column-inner\"><div class=\"w-separator size_small\"><\/div><div class=\"wpb_text_column us_custom_6df4bc3a has_text_color\"><div class=\"wpb_wrapper\"><h6>Wykorzystaj sw\u00f3j potencja\u0142, aby zwi\u0119kszy\u0107 wydajno\u015b\u0107 &#8211; dostosowan\u0105 do Twoich potrzeb! Z osobistym pakietem aplikacji od callicon.<\/h6>\n<\/div><\/div><\/div><\/div><div class=\"wpb_column vc_column_container\"><div class=\"vc_column-inner\"><div class=\"w-separator size_custom\" style=\"height:20px\"><\/div><div class=\"w-popup w-btn-wrapper align_center\"><button class=\"w-popup-trigger type_btn w-btn us-btn-style_29\" aria-label=\"Skontaktuj si\u0119 z nami ju\u017c teraz!\" type=\"button\"><span class=\"w-btn-label\">Skontaktuj si\u0119 z nami ju\u017c teraz!<\/span><\/button><div class=\"w-popup-overlay\" style=\"background:rgba(0,0,0,0.10);\"><\/div><div class=\"w-popup-wrap layout_default\" role=\"dialog\" aria-modal=\"true\" aria-label=\"Okienko popup\" style=\"--title-color:var(--color-content-heading);--title-bg-color:var(--color-content-bg-alt);--content-color:var(--color-content-text);--content-bg-color:var(--color-content-bg);--popup-border-radius:15px;--popup-width:600px;--popup-padding:5%;\"><div class=\"w-popup-box animation_slideTop closerpos_inside without_title\"><div class=\"w-popup-box-h\"><button aria-label=\"Zamknij\" class=\"w-popup-closer\" type=\"button\"><\/button><div class=\"w-popup-box-content\"><p><p class=\"wpcf7-contact-form-not-found\"><strong>B\u0142\u0105d:<\/strong> Brak formularza kontaktowego.<\/p><\/p>\n<\/div><\/div><\/div><\/div><\/div><\/div><\/div><\/div><\/div><\/section><section class=\"l-section wpb_row height_custom\"><div class=\"l-section-h i-cf\"><div class=\"g-cols vc_row via_grid cols_1 laptops-cols_inherit tablets-cols_inherit mobiles-cols_1 valign_top type_default stacking_default\"><div class=\"wpb_column vc_column_container\"><div class=\"vc_column-inner\"><div class=\"wpb_text_column\"><div class=\"wpb_wrapper\"><p><span style=\"font-size: 20px; color: #1a1a1a;\"><span style=\"color: #1d7b45;\">Najcz\u0119\u015bciej zadawane pytania<\/span><br \/>\n<\/span><\/p>\n<\/div><\/div><div class=\"w-separator size_small\"><\/div><div class=\"wpb_text_column\"><div class=\"wpb_wrapper\"><h3>Cz\u0119sto zadawane pytania dotycz\u0105ce aplikacji do zarz\u0105dzania magazynem<\/h3>\n<\/div><\/div><div class=\"w-separator size_medium\"><\/div><div class=\"w-tabs style_default switch_click accordion remove_indents\" style=\"--sections-title-size:1.0rem\"><div class=\"w-tabs-sections titles-align_none icon_chevron cpos_right\"><div class=\"w-tabs-section\" id=\"cd59\"><button class=\"w-tabs-section-header\" aria-controls=\"content-cd59\" aria-expanded=\"false\"><div class=\"w-tabs-section-title\">Jakie funkcje oferuje aplikacja Magazyn?<\/div><div class=\"w-tabs-section-control\"><\/div><\/button><div  class=\"w-tabs-section-content\" id=\"content-cd59\"><div class=\"w-tabs-section-content-h i-cf\"><div class=\"wpb_text_column us_custom_064d3121\"><div class=\"wpb_wrapper\"><p>Aplikacja magazynowa wspiera zarz\u0105dzanie zapasami, przychodz\u0105cymi i wychodz\u0105cymi towarami, kompletacj\u0119 zam\u00f3wie\u0144, inwentaryzacj\u0119 i optymalizacj\u0119 wykorzystania przestrzeni magazynowej. Umo\u017cliwia r\u00f3wnie\u017c p\u0142ynn\u0105 integracj\u0119 z procesami zaopatrzenia i sprzeda\u017cy<\/p>\n<\/div><\/div><\/div><\/div><\/div><div class=\"w-tabs-section\" id=\"qdf2\"><button class=\"w-tabs-section-header\" aria-controls=\"content-qdf2\" aria-expanded=\"false\"><div class=\"w-tabs-section-title\">Czy aplikacja Magazyn mo\u017ce by\u0107 u\u017cywana na urz\u0105dzeniach mobilnych?<\/div><div class=\"w-tabs-section-control\"><\/div><\/button><div  class=\"w-tabs-section-content\" id=\"content-qdf2\"><div class=\"w-tabs-section-content-h i-cf\"><div class=\"wpb_text_column us_custom_064d3121\"><div class=\"wpb_wrapper\"><p>Tak, aplikacja magazynowa jest zoptymalizowana pod k\u0105tem urz\u0105dze\u0144 mobilnych i obs\u0142uguje skanery, tablety i smartfony, aby procesy magazynowe by\u0142y wydajne i elastyczne.<\/p>\n<\/div><\/div><\/div><\/div><\/div><div class=\"w-tabs-section\" id=\"ie84\"><button class=\"w-tabs-section-header\" aria-controls=\"content-ie84\" aria-expanded=\"false\"><div class=\"w-tabs-section-title\">Czy aplikacja magazynowa obs\u0142uguje zarz\u0105dzanie partiami i datami wa\u017cno\u015bci?<\/div><div class=\"w-tabs-section-control\"><\/div><\/button><div  class=\"w-tabs-section-content\" id=\"content-ie84\"><div class=\"w-tabs-section-content-h i-cf\"><div class=\"wpb_text_column us_custom_064d3121\"><div class=\"wpb_wrapper\"><p>Tak, aplikacja umo\u017cliwia p\u0142ynne zarz\u0105dzanie partiami i datami przydatno\u015bci do spo\u017cycia (BBD). Zapewnia ukierunkowane usuwanie zapas\u00f3w zgodnie z FIFO, FEFO lub innymi strategiami w celu zminimalizowania strat produkt\u00f3w.<\/p>\n<\/div><\/div><\/div><\/div><\/div><div class=\"w-tabs-section\" id=\"ff07\"><button class=\"w-tabs-section-header\" aria-controls=\"content-ff07\" aria-expanded=\"false\"><div class=\"w-tabs-section-title\">W jaki spos\u00f3b aplikacja magazynowa pomaga w optymalizacji zapas\u00f3w?<\/div><div class=\"w-tabs-section-control\"><\/div><\/button><div  class=\"w-tabs-section-content\" id=\"content-ff07\"><div class=\"w-tabs-section-content-h i-cf\"><div class=\"wpb_text_column us_custom_064d3121\"><div class=\"wpb_wrapper\"><p>Dzi\u0119ki inteligentnym prognozom i zautomatyzowanemu monitorowaniu stan\u00f3w magazynowych mo\u017cna unikn\u0105\u0107 nadmiaru lub niedoboru zapas\u00f3w. System sugeruje optymalne ilo\u015bci i czasy zam\u00f3wie\u0144, zmniejszaj\u0105c w ten spos\u00f3b koszty magazynowania.<\/p>\n<\/div><\/div><\/div><\/div><\/div><div class=\"w-tabs-section\" id=\"sf87\"><button class=\"w-tabs-section-header\" aria-controls=\"content-sf87\" aria-expanded=\"false\"><div class=\"w-tabs-section-title\">Czy aplikacja magazynowa mo\u017ce przeprowadza\u0107 automatyczne inwentaryzacje?<\/div><div class=\"w-tabs-section-control\"><\/div><\/button><div  class=\"w-tabs-section-content\" id=\"content-sf87\"><div class=\"w-tabs-section-content-h i-cf\"><div class=\"wpb_text_column us_custom_064d3121\"><div class=\"wpb_wrapper\"><p>Tak, aplikacja obs\u0142uguje sta\u0142\u0105 i cykliczn\u0105 inwentaryzacj\u0119 przy u\u017cyciu cyfrowej rejestracji i skaner\u00f3w mobilnych. Zmniejsza to wysi\u0142ek zwi\u0105zany z r\u0119cznym liczeniem i poprawia dok\u0142adno\u015b\u0107 stan\u00f3w magazynowych.<\/p>\n<\/div><\/div><\/div><\/div><\/div><\/div><\/div><div class=\"w-separator size_small\"><\/div><\/div><\/div><\/div><\/div><\/section>\n","protected":false},"excerpt":{"rendered":"[vc_custom_heading text=\"aplikacja callicon do zarz\u0105dzania magazynem\" font_container=\"tag:h1|font_size:2.6rem|text_align:left|color:%231D7B45\" use_theme_fonts=\"yes\"][vc_custom_heading text=\"Aplikacja do zarz\u0105dzania magazynem\" font_container=\"tag:h3|text_align:left\" use_theme_fonts=\"yes\"]Efektywna kontrola proces\u00f3w magazynowych Aplikacja magazynowa callicon pozwala centralnie kontrolowa\u0107 i monitorowa\u0107 wszystkie zapasy i procesy magazynowe. Korzystaj z elastycznego i wydajnego systemu zarz\u0105dzania i kontroli magazynu, kt\u00f3ry mo\u017ce by\u0107 u\u017cywany w wielu lokalizacjach. Zawsze masz wgl\u0105d w swoje zapasy i ruchy...","protected":false},"author":1,"featured_media":0,"parent":0,"menu_order":0,"comment_status":"closed","ping_status":"closed","template":"","meta":{"om_disable_all_campaigns":false,"_monsterinsights_skip_tracking":false,"_monsterinsights_sitenote_active":false,"_monsterinsights_sitenote_note":"","_monsterinsights_sitenote_category":0,"footnotes":""},"class_list":["post-10285","page","type-page","status-publish","hentry"],"aioseo_notices":[],"_links":{"self":[{"href":"https:\/\/callicon.de\/pl\/wp-json\/wp\/v2\/pages\/10285","targetHints":{"allow":["GET"]}}],"collection":[{"href":"https:\/\/callicon.de\/pl\/wp-json\/wp\/v2\/pages"}],"about":[{"href":"https:\/\/callicon.de\/pl\/wp-json\/wp\/v2\/types\/page"}],"author":[{"embeddable":true,"href":"https:\/\/callicon.de\/pl\/wp-json\/wp\/v2\/users\/1"}],"replies":[{"embeddable":true,"href":"https:\/\/callicon.de\/pl\/wp-json\/wp\/v2\/comments?post=10285"}],"version-history":[{"count":8,"href":"https:\/\/callicon.de\/pl\/wp-json\/wp\/v2\/pages\/10285\/revisions"}],"predecessor-version":[{"id":12227,"href":"https:\/\/callicon.de\/pl\/wp-json\/wp\/v2\/pages\/10285\/revisions\/12227"}],"wp:attachment":[{"href":"https:\/\/callicon.de\/pl\/wp-json\/wp\/v2\/media?parent=10285"}],"curies":[{"name":"wp","href":"https:\/\/api.w.org\/{rel}","templated":true}]}}