{"id":10290,"date":"2024-10-22T11:52:23","date_gmt":"2024-10-22T09:52:23","guid":{"rendered":"https:\/\/callicon.de\/prognoza-sprzedazy-ai\/"},"modified":"2025-03-14T16:18:36","modified_gmt":"2025-03-14T15:18:36","slug":"prognoza-sprzedazy-ai","status":"publish","type":"page","link":"https:\/\/callicon.de\/pl\/prognoza-sprzedazy-ai\/","title":{"rendered":"Prognoza SI"},"content":{"rendered":"<section class=\"l-section wpb_row us_custom_681ed7c5 height_auto\"><div class=\"l-section-h i-cf\"><div class=\"g-cols vc_row via_grid cols_1 laptops-cols_inherit tablets-cols_inherit mobiles-cols_1 valign_top type_default stacking_default\"><div class=\"wpb_column vc_column_container\"><div class=\"vc_column-inner\"><div class=\"w-separator size_small\"><\/div><div class=\"w-separator size_medium\"><\/div>[vc_custom_heading text=&#8221;callicon SI-Portal Prognozy&#8221; font_container=&#8221;tag:h1|font_size:2.8rem|text_align:left|color:%231D7B45&#8243; use_theme_fonts=&#8221;yes&#8221;]<div class=\"w-separator size_medium\"><\/div><div class=\"g-cols wpb_row via_grid cols_1-3 laptops-cols_inherit tablets-cols_inherit mobiles-cols_1 valign_top type_default stacking_default\" style=\"--columns-gap:3rem;\"><div class=\"wpb_column vc_column_container\"><div class=\"vc_column-inner\"><div class=\"w-image align_left\"><div class=\"w-image-h\"><img decoding=\"async\" width=\"400\" height=\"479\" src=\"https:\/\/callicon.de\/wp-content\/uploads\/2025\/01\/PL_Absatzprognose@2x.png\" class=\"attachment-full size-full\" alt=\"\" loading=\"lazy\" srcset=\"https:\/\/callicon.de\/wp-content\/uploads\/2025\/01\/PL_Absatzprognose@2x.png 400w, https:\/\/callicon.de\/wp-content\/uploads\/2025\/01\/PL_Absatzprognose@2x-251x300.png 251w\" sizes=\"auto, (max-width: 400px) 100vw, 400px\" \/><\/div><\/div><\/div><\/div><div class=\"wpb_column vc_column_container\"><div class=\"vc_column-inner\"><div class=\"wpb_text_column\"><div class=\"wpb_wrapper\"><h4><strong>Zyskaj bezpiecze\u0144stwo planowania ekonomicznego<\/strong><\/h4>\n<p>Portal SI Prognozy wykorzystuje sztuczn\u0105 inteligencj\u0119 do wiarygodnego prognozowania wynik\u00f3w sprzeda\u017cy. <span>W ten spos\u00f3b portal AI wspiera i usprawnia zar\u00f3wno planowanie, jak i harmonogramowanie. <\/span>Analizuj\u0105c historyczne dane sprzeda\u017cy, trendy rynkowe i czynniki zewn\u0119trzne, takie jak pogoda, wydarzenia i wahania sezonowe, portal umo\u017cliwia precyzyjne przewidywanie przysz\u0142ych wielko\u015bci sprzeda\u017cy. Pozwala to na perfekcyjne przygotowanie, optymalizacj\u0119 zapas\u00f3w i planowanie szczyt\u00f3w popytu na wczesnym etapie. Analiza danych w czasie rzeczywistym oznacza, \u017ce zawsze jeste\u015b na bie\u017c\u0105co i mo\u017cesz elastycznie reagowa\u0107 na spontaniczne zmiany na rynku. Mniejsze zapasy ze zoptymalizowan\u0105 dat\u0105 przydatno\u015bci do spo\u017cycia i gwarantowan\u0105 dost\u0119pno\u015bci\u0105 nie tylko oszcz\u0119dzaj\u0105 koszty, ale tak\u017ce zwi\u0119kszaj\u0105 \u015bwie\u017co\u015b\u0107 produkt\u00f3w dla klient\u00f3w.<\/p>\n<\/div><\/div><\/div><\/div><\/div><div class=\"w-separator size_medium\"><\/div><\/div><\/div><div class=\"wpb_column vc_column_container\"><div class=\"vc_column-inner\"><\/div><\/div><\/div><\/div><\/section><section class=\"l-section wpb_row us_custom_681ed7c5 height_custom\"><div class=\"l-section-h i-cf\"><div class=\"g-cols vc_row via_grid cols_1 laptops-cols_inherit tablets-cols_inherit mobiles-cols_1 valign_top type_default stacking_default\"><div class=\"wpb_column vc_column_container\"><div class=\"vc_column-inner\"><div class=\"g-cols wpb_row via_grid cols_3 laptops-cols_inherit tablets-cols_inherit mobiles-cols_1 valign_top type_default stacking_default\" style=\"--columns-gap:3rem;\"><div class=\"wpb_column vc_column_container us_custom_11e40cd8 has_bg_color\"><div class=\"vc_column-inner\"><div class=\"wpb_text_column\"><div class=\"wpb_wrapper\"><h4 style=\"text-align: center;\">Precyzyjne prognozy wielko\u015bci sprzeda\u017cy<\/h4>\n<\/div><\/div><\/div><\/div><div class=\"wpb_column vc_column_container us_custom_11e40cd8 has_bg_color\"><div class=\"vc_column-inner\"><div class=\"wpb_text_column\"><div class=\"wpb_wrapper\"><h4 style=\"text-align: center;\">Konsekwentne wykorzystywanie szans sprzeda\u017cy<\/h4>\n<\/div><\/div><\/div><\/div><div class=\"wpb_column vc_column_container us_custom_11e40cd8 has_bg_color\"><div class=\"vc_column-inner\"><div class=\"wpb_text_column\"><div class=\"wpb_wrapper\"><h4 style=\"text-align: center;\">Szybka reakcja dzi\u0119ki danym w czasie rzeczywistym<\/h4>\n<\/div><\/div><\/div><\/div><\/div><div class=\"w-separator size_small\"><\/div><\/div><\/div><\/div><\/div><\/section><section class=\"l-section wpb_row us_custom_1ea44603 height_small\"><div class=\"l-section-h i-cf\"><div class=\"g-cols vc_row via_grid cols_4-1 laptops-cols_inherit tablets-cols_inherit mobiles-cols_1 valign_top type_default stacking_default\"><div class=\"wpb_column vc_column_container\"><div class=\"vc_column-inner\"><div class=\"w-separator size_small\"><\/div><div class=\"wpb_text_column us_custom_6df4bc3a has_text_color\"><div class=\"wpb_wrapper\"><h6>Wykorzystaj mo\u017cliwo\u015bci aplikacji SI dla bran\u017cy spo\u017cywczej!<br \/>\nDzi\u0119ki niestandardowym rozwi\u0105zaniom callicon.<\/h6>\n<\/div><\/div><\/div><\/div><div class=\"wpb_column vc_column_container\"><div class=\"vc_column-inner\"><div class=\"w-separator size_custom\" style=\"height:20px\"><\/div><div class=\"w-popup w-btn-wrapper align_center\"><button class=\"w-popup-trigger type_btn w-btn us-btn-style_29\" aria-label=\"Skontaktuj si\u0119 z nami ju\u017c teraz!\" type=\"button\"><span class=\"w-btn-label\">Skontaktuj si\u0119 z nami ju\u017c teraz!<\/span><\/button><div class=\"w-popup-overlay\" style=\"background:rgba(0,0,0,0.10);\"><\/div><div class=\"w-popup-wrap layout_default\" role=\"dialog\" aria-modal=\"true\" aria-label=\"Okienko popup\" style=\"--title-color:var(--color-content-heading);--title-bg-color:var(--color-content-bg-alt);--content-color:var(--color-content-text);--content-bg-color:var(--color-content-bg);--popup-border-radius:15px;--popup-width:600px;--popup-padding:5%;\"><div class=\"w-popup-box animation_slideTop closerpos_inside without_title\"><div class=\"w-popup-box-h\"><button aria-label=\"Zamknij\" class=\"w-popup-closer\" type=\"button\"><\/button><div class=\"w-popup-box-content\"><p><p class=\"wpcf7-contact-form-not-found\"><strong>B\u0142\u0105d:<\/strong> Brak formularza kontaktowego.<\/p><\/p>\n<\/div><\/div><\/div><\/div><\/div><\/div><\/div><\/div><\/div><\/section><section class=\"l-section wpb_row height_custom\"><div class=\"l-section-h i-cf\"><div class=\"g-cols vc_row via_grid cols_1 laptops-cols_inherit tablets-cols_inherit mobiles-cols_1 valign_top type_default stacking_default\"><div class=\"wpb_column vc_column_container\"><div class=\"vc_column-inner\"><div class=\"wpb_text_column\"><div class=\"wpb_wrapper\"><p><span style=\"font-size: 20px; color: #1a1a1a;\"><span style=\"color: #1d7b45;\">FAQ&#8217;s<\/span><br \/>\n<\/span><\/p>\n<\/div><\/div><div class=\"w-separator size_small\"><\/div><div class=\"wpb_text_column\"><div class=\"wpb_wrapper\"><h3>Cz\u0119sto zadawane pytania dotycz\u0105ce portalu SI Prognozy<\/h3>\n<\/div><\/div><div class=\"w-separator size_medium\"><\/div><div class=\"w-tabs style_default switch_click accordion remove_indents\" style=\"--sections-title-size:1.0rem\"><div class=\"w-tabs-sections titles-align_none icon_chevron cpos_right\"><div class=\"w-tabs-section\" id=\"vf4c\"><button class=\"w-tabs-section-header\" aria-controls=\"content-vf4c\" aria-expanded=\"false\"><div class=\"w-tabs-section-title\">Jak dzia\u0142a portal SI Prognozy?<\/div><div class=\"w-tabs-section-control\"><\/div><\/button><div  class=\"w-tabs-section-content\" id=\"content-vf4c\"><div class=\"w-tabs-section-content-h i-cf\"><div class=\"wpb_text_column\"><div class=\"wpb_wrapper\"><p><strong>Portal wykorzystuje sztuczn\u0105 inteligencj\u0119 do analizy historycznych danych sprzeda\u017cowych, trend\u00f3w rynkowych i czynnik\u00f3w zewn\u0119trznych, takich jak pogoda, wydarzenia i wahania sezonowe. Umo\u017cliwia to tworzenie precyzyjnych prognoz przysz\u0142ych wielko\u015bci sprzeda\u017cy. <\/strong><\/p>\n<\/div><\/div><\/div><\/div><\/div><div class=\"w-tabs-section has_text_color\" id=\"efe5\" style=\"color:#333333;\"><button class=\"w-tabs-section-header\" aria-controls=\"content-efe5\" aria-expanded=\"false\"><div class=\"w-tabs-section-title\">Jakie korzy\u015bci portal oferuje mojej firmie?<\/div><div class=\"w-tabs-section-control\"><\/div><\/button><div  class=\"w-tabs-section-content\" id=\"content-efe5\"><div class=\"w-tabs-section-content-h i-cf\"><div class=\"wpb_text_column us_custom_95ebd667 has_text_color\"><div class=\"wpb_wrapper\"><p><strong>Dzi\u0119ki portalowi mo\u017cna zoptymalizowa\u0107 zapasy, zaplanowa\u0107 szczyty popytu na wczesnym etapie, zmniejszy\u0107 koszty przechowywania i jednocze\u015bnie poprawi\u0107 \u015bwie\u017co\u015b\u0107 produkt\u00f3w. Pomaga to unikn\u0105\u0107 nadmiernych zapas\u00f3w i zapewni\u0107 dost\u0119pno\u015b\u0107. <\/strong><\/p>\n<\/div><\/div><\/div><\/div><\/div><div class=\"w-tabs-section\" id=\"e06a\"><button class=\"w-tabs-section-header\" aria-controls=\"content-e06a\" aria-expanded=\"false\"><div class=\"w-tabs-section-title\">Czy portal mo\u017ce spontanicznie reagowa\u0107 na zmiany rynkowe?<\/div><div class=\"w-tabs-section-control\"><\/div><\/button><div  class=\"w-tabs-section-content\" id=\"content-e06a\"><div class=\"w-tabs-section-content-h i-cf\"><div class=\"wpb_text_column\"><div class=\"wpb_wrapper\"><p><strong>Tak, analiza danych w czasie rzeczywistym pozwala szybko reagowa\u0107 na nieprzewidziane zmiany i elastycznie dostosowywa\u0107 strategie sprzeda\u017cy.<\/strong><\/p>\n<\/div><\/div><\/div><\/div><\/div><div class=\"w-tabs-section\" id=\"b0e1\"><button class=\"w-tabs-section-header\" aria-controls=\"content-b0e1\" aria-expanded=\"false\"><div class=\"w-tabs-section-title\">Dla jakich firm przeznaczony jest portal?<\/div><div class=\"w-tabs-section-control\"><\/div><\/button><div  class=\"w-tabs-section-content\" id=\"content-b0e1\"><div class=\"w-tabs-section-content-h i-cf\"><div class=\"wpb_text_column\"><div class=\"wpb_wrapper\"><p><strong>Portal jest idealny dla wszystkich firm z bran\u017cy spo\u017cywczej, kt\u00f3re chc\u0105 dok\u0142adnie prognozowa\u0107 wyniki sprzeda\u017cy i efektywniej organizowa\u0107 swoje magazyny &#8211; niezale\u017cnie od wielko\u015bci firmy.<\/strong><\/p>\n<\/div><\/div><\/div><\/div><\/div><div class=\"w-tabs-section\" id=\"b157\"><button class=\"w-tabs-section-header\" aria-controls=\"content-b157\" aria-expanded=\"false\"><div class=\"w-tabs-section-title\">Jak skomplikowane jest wdro\u017cenie portalu?<\/div><div class=\"w-tabs-section-control\"><\/div><\/button><div  class=\"w-tabs-section-content\" id=\"content-b157\"><div class=\"w-tabs-section-content-h i-cf\"><div class=\"wpb_text_column\"><div class=\"wpb_wrapper\"><p><strong>Wdro\u017cenie jest proste. Nasze rozwi\u0105zanie p\u0142ynnie integruje si\u0119 z istniej\u0105cymi systemami i oferuje kompleksowe wsparcie i szkolenia, aby u\u0142atwi\u0107 korzystanie z niego. <\/strong><\/p>\n<\/div><\/div><\/div><\/div><\/div><\/div><\/div><div class=\"w-separator size_small\"><\/div><\/div><\/div><\/div><\/div><\/section>\n","protected":false},"excerpt":{"rendered":"[vc_custom_heading text=\"callicon SI-Portal Prognozy\" font_container=\"tag:h1|font_size:2.8rem|text_align:left|color:%231D7B45\" use_theme_fonts=\"yes\"]Zyskaj bezpiecze\u0144stwo planowania ekonomicznego Portal SI Prognozy wykorzystuje sztuczn\u0105 inteligencj\u0119 do wiarygodnego prognozowania wynik\u00f3w sprzeda\u017cy. W ten spos\u00f3b portal AI wspiera i usprawnia zar\u00f3wno planowanie, jak i harmonogramowanie. Analizuj\u0105c historyczne dane sprzeda\u017cy, trendy rynkowe i czynniki zewn\u0119trzne, takie jak pogoda, wydarzenia i wahania sezonowe, portal umo\u017cliwia precyzyjne przewidywanie przysz\u0142ych wielko\u015bci...","protected":false},"author":1,"featured_media":0,"parent":0,"menu_order":0,"comment_status":"closed","ping_status":"closed","template":"","meta":{"om_disable_all_campaigns":false,"_monsterinsights_skip_tracking":false,"_monsterinsights_sitenote_active":false,"_monsterinsights_sitenote_note":"","_monsterinsights_sitenote_category":0,"footnotes":""},"class_list":["post-10290","page","type-page","status-publish","hentry"],"aioseo_notices":[],"_links":{"self":[{"href":"https:\/\/callicon.de\/pl\/wp-json\/wp\/v2\/pages\/10290","targetHints":{"allow":["GET"]}}],"collection":[{"href":"https:\/\/callicon.de\/pl\/wp-json\/wp\/v2\/pages"}],"about":[{"href":"https:\/\/callicon.de\/pl\/wp-json\/wp\/v2\/types\/page"}],"author":[{"embeddable":true,"href":"https:\/\/callicon.de\/pl\/wp-json\/wp\/v2\/users\/1"}],"replies":[{"embeddable":true,"href":"https:\/\/callicon.de\/pl\/wp-json\/wp\/v2\/comments?post=10290"}],"version-history":[{"count":10,"href":"https:\/\/callicon.de\/pl\/wp-json\/wp\/v2\/pages\/10290\/revisions"}],"predecessor-version":[{"id":12557,"href":"https:\/\/callicon.de\/pl\/wp-json\/wp\/v2\/pages\/10290\/revisions\/12557"}],"wp:attachment":[{"href":"https:\/\/callicon.de\/pl\/wp-json\/wp\/v2\/media?parent=10290"}],"curies":[{"name":"wp","href":"https:\/\/api.w.org\/{rel}","templated":true}]}}