{"id":10293,"date":"2024-10-21T10:07:20","date_gmt":"2024-10-21T08:07:20","guid":{"rendered":"https:\/\/callicon.de\/sprzedaz\/"},"modified":"2025-02-04T19:35:34","modified_gmt":"2025-02-04T18:35:34","slug":"sprzedaz","status":"publish","type":"page","link":"https:\/\/callicon.de\/pl\/sprzedaz\/","title":{"rendered":"Sprzeda\u017c"},"content":{"rendered":"<section class=\"l-section wpb_row us_custom_681ed7c5 height_auto\"><div class=\"l-section-h i-cf\"><div class=\"g-cols vc_row via_grid cols_1 laptops-cols_inherit tablets-cols_inherit mobiles-cols_1 valign_top type_default stacking_default\"><div class=\"wpb_column vc_column_container\"><div class=\"vc_column-inner\"><div class=\"w-separator size_small\"><\/div><div class=\"w-separator size_medium\"><\/div>[vc_custom_heading text=&#8221;callicon App Sprzeda\u017c&#8221; font_container=&#8221;tag:h1|font_size:2.6rem|text_align:left|color:%231D7B45&#8243; use_theme_fonts=&#8221;yes&#8221;]<div class=\"w-separator size_medium\"><\/div><div class=\"g-cols wpb_row via_grid cols_1-3 laptops-cols_inherit tablets-cols_inherit mobiles-cols_1 valign_top type_default stacking_default\" style=\"--columns-gap:3rem;\"><div class=\"wpb_column vc_column_container\"><div class=\"vc_column-inner\"><div class=\"w-image align_left\"><div class=\"w-image-h\"><img decoding=\"async\" width=\"400\" height=\"479\" src=\"https:\/\/callicon.de\/wp-content\/uploads\/2025\/01\/PL_Verkauf_x2.png\" class=\"attachment-full size-full\" alt=\"\" loading=\"lazy\" srcset=\"https:\/\/callicon.de\/wp-content\/uploads\/2025\/01\/PL_Verkauf_x2.png 400w, https:\/\/callicon.de\/wp-content\/uploads\/2025\/01\/PL_Verkauf_x2-251x300.png 251w\" sizes=\"auto, (max-width: 400px) 100vw, 400px\" \/><\/div><\/div><\/div><\/div><div class=\"wpb_column vc_column_container\"><div class=\"vc_column-inner\">[vc_custom_heading text=&#8221;Aplikacja Sprzeda\u017c&#8221; font_container=&#8221;tag:h3|text_align:left&#8221; use_theme_fonts=&#8221;yes&#8221;]<div class=\"wpb_text_column\"><div class=\"wpb_wrapper\"><h4>Konsekwentne wykorzystywanie potencja\u0142u w sprzeda\u017cy<\/h4>\n<p>Dzi\u0119ki aplikacji sprzeda\u017cowej Callicon mo\u017cesz optymalnie wykorzysta\u0107 potencja\u0142, mie\u0107 oko na wszystkie dane klient\u00f3w przez ca\u0142y czas i centralnie kontrolowa\u0107 wszystkie procesy sprzeda\u017cy. Korzystaj z elastycznego i wydajnego oprogramowania, kt\u00f3re mo\u017cna dostosowa\u0107 do indywidualnych wymaga\u0144. Aplikacja obejmuje wszystkie istotne etapy, w tym kompletacj\u0119 zam\u00f3wie\u0144, e-fakturowanie i eksport danych do system\u00f3w rachunkowo\u015bci finansowej, takich jak DATEV i Diamant.<\/p>\n<\/div><\/div><\/div><\/div><\/div><div class=\"w-separator size_huge\"><\/div><\/div><\/div><\/div><\/div><\/section><section class=\"l-section wpb_row us_custom_1ea44603 height_small\"><div class=\"l-section-h i-cf\"><div class=\"g-cols vc_row via_grid cols_4-1 laptops-cols_inherit tablets-cols_inherit mobiles-cols_1 valign_top type_default stacking_default\"><div class=\"wpb_column vc_column_container\"><div class=\"vc_column-inner\"><div class=\"w-separator size_small\"><\/div><div class=\"wpb_text_column us_custom_6df4bc3a has_text_color\"><div class=\"wpb_wrapper\"><h6>Wykorzystaj sw\u00f3j potencja\u0142, aby zwi\u0119kszy\u0107 wydajno\u015b\u0107 &#8211; dostosowan\u0105 do Twoich potrzeb!<br \/>\nZ osobistym pakietem aplikacji od callicon.<\/h6>\n<\/div><\/div><\/div><\/div><div class=\"wpb_column vc_column_container\"><div class=\"vc_column-inner\"><div class=\"w-separator size_custom\" style=\"height:20px\"><\/div><div class=\"w-popup w-btn-wrapper align_center\"><button class=\"w-popup-trigger type_btn w-btn us-btn-style_29\" aria-label=\"Skontaktuj si\u0119 z nami ju\u017c teraz!\" type=\"button\"><span class=\"w-btn-label\">Skontaktuj si\u0119 z nami ju\u017c teraz!<\/span><\/button><div class=\"w-popup-overlay\" style=\"background:rgba(0,0,0,0.10);\"><\/div><div class=\"w-popup-wrap layout_default\" role=\"dialog\" aria-modal=\"true\" aria-label=\"Okienko popup\" style=\"--title-color:var(--color-content-heading);--title-bg-color:var(--color-content-bg-alt);--content-color:var(--color-content-text);--content-bg-color:var(--color-content-bg);--popup-border-radius:15px;--popup-width:600px;--popup-padding:5%;\"><div class=\"w-popup-box animation_slideTop closerpos_inside without_title\"><div class=\"w-popup-box-h\"><button aria-label=\"Zamknij\" class=\"w-popup-closer\" type=\"button\"><\/button><div class=\"w-popup-box-content\"><p><p class=\"wpcf7-contact-form-not-found\"><strong>B\u0142\u0105d:<\/strong> Brak formularza kontaktowego.<\/p><\/p>\n<\/div><\/div><\/div><\/div><\/div><\/div><\/div><\/div><\/div><\/section><section class=\"l-section wpb_row height_custom\"><div class=\"l-section-h i-cf\"><div class=\"g-cols vc_row via_grid cols_1 laptops-cols_inherit tablets-cols_inherit mobiles-cols_1 valign_top type_default stacking_default\"><div class=\"wpb_column vc_column_container\"><div class=\"vc_column-inner\"><div class=\"wpb_text_column\"><div class=\"wpb_wrapper\"><p><span style=\"font-size: 20px; color: #1a1a1a;\"><span style=\"color: #1d7b45;\">FAQ&#8217;s<\/span><br \/>\n<\/span><\/p>\n<\/div><\/div><div class=\"w-separator size_small\"><\/div><div class=\"wpb_text_column\"><div class=\"wpb_wrapper\"><h3>Cz\u0119sto zadawane pytania dotycz\u0105ce aplikacji sprzeda\u017cowej<\/h3>\n<\/div><\/div><div class=\"w-separator size_medium\"><\/div><div class=\"w-tabs style_default switch_click accordion remove_indents\" style=\"--sections-title-size:1.0rem\"><div class=\"w-tabs-sections titles-align_none icon_chevron cpos_right\"><div class=\"w-tabs-section\" id=\"b4fc\"><button class=\"w-tabs-section-header\" aria-controls=\"content-b4fc\" aria-expanded=\"false\"><div class=\"w-tabs-section-title\">Jakie procesy obejmuje aplikacja w zarz\u0105dzaniu sprzeda\u017c\u0105?<\/div><div class=\"w-tabs-section-control\"><\/div><\/button><div  class=\"w-tabs-section-content\" id=\"content-b4fc\"><div class=\"w-tabs-section-content-h i-cf\"><div class=\"wpb_text_column us_custom_064d3121\"><div class=\"wpb_wrapper\"><p>Aplikacja obejmuje ca\u0142y \u0142a\u0144cuch proces\u00f3w: od tworzenia ofert, zarz\u0105dzania cenami i warunkami, wprowadzania zam\u00f3wie\u0144, przetwarzania zam\u00f3wie\u0144, kompletacji zam\u00f3wie\u0144 i wysy\u0142ki, a\u017c po fakturowanie, e-fakturowanie, monitowanie i po\u0142\u0105czenie z ksi\u0119gowo\u015bci\u0105 finansow\u0105.<\/p>\n<\/div><\/div><\/div><\/div><\/div><div class=\"w-tabs-section\" id=\"n585\"><button class=\"w-tabs-section-header\" aria-controls=\"content-n585\" aria-expanded=\"false\"><div class=\"w-tabs-section-title\">W jaki spos\u00f3b aplikacja pomaga w zarz\u0105dzaniu cenami i warunkami?<\/div><div class=\"w-tabs-section-control\"><\/div><\/button><div  class=\"w-tabs-section-content\" id=\"content-n585\"><div class=\"w-tabs-section-content-h i-cf\"><div class=\"wpb_text_column us_custom_064d3121\"><div class=\"wpb_wrapper\"><p>Aplikacja umo\u017cliwia scentralizowane zarz\u0105dzanie cennikami, rabatami i indywidualnymi warunkami dla klient\u00f3w. Zmiany mog\u0105 by\u0107 wprowadzane elastycznie, a aktualne ceny s\u0105 dost\u0119pne w czasie rzeczywistym.<\/p>\n<\/div><\/div><\/div><\/div><\/div><div class=\"w-tabs-section\" id=\"x611\"><button class=\"w-tabs-section-header\" aria-controls=\"content-x611\" aria-expanded=\"false\"><div class=\"w-tabs-section-title\">Czy aplikacja jest kompatybilna z programami finansowo-ksi\u0119gowymi?<\/div><div class=\"w-tabs-section-control\"><\/div><\/button><div  class=\"w-tabs-section-content\" id=\"content-x611\"><div class=\"w-tabs-section-content-h i-cf\"><div class=\"wpb_text_column us_custom_064d3121\"><div class=\"wpb_wrapper\"><p>Tak, aplikacja posiada interfejsy do popularnych system\u00f3w finansowo-ksi\u0119gowych, umo\u017cliwiaj\u0105c p\u0142ynne przesy\u0142anie danych faktur i p\u0142atno\u015bci.<\/p>\n<\/div><\/div><\/div><\/div><\/div><div class=\"w-tabs-section\" id=\"k692\"><button class=\"w-tabs-section-header\" aria-controls=\"content-k692\" aria-expanded=\"false\"><div class=\"w-tabs-section-title\">Jakie korzy\u015bci oferuje funkcja e-faktury?<\/div><div class=\"w-tabs-section-control\"><\/div><\/button><div  class=\"w-tabs-section-content\" id=\"content-k692\"><div class=\"w-tabs-section-content-h i-cf\"><div class=\"wpb_text_column us_custom_064d3121\"><div class=\"wpb_wrapper\"><p>Dzi\u0119ki funkcji e-faktury, faktury mog\u0105 by\u0107 tworzone cyfrowo i wysy\u0142ane bezpo\u015brednio do klient\u00f3w. Oszcz\u0119dza to czas, ogranicza formalno\u015bci i u\u0142atwia zachowanie zgodno\u015bci z wymogami prawnymi.<\/p>\n<\/div><\/div><\/div><\/div><\/div><div class=\"w-tabs-section\" id=\"w709\"><button class=\"w-tabs-section-header\" aria-controls=\"content-w709\" aria-expanded=\"false\"><div class=\"w-tabs-section-title\">Czy aplikacja mo\u017ce r\u00f3wnie\u017c zautomatyzowa\u0107 proces monitowania?<\/div><div class=\"w-tabs-section-control\"><\/div><\/button><div  class=\"w-tabs-section-content\" id=\"content-w709\"><div class=\"w-tabs-section-content-h i-cf\"><div class=\"wpb_text_column us_custom_064d3121\"><div class=\"wpb_wrapper\"><p>Tak, aplikacja obs\u0142uguje zautomatyzowany proces monitowania, kt\u00f3ry indywidualnie definiuje i niezawodnie wdra\u017ca poziomy monitowania, terminy i przypomnienia o p\u0142atno\u015bciach.<\/p>\n<\/div><\/div><\/div><\/div><\/div><\/div><\/div><div class=\"w-separator size_small\"><\/div><\/div><\/div><\/div><\/div><\/section>\n","protected":false},"excerpt":{"rendered":"[vc_custom_heading text=\"callicon App Sprzeda\u017c\" font_container=\"tag:h1|font_size:2.6rem|text_align:left|color:%231D7B45\" use_theme_fonts=\"yes\"][vc_custom_heading text=\"Aplikacja Sprzeda\u017c\" font_container=\"tag:h3|text_align:left\" use_theme_fonts=\"yes\"]Konsekwentne wykorzystywanie potencja\u0142u w sprzeda\u017cy Dzi\u0119ki aplikacji sprzeda\u017cowej Callicon mo\u017cesz optymalnie wykorzysta\u0107 potencja\u0142, mie\u0107 oko na wszystkie dane klient\u00f3w przez ca\u0142y czas i centralnie kontrolowa\u0107 wszystkie procesy sprzeda\u017cy. Korzystaj z elastycznego i wydajnego oprogramowania, kt\u00f3re mo\u017cna dostosowa\u0107 do indywidualnych wymaga\u0144. Aplikacja obejmuje wszystkie istotne etapy, w...","protected":false},"author":1,"featured_media":0,"parent":0,"menu_order":0,"comment_status":"closed","ping_status":"closed","template":"","meta":{"om_disable_all_campaigns":false,"_monsterinsights_skip_tracking":false,"_monsterinsights_sitenote_active":false,"_monsterinsights_sitenote_note":"","_monsterinsights_sitenote_category":0,"footnotes":""},"class_list":["post-10293","page","type-page","status-publish","hentry"],"aioseo_notices":[],"_links":{"self":[{"href":"https:\/\/callicon.de\/pl\/wp-json\/wp\/v2\/pages\/10293","targetHints":{"allow":["GET"]}}],"collection":[{"href":"https:\/\/callicon.de\/pl\/wp-json\/wp\/v2\/pages"}],"about":[{"href":"https:\/\/callicon.de\/pl\/wp-json\/wp\/v2\/types\/page"}],"author":[{"embeddable":true,"href":"https:\/\/callicon.de\/pl\/wp-json\/wp\/v2\/users\/1"}],"replies":[{"embeddable":true,"href":"https:\/\/callicon.de\/pl\/wp-json\/wp\/v2\/comments?post=10293"}],"version-history":[{"count":10,"href":"https:\/\/callicon.de\/pl\/wp-json\/wp\/v2\/pages\/10293\/revisions"}],"predecessor-version":[{"id":12440,"href":"https:\/\/callicon.de\/pl\/wp-json\/wp\/v2\/pages\/10293\/revisions\/12440"}],"wp:attachment":[{"href":"https:\/\/callicon.de\/pl\/wp-json\/wp\/v2\/media?parent=10293"}],"curies":[{"name":"wp","href":"https:\/\/api.w.org\/{rel}","templated":true}]}}