{"id":10305,"date":"2024-10-15T20:25:47","date_gmt":"2024-10-15T18:25:47","guid":{"rendered":"https:\/\/callicon.de\/zakupy\/"},"modified":"2025-02-02T17:02:39","modified_gmt":"2025-02-02T16:02:39","slug":"zakupy","status":"publish","type":"page","link":"https:\/\/callicon.de\/pl\/zakupy\/","title":{"rendered":"Zakupy"},"content":{"rendered":"<section class=\"l-section wpb_row us_custom_681ed7c5 height_auto\"><div class=\"l-section-h i-cf\"><div class=\"g-cols vc_row via_grid cols_1 laptops-cols_inherit tablets-cols_inherit mobiles-cols_1 valign_top type_default stacking_default\"><div class=\"wpb_column vc_column_container\"><div class=\"vc_column-inner\"><div class=\"w-separator size_small\"><\/div><div class=\"w-separator size_medium\"><\/div>[vc_custom_heading text=&#8221;callicon App Zakupy&#8221; font_container=&#8221;tag:h1|font_size:2.6rem|text_align:left|color:%231D7B45&#8243; use_theme_fonts=&#8221;yes&#8221;]<div class=\"w-separator size_medium\"><\/div><div class=\"g-cols wpb_row via_grid cols_1-3 laptops-cols_inherit tablets-cols_inherit mobiles-cols_1 valign_top type_default stacking_default\" style=\"--columns-gap:3rem;\"><div class=\"wpb_column vc_column_container\"><div class=\"vc_column-inner\"><div class=\"w-image align_left\"><div class=\"w-image-h\"><img decoding=\"async\" width=\"400\" height=\"479\" src=\"https:\/\/callicon.de\/wp-content\/uploads\/2025\/01\/PL_Einkauf_x2.png\" class=\"attachment-full size-full\" alt=\"\" loading=\"lazy\" srcset=\"https:\/\/callicon.de\/wp-content\/uploads\/2025\/01\/PL_Einkauf_x2.png 400w, https:\/\/callicon.de\/wp-content\/uploads\/2025\/01\/PL_Einkauf_x2-251x300.png 251w\" sizes=\"auto, (max-width: 400px) 100vw, 400px\" \/><\/div><\/div><\/div><\/div><div class=\"wpb_column vc_column_container\"><div class=\"vc_column-inner\">[vc_custom_heading text=&#8221;Aplikacja do zakup\u00f3w&#8221; font_container=&#8221;tag:h3|text_align:left&#8221; use_theme_fonts=&#8221;yes&#8221;]<div class=\"wpb_text_column\"><div class=\"wpb_wrapper\"><h4>Zoptymalizowany proces zaopatrzenia<\/h4>\n<p>Kontroluj ca\u0142y proces zaopatrzenia w spos\u00f3b wydajny i zoptymalizowany pod wzgl\u0119dem koszt\u00f3w, od zakup\u00f3w strategicznych po zarz\u0105dzanie ofertami i kontrol\u0119 faktur. Nasze oprogramowanie umo\u017cliwia nabywanie towar\u00f3w na czas, w po\u017c\u0105danej jako\u015bci i w optymalnej cenie. Skorzystaj z zalet zautomatyzowanych standardowych proces\u00f3w, takich jak kompleksowe zarz\u0105dzanie dokumentami.<\/p>\n<\/div><\/div><\/div><\/div><\/div><div class=\"w-separator size_huge\"><\/div><\/div><\/div><\/div><\/div><\/section><section class=\"l-section wpb_row us_custom_1ea44603 height_small\"><div class=\"l-section-h i-cf\"><div class=\"g-cols vc_row via_grid cols_4-1 laptops-cols_inherit tablets-cols_inherit mobiles-cols_1 valign_top type_default stacking_default\"><div class=\"wpb_column vc_column_container\"><div class=\"vc_column-inner\"><div class=\"w-separator size_small\"><\/div><div class=\"wpb_text_column us_custom_6df4bc3a has_text_color\"><div class=\"wpb_wrapper\"><h6>Wykorzystaj sw\u00f3j potencja\u0142, aby zwi\u0119kszy\u0107 wydajno\u015b\u0107 &#8211; dostosowan\u0105 do Twoich potrzeb! Z osobistym pakietem aplikacji od callicon.<\/h6>\n<\/div><\/div><\/div><\/div><div class=\"wpb_column vc_column_container\"><div class=\"vc_column-inner\"><div class=\"w-separator size_custom\" style=\"height:20px\"><\/div><div class=\"w-popup w-btn-wrapper align_center\"><button class=\"w-popup-trigger type_btn w-btn us-btn-style_29\" aria-label=\"Skontaktuj si\u0119 z nami ju\u017c teraz!\" type=\"button\"><span class=\"w-btn-label\">Skontaktuj si\u0119 z nami ju\u017c teraz!<\/span><\/button><div class=\"w-popup-overlay\" style=\"background:rgba(0,0,0,0.10);\"><\/div><div class=\"w-popup-wrap layout_default\" role=\"dialog\" aria-modal=\"true\" aria-label=\"Okienko popup\" style=\"--title-color:var(--color-content-heading);--title-bg-color:var(--color-content-bg-alt);--content-color:var(--color-content-text);--content-bg-color:var(--color-content-bg);--popup-border-radius:15px;--popup-width:600px;--popup-padding:5%;\"><div class=\"w-popup-box animation_slideTop closerpos_inside without_title\"><div class=\"w-popup-box-h\"><button aria-label=\"Zamknij\" class=\"w-popup-closer\" type=\"button\"><\/button><div class=\"w-popup-box-content\"><p><p class=\"wpcf7-contact-form-not-found\"><strong>B\u0142\u0105d:<\/strong> Brak formularza kontaktowego.<\/p><\/p>\n<\/div><\/div><\/div><\/div><\/div><\/div><\/div><\/div><\/div><\/section><section class=\"l-section wpb_row height_custom\"><div class=\"l-section-h i-cf\"><div class=\"g-cols vc_row via_grid cols_1 laptops-cols_inherit tablets-cols_inherit mobiles-cols_1 valign_top type_default stacking_default\"><div class=\"wpb_column vc_column_container\"><div class=\"vc_column-inner\"><div class=\"wpb_text_column\"><div class=\"wpb_wrapper\"><p><span style=\"font-size: 20px; color: #1a1a1a;\"><span style=\"color: #1d7b45;\">Najcz\u0119\u015bciej zadawane pytania<\/span><br \/>\n<\/span><\/p>\n<\/div><\/div><div class=\"w-separator size_small\"><\/div><div class=\"wpb_text_column\"><div class=\"wpb_wrapper\"><h3>Cz\u0119sto zadawane pytania dotycz\u0105ce aplikacji zakupowej<\/h3>\n<\/div><\/div><div class=\"w-separator size_medium\"><\/div><div class=\"w-tabs style_default switch_click accordion remove_indents\" style=\"--sections-title-size:1.0rem\"><div class=\"w-tabs-sections titles-align_none icon_chevron cpos_right\"><div class=\"w-tabs-section\" id=\"w411\"><button class=\"w-tabs-section-header\" aria-controls=\"content-w411\" aria-expanded=\"false\"><div class=\"w-tabs-section-title\">Kt\u00f3re etapy procesu zam\u00f3wie\u0144 s\u0105 obj\u0119te aplikacj\u0105?<\/div><div class=\"w-tabs-section-control\"><\/div><\/button><div  class=\"w-tabs-section-content\" id=\"content-w411\"><div class=\"w-tabs-section-content-h i-cf\"><div class=\"wpb_text_column us_custom_064d3121\"><div class=\"wpb_wrapper\"><p>Aplikacja obejmuje ca\u0142y proces zaopatrzenia &#8211; od zapytania dostawcy, zam\u00f3wienia, odbioru towar\u00f3w i kontroli jako\u015bci, a\u017c po rezerwacj\u0119 zapas\u00f3w, kontrol\u0119 faktur i zarz\u0105dzanie p\u0142atno\u015bciami.<\/p>\n<\/div><\/div><\/div><\/div><\/div><div class=\"w-tabs-section\" id=\"o5a0\"><button class=\"w-tabs-section-header\" aria-controls=\"content-o5a0\" aria-expanded=\"false\"><div class=\"w-tabs-section-title\">W jaki spos\u00f3b aplikacja wspiera zapewnienie jako\u015bci towar\u00f3w?<\/div><div class=\"w-tabs-section-control\"><\/div><\/button><div  class=\"w-tabs-section-content\" id=\"content-o5a0\"><div class=\"w-tabs-section-content-h i-cf\"><div class=\"wpb_text_column us_custom_064d3121\"><div class=\"wpb_wrapper\"><p>Aplikacja umo\u017cliwia zintegrowan\u0105 kontrol\u0119 jako\u015bci, w ramach kt\u00f3rej towary s\u0105 sprawdzane i dokumentowane po ich otrzymaniu. Pozwala to zagwarantowa\u0107, \u017ce do \u0142a\u0144cucha dostaw trafiaj\u0105 wy\u0142\u0105cznie produkty wolne od wad.<\/p>\n<\/div><\/div><\/div><\/div><\/div><div class=\"w-tabs-section\" id=\"r715\"><button class=\"w-tabs-section-header\" aria-controls=\"content-r715\" aria-expanded=\"false\"><div class=\"w-tabs-section-title\">Czy aplikacj\u0119 mo\u017cna zintegrowa\u0107 z istniej\u0105cymi systemami, takimi jak ERP?<\/div><div class=\"w-tabs-section-control\"><\/div><\/button><div  class=\"w-tabs-section-content\" id=\"content-r715\"><div class=\"w-tabs-section-content-h i-cf\"><div class=\"wpb_text_column us_custom_064d3121\"><div class=\"wpb_wrapper\"><p>Tak, aplikacja jest kompatybilna z systemami ERP i umo\u017cliwia bezproblemow\u0105 integracj\u0119 w celu zapewnienia p\u0142ynnego przep\u0142ywu danych mi\u0119dzy r\u00f3\u017cnymi obszarami firmy<\/p>\n<\/div><\/div><\/div><\/div><\/div><div class=\"w-tabs-section\" id=\"v891\"><button class=\"w-tabs-section-header\" aria-controls=\"content-v891\" aria-expanded=\"false\"><div class=\"w-tabs-section-title\">Jakie korzy\u015bci oferuje aplikacja do zarz\u0105dzania p\u0142atno\u015bciami?<\/div><div class=\"w-tabs-section-control\"><\/div><\/button><div  class=\"w-tabs-section-content\" id=\"content-v891\"><div class=\"w-tabs-section-content-h i-cf\"><div class=\"wpb_text_column us_custom_064d3121\"><div class=\"wpb_wrapper\"><p>Aplikacja zapewnia scentralizowany przegl\u0105d wszystkich faktur, ich statusu i termin\u00f3w p\u0142atno\u015bci. Pomaga to w dotrzymywaniu termin\u00f3w p\u0142atno\u015bci, wykorzystywaniu rabat\u00f3w i lepszym zarz\u0105dzaniu p\u0142ynno\u015bci\u0105.<\/p>\n<\/div><\/div><\/div><\/div><\/div><div class=\"w-tabs-section\" id=\"da03\"><button class=\"w-tabs-section-header\" aria-controls=\"content-da03\" aria-expanded=\"false\"><div class=\"w-tabs-section-title\">Czy aplikacja jest odpowiednia dla firm dowolnej wielko\u015bci?<\/div><div class=\"w-tabs-section-control\"><\/div><\/button><div  class=\"w-tabs-section-content\" id=\"content-da03\"><div class=\"w-tabs-section-content-h i-cf\"><div class=\"wpb_text_column us_custom_064d3121\"><div class=\"wpb_wrapper\"><p>Absolutnie! Aplikacja jest elastycznie skalowalna i dostosowuje si\u0119 do wymaga\u0144 zar\u00f3wno ma\u0142ych firm, jak i du\u017cych przedsi\u0119biorstw.<\/p>\n<\/div><\/div><\/div><\/div><\/div><\/div><\/div><div class=\"w-separator size_small\"><\/div><\/div><\/div><\/div><\/div><\/section>\n","protected":false},"excerpt":{"rendered":"[vc_custom_heading text=\"callicon App Zakupy\" font_container=\"tag:h1|font_size:2.6rem|text_align:left|color:%231D7B45\" use_theme_fonts=\"yes\"][vc_custom_heading text=\"Aplikacja do zakup\u00f3w\" font_container=\"tag:h3|text_align:left\" use_theme_fonts=\"yes\"]Zoptymalizowany proces zaopatrzenia Kontroluj ca\u0142y proces zaopatrzenia w spos\u00f3b wydajny i zoptymalizowany pod wzgl\u0119dem koszt\u00f3w, od zakup\u00f3w strategicznych po zarz\u0105dzanie ofertami i kontrol\u0119 faktur. Nasze oprogramowanie umo\u017cliwia nabywanie towar\u00f3w na czas, w po\u017c\u0105danej jako\u015bci i w optymalnej cenie. Skorzystaj z zalet zautomatyzowanych standardowych proces\u00f3w, takich...","protected":false},"author":1,"featured_media":0,"parent":0,"menu_order":0,"comment_status":"closed","ping_status":"closed","template":"","meta":{"om_disable_all_campaigns":false,"_monsterinsights_skip_tracking":false,"_monsterinsights_sitenote_active":false,"_monsterinsights_sitenote_note":"","_monsterinsights_sitenote_category":0,"footnotes":""},"class_list":["post-10305","page","type-page","status-publish","hentry"],"aioseo_notices":[],"_links":{"self":[{"href":"https:\/\/callicon.de\/pl\/wp-json\/wp\/v2\/pages\/10305","targetHints":{"allow":["GET"]}}],"collection":[{"href":"https:\/\/callicon.de\/pl\/wp-json\/wp\/v2\/pages"}],"about":[{"href":"https:\/\/callicon.de\/pl\/wp-json\/wp\/v2\/types\/page"}],"author":[{"embeddable":true,"href":"https:\/\/callicon.de\/pl\/wp-json\/wp\/v2\/users\/1"}],"replies":[{"embeddable":true,"href":"https:\/\/callicon.de\/pl\/wp-json\/wp\/v2\/comments?post=10305"}],"version-history":[{"count":10,"href":"https:\/\/callicon.de\/pl\/wp-json\/wp\/v2\/pages\/10305\/revisions"}],"predecessor-version":[{"id":12262,"href":"https:\/\/callicon.de\/pl\/wp-json\/wp\/v2\/pages\/10305\/revisions\/12262"}],"wp:attachment":[{"href":"https:\/\/callicon.de\/pl\/wp-json\/wp\/v2\/media?parent=10305"}],"curies":[{"name":"wp","href":"https:\/\/api.w.org\/{rel}","templated":true}]}}