{"id":10307,"date":"2024-10-15T19:04:03","date_gmt":"2024-10-15T17:04:03","guid":{"rendered":"https:\/\/callicon.de\/uslugi\/"},"modified":"2025-02-06T19:57:24","modified_gmt":"2025-02-06T18:57:24","slug":"uslugi","status":"publish","type":"page","link":"https:\/\/callicon.de\/pl\/uslugi\/","title":{"rendered":"Us\u0142ugi"},"content":{"rendered":"<section class=\"l-section wpb_row us_custom_f7ecab66 height_auto\"><div class=\"l-section-h i-cf\"><div class=\"g-cols vc_row via_grid cols_1 laptops-cols_inherit tablets-cols_inherit mobiles-cols_1 valign_top type_default stacking_default\" style=\"--columns-gap:1rem;\"><div class=\"wpb_column vc_column_container\"><div class=\"vc_column-inner\"><div class=\"w-separator size_small\"><\/div><div class=\"w-separator size_medium\"><\/div><div class=\"w-separator size_medium\"><\/div><div class=\"w-separator size_medium\"><\/div><div class=\"wpb_text_column us_custom_e16b0115\"><div class=\"wpb_wrapper\"><p>Od\u015bwie\u017caj\u0105co osobiste:<span style=\"color: #ffffff;\">Twoje us\u0142ugi w callicon<\/span><\/p>\n<\/div><\/div><div class=\"w-separator size_large\"><\/div><div class=\"w-separator size_large\"><\/div><\/div><\/div><\/div><\/div><\/section><section class=\"l-section wpb_row us_custom_681ed7c5 height_custom\"><div class=\"l-section-h i-cf\"><div class=\"g-cols vc_row via_grid cols_1 laptops-cols_inherit tablets-cols_inherit mobiles-cols_1 valign_top type_default stacking_default\"><div class=\"wpb_column vc_column_container\"><div class=\"vc_column-inner\"><div class=\"g-cols wpb_row via_grid cols_5-1 laptops-cols_inherit tablets-cols_inherit mobiles-cols_1 valign_top type_default stacking_default\" style=\"--columns-gap:3rem;\"><div class=\"wpb_column vc_column_container\"><div class=\"vc_column-inner\"><div class=\"wpb_text_column\"><div class=\"wpb_wrapper\"><p>Nasze us\u0142ugi zwi\u0105zane z oprogramowaniem oznaczaj\u0105 partnerstwo, kt\u00f3re jest dok\u0142adnie dostosowane do Twoich potrzeb. Zapewniamy spersonalizowane doradztwo od samego pocz\u0105tku i wsp\u00f3\u0142pracujemy z Tob\u0105 w celu opracowania niestandardowego rozwi\u0105zania, kt\u00f3re pomo\u017ce Twojej firmie i\u015b\u0107 naprz\u00f3d. Wsp\u00f3lnie stworzone koncepcje rozwi\u0105za\u0144 s\u0105 warunkiem wst\u0119pnym udanego rozwoju i wdro\u017cenia. Wraz z kluczowymi u\u017cytkownikami nasz do\u015bwiadczony zesp\u00f3\u0142 zadba o kompetentne wdro\u017cenie i szkolenie. Dzi\u0119ki naszym ustandaryzowanym portalom SI, aplikacjom i rozwi\u0105zaniom MES, projekty mog\u0105 by\u0107 wdra\u017cane szybko. Wysoki poziom u\u017cyteczno\u015bci zapewnia wysoki poziom akceptacji w\u015br\u00f3d wszystkich, kt\u00f3rzy pracuj\u0105 z nim na co dzie\u0144. Wysokowydajny i odporny na awarie hosting zapewnia p\u0142ynne dzia\u0142anie. Pozwala to w pe\u0142ni skoncentrowa\u0107 si\u0119 na podstawowej dzia\u0142alno\u015bci.<\/p>\n<\/div><\/div><\/div><\/div><div class=\"wpb_column vc_column_container\"><div class=\"vc_column-inner\"><\/div><\/div><\/div><div class=\"w-separator size_medium\"><\/div><div class=\"w-popup w-btn-wrapper align_left\"><button class=\"w-popup-trigger type_btn w-btn us-btn-style_28\" aria-label=\"Skontaktuj si\u0119 z nami ju\u017c teraz!\" type=\"button\"><span class=\"w-btn-label\">Skontaktuj si\u0119 z nami ju\u017c teraz!<\/span><\/button><div class=\"w-popup-overlay\" style=\"background:rgba(0,0,0,0.10);\"><\/div><div class=\"w-popup-wrap layout_default\" role=\"dialog\" aria-modal=\"true\" aria-label=\"Okienko popup\" style=\"--title-color:var(--color-content-heading);--title-bg-color:var(--color-content-bg-alt);--content-color:var(--color-content-text);--content-bg-color:var(--color-content-bg);--popup-border-radius:15px;--popup-width:600px;--popup-padding:5%;\"><div class=\"w-popup-box animation_slideTop closerpos_inside without_title\"><div class=\"w-popup-box-h\"><button aria-label=\"Zamknij\" class=\"w-popup-closer\" type=\"button\"><\/button><div class=\"w-popup-box-content\"><p><p class=\"wpcf7-contact-form-not-found\"><strong>B\u0142\u0105d:<\/strong> Brak formularza kontaktowego.<\/p><\/p>\n<\/div><\/div><\/div><\/div><\/div><\/div><\/div><\/div><\/div><\/section><section class=\"l-section wpb_row height_auto width_full\" id=\"consulting\"><div class=\"l-section-h i-cf\"><div class=\"g-cols vc_row via_grid cols_1-2 laptops-cols_inherit tablets-cols_inherit mobiles-cols_1 valign_middle type_boxes stacking_default\" style=\"--columns-gap:0rem;\"><div class=\"wpb_column vc_column_container us_custom_1ec25866 has_text_color has_bg_color\"><div class=\"vc_column-inner\"><div class=\"w-image align_center\"><div class=\"w-image-h\"><img decoding=\"async\" width=\"200\" height=\"240\" src=\"https:\/\/callicon.de\/wp-content\/uploads\/2025\/01\/PL_Consulting.png\" class=\"attachment-full size-full\" alt=\"\" loading=\"lazy\" \/><\/div><\/div><\/div><\/div><div class=\"wpb_column vc_column_container us_custom_4fb9e5a3 has_bg_color\"><div class=\"vc_column-inner\"><div class=\"w-separator size_small\"><\/div><div class=\"wpb_text_column\"><div class=\"wpb_wrapper\"><h5>Konsultacje<\/h5>\n<\/div><\/div><div class=\"w-separator size_small\"><\/div><div class=\"wpb_text_column\"><div class=\"wpb_wrapper\"><h3>Nasza specjalistyczna wiedza dla Twojego sukcesu<\/h3>\n<\/div><\/div><div class=\"w-separator size_small\"><\/div><div class=\"wpb_text_column\"><div class=\"wpb_wrapper\"><p>Nasze doradztwo w zakresie oprogramowania koncentruje si\u0119 na Twojej wizji &#8211; analizujemy Twoje indywidualne wymagania i opracowujemy rozwi\u0105zania, kt\u00f3re optymalnie wspieraj\u0105 Twoje cele biznesowe. Nasze wieloletnie do\u015bwiadczenie w licznych projektach gwarantuje sukces. Mo\u017cesz polega\u0107 na zespole, kt\u00f3ry realizuje Twoje cele z fachow\u0105 wiedz\u0105 i pasj\u0105. Zadajemy w\u0142a\u015bciwe pytania &#8211; tak, aby \u017cadne z nich nie pozosta\u0142o bez odpowiedzi!<\/p>\n<\/div><\/div><\/div><\/div><\/div><\/div><\/section><section class=\"l-section wpb_row us_custom_681ed7c5 height_auto\" id=\"softwareentwicklung\"><div class=\"l-section-h i-cf\"><div class=\"g-cols vc_row via_grid cols_1 laptops-cols_inherit tablets-cols_inherit mobiles-cols_1 valign_top type_default stacking_default\"><div class=\"wpb_column vc_column_container\"><div class=\"vc_column-inner\"><div class=\"w-separator size_small\"><\/div><\/div><\/div><\/div><\/div><\/section><section class=\"l-section wpb_row height_auto width_full\"><div class=\"l-section-h i-cf\"><div class=\"g-cols vc_row via_grid cols_2-1 laptops-cols_inherit tablets-cols_inherit mobiles-cols_1 valign_middle type_boxes reversed stacking_default\" style=\"--columns-gap:0rem;\"><div class=\"wpb_column vc_column_container\"><div class=\"vc_column-inner\"><div class=\"w-separator size_small\"><\/div><div class=\"wpb_text_column\"><div class=\"wpb_wrapper\"><h5>Rozw\u00f3j oprogramowania<\/h5>\n<\/div><\/div><div class=\"w-separator size_small\"><\/div><div class=\"wpb_text_column\"><div class=\"wpb_wrapper\"><h3>Doskona\u0142a konfiguracja, aby dotrze\u0107 do celu<\/h3>\n<\/div><\/div><div class=\"w-separator size_small\"><\/div><div class=\"wpb_text_column\"><div class=\"wpb_wrapper\"><p>Nasze niestandardowe oprogramowanie jest precyzyjnie dostosowane do potrzeb klienta. Od pocz\u0105tkowego pomys\u0142u do uruchomienia, tworzymy wydajne, przyjazne dla u\u017cytkownika aplikacje, kt\u00f3re zwi\u0119kszaj\u0105 wydajno\u015b\u0107 i optymalizuj\u0105 procesy biznesowe. Korzystamy z gotowych modu\u0142\u00f3w, kt\u00f3re dostosowujemy do Twoich potrzeb &#8211; lub projektujemy zupe\u0142nie nowe rozwi\u0105zania, kt\u00f3re s\u0105 w 100% spersonalizowane. Wsp\u00f3lnie decydujemy, co b\u0119dzie dla Ciebie najlepsze &#8211; zawsze maj\u0105c na uwadze Twoje koszty.<\/p>\n<\/div><\/div><\/div><\/div><div class=\"wpb_column vc_column_container us_custom_73375388 has_text_color has_bg_color\"><div class=\"vc_column-inner\"><div class=\"w-image align_center\"><div class=\"w-image-h\"><img decoding=\"async\" width=\"200\" height=\"240\" src=\"https:\/\/callicon.de\/wp-content\/uploads\/2025\/01\/PL_Softwareentwicklung.png\" class=\"attachment-full size-full\" alt=\"\" loading=\"lazy\" \/><\/div><\/div><\/div><\/div><\/div><\/div><\/section><section class=\"l-section wpb_row us_custom_681ed7c5 height_auto\" id=\"projekt\"><div class=\"l-section-h i-cf\"><div class=\"g-cols vc_row via_grid cols_1 laptops-cols_inherit tablets-cols_inherit mobiles-cols_1 valign_top type_default stacking_default\"><div class=\"wpb_column vc_column_container\"><div class=\"vc_column-inner\"><div class=\"w-separator size_small\"><\/div><\/div><\/div><\/div><\/div><\/section><section class=\"l-section wpb_row height_auto width_full\"><div class=\"l-section-h i-cf\"><div class=\"g-cols vc_row via_grid cols_1-2 laptops-cols_inherit tablets-cols_inherit mobiles-cols_1 valign_middle type_boxes stacking_default\" style=\"--columns-gap:0rem;\"><div class=\"wpb_column vc_column_container us_custom_5369f477 has_text_color has_bg_color\"><div class=\"vc_column-inner\"><div class=\"w-image align_center\"><div class=\"w-image-h\"><img decoding=\"async\" width=\"200\" height=\"240\" src=\"https:\/\/callicon.de\/wp-content\/uploads\/2025\/01\/PL_Implementierung.png\" class=\"attachment-full size-full\" alt=\"\" loading=\"lazy\" \/><\/div><\/div><\/div><\/div><div class=\"wpb_column vc_column_container us_custom_4fb9e5a3 has_bg_color\"><div class=\"vc_column-inner\"><div class=\"w-separator size_small\"><\/div><div class=\"wpb_text_column\"><div class=\"wpb_wrapper\"><h5>Realizacja projektu<\/h5>\n<\/div><\/div><div class=\"w-separator size_small\"><\/div><div class=\"wpb_text_column\"><div class=\"wpb_wrapper\"><h3>100% niezawodno\u015bci &#8211; pod wzgl\u0119dem koszt\u00f3w i czasu<\/h3>\n<\/div><\/div><div class=\"w-separator size_small\"><\/div><div class=\"wpb_text_column\"><div class=\"wpb_wrapper\"><p>Wspieramy Ci\u0119 przez ca\u0142y okres realizacji projektu, od planowania do uruchomienia. Nasz do\u015bwiadczony zesp\u00f3\u0142 na bie\u017c\u0105co informuje o post\u0119pach i zapewnia, \u017ce projekty oprogramowania s\u0105 realizowane terminowo, zgodnie z bud\u017cetem i bez zak\u0142\u00f3ce\u0144. Dok\u0142adnie przetestowali\u015bmy wszystkie funkcje przed uruchomieniem, aby p\u00f3\u017aniej nie by\u0142o \u017cadnych niespodzianek.<\/p>\n<\/div><\/div><\/div><\/div><\/div><\/div><\/section><section class=\"l-section wpb_row us_custom_681ed7c5 height_auto\" id=\"wartung\"><div class=\"l-section-h i-cf\"><div class=\"g-cols vc_row via_grid cols_1 laptops-cols_inherit tablets-cols_inherit mobiles-cols_1 valign_top type_default stacking_default\"><div class=\"wpb_column vc_column_container\"><div class=\"vc_column-inner\"><div class=\"w-separator size_small\"><\/div><\/div><\/div><\/div><\/div><\/section><section class=\"l-section wpb_row height_auto width_full\"><div class=\"l-section-h i-cf\"><div class=\"g-cols vc_row via_grid cols_2-1 laptops-cols_inherit tablets-cols_inherit mobiles-cols_1 valign_middle type_boxes reversed stacking_default\" style=\"--columns-gap:0rem;\"><div class=\"wpb_column vc_column_container\"><div class=\"vc_column-inner\"><div class=\"w-separator size_small\"><\/div><div class=\"wpb_text_column\"><div class=\"wpb_wrapper\"><h5>Serwis i wsparcie<\/h5>\n<\/div><\/div><div class=\"w-separator size_small\"><\/div><div class=\"wpb_text_column\"><div class=\"wpb_wrapper\"><h3>Jeste\u015bmy na miejscu &#8211; nawet po instalacji<\/h3>\n<\/div><\/div><div class=\"w-separator size_small\"><\/div><div class=\"wpb_text_column\"><div class=\"wpb_wrapper\"><p>Dzi\u0119ki naszej us\u0142udze konserwacji i wsparcia zapewniamy niezawodne dzia\u0142anie oprogramowania. Otrzymujesz od nas automatyczne aktualizacje, dzi\u0119ki czemu Twoje rozwi\u0105zanie jest zawsze aktualne. Minimalizujemy przestoje dzi\u0119ki naszej proaktywnej konserwacji. W razie jakichkolwiek pyta\u0144 lub problem\u00f3w, nasz zesp\u00f3\u0142 ekspert\u00f3w pomo\u017ce szybko znale\u017a\u0107 rozwi\u0105zanie &#8211; na miejscu lub zdalnie.<\/p>\n<p>&nbsp;<\/p>\n<\/div><\/div><\/div><\/div><div class=\"wpb_column vc_column_container us_custom_0ac8d8c7 has_text_color has_bg_color\"><div class=\"vc_column-inner\"><div class=\"w-image align_center\"><div class=\"w-image-h\"><img decoding=\"async\" width=\"200\" height=\"240\" src=\"https:\/\/callicon.de\/wp-content\/uploads\/2025\/01\/PL_Wartung-Support.png\" class=\"attachment-full size-full\" alt=\"\" loading=\"lazy\" \/><\/div><\/div><\/div><\/div><\/div><\/div><\/section><section class=\"l-section wpb_row us_custom_681ed7c5 height_auto\"><div class=\"l-section-h i-cf\"><div class=\"g-cols vc_row via_grid cols_1 laptops-cols_inherit tablets-cols_inherit mobiles-cols_1 valign_top type_default stacking_default\"><div class=\"wpb_column vc_column_container\"><div class=\"vc_column-inner\"><div class=\"w-separator size_small\"><\/div><\/div><\/div><\/div><\/div><\/section><section class=\"l-section wpb_row height_auto width_full\" id=\"workshops\"><div class=\"l-section-h i-cf\"><div class=\"g-cols vc_row via_grid cols_1-2 laptops-cols_inherit tablets-cols_inherit mobiles-cols_1 valign_middle type_boxes stacking_default\" style=\"--columns-gap:0rem;\"><div class=\"wpb_column vc_column_container us_custom_866e338c has_text_color has_bg_color\"><div class=\"vc_column-inner\"><div class=\"w-image align_center\"><div class=\"w-image-h\"><img decoding=\"async\" width=\"200\" height=\"240\" src=\"https:\/\/callicon.de\/wp-content\/uploads\/2025\/01\/PL_Workshop-Schulung.png\" class=\"attachment-full size-full\" alt=\"\" loading=\"lazy\" \/><\/div><\/div><\/div><\/div><div class=\"wpb_column vc_column_container us_custom_4fb9e5a3 has_bg_color\"><div class=\"vc_column-inner\"><div class=\"w-separator size_small\"><\/div><div class=\"wpb_text_column\"><div class=\"wpb_wrapper\"><h5>Warsztaty i szkolenia<\/h5>\n<\/div><\/div><div class=\"w-separator size_small\"><\/div><div class=\"wpb_text_column\"><div class=\"wpb_wrapper\"><h3>Transfer wiedzy, kt\u00f3ry sprawia przyjemno\u015b\u0107<\/h3>\n<\/div><\/div><div class=\"w-separator size_small\"><\/div><div class=\"wpb_text_column\"><div class=\"wpb_wrapper\"><p>Dzi\u0119ki naszym praktycznym rozwi\u0105zaniom i warsztatom bran\u017cowym umo\u017cliwiamy pracownikom optymalne wykorzystanie nowych system\u00f3w. W ten spos\u00f3b podnosimy poziom wiedzy zespo\u0142\u00f3w i szybko redukujemy wszelkie zastrze\u017cenia. Dzi\u0119ki dobrze przemy\u015blanym dydaktycznie koncepcjom i zabawnemu podej\u015bciu do nauczania, generujemy akceptacj\u0119 dla nowego oprogramowania i umo\u017cliwiamy wszystkim zaanga\u017cowanym produktywn\u0105 i wydajn\u0105 prac\u0119 z nim<\/p>\n<\/div><\/div><\/div><\/div><\/div><\/div><\/section><section class=\"l-section wpb_row us_custom_681ed7c5 height_auto\"><div class=\"l-section-h i-cf\"><div class=\"g-cols vc_row via_grid cols_1 laptops-cols_inherit tablets-cols_inherit mobiles-cols_1 valign_top type_default stacking_default\"><div class=\"wpb_column vc_column_container\"><div class=\"vc_column-inner\"><div class=\"w-separator size_small\"><\/div><\/div><\/div><\/div><\/div><\/section><section class=\"l-section wpb_row height_auto width_full\" id=\"hosting\"><div class=\"l-section-h i-cf\"><div class=\"g-cols vc_row via_grid cols_2-1 laptops-cols_inherit tablets-cols_inherit mobiles-cols_1 valign_middle type_boxes reversed stacking_default\" style=\"--columns-gap:0rem;\"><div class=\"wpb_column vc_column_container\"><div class=\"vc_column-inner\"><div class=\"w-separator size_small\"><\/div><div class=\"wpb_text_column\"><div class=\"wpb_wrapper\"><h5>Hosting<\/h5>\n<\/div><\/div><div class=\"w-separator size_small\"><\/div><div class=\"wpb_text_column\"><div class=\"wpb_wrapper\"><h3>Dost\u0119pno\u015b\u0107 i bezpiecze\u0144stwo na najwy\u017cszym poziomie<\/h3>\n<\/div><\/div><div class=\"w-separator size_small\"><\/div><div class=\"wpb_text_column\"><div class=\"wpb_wrapper\"><p>Je\u015bli chcesz, mo\u017cemy przej\u0105\u0107 zarz\u0105dzanie Twoim oprogramowaniem callicon, aby\u015b m\u00f3g\u0142 skoncentrowa\u0107 si\u0119 na swojej podstawowej dzia\u0142alno\u015bci: Nasze rozwi\u0105zanie opiera si\u0119 na sprawdzonej infrastrukturze chmurowej Microsoft Azure, kt\u00f3ra jest uznawana na ca\u0142ym \u015bwiecie za wysok\u0105 dost\u0119pno\u015b\u0107, skalowalno\u015b\u0107 i bezpiecze\u0144stwo. Dzi\u0119ki Azure mo\u017cesz korzysta\u0107 z elastycznych us\u0142ug w chmurze, kt\u00f3re p\u0142ynnie dostosowuj\u0105 si\u0119 do rosn\u0105cych potrzeb biznesowych. Platforma oferuje najwy\u017cszej klasy protoko\u0142y bezpiecze\u0144stwa, takie jak szyfrowany transfer danych i kompleksowa ochrona przed cyberzagro\u017ceniami, a tak\u017ce automatyczne tworzenie kopii zapasowych i odzyskiwanie danych po awarii. Azure umo\u017cliwia r\u00f3wnie\u017c \u0142atw\u0105 integracj\u0119 z istniej\u0105cymi systemami i zapewnia niezawodne dzia\u0142anie w trybie 24\/7. Dost\u0119pne s\u0105 r\u00f3wnie\u017c rozwi\u0105zania lokalne, kt\u00f3re s\u0105 cz\u0119sto wymagane w szczeg\u00f3lno\u015bci w przypadku system\u00f3w MES.<\/p>\n<\/div><\/div><\/div><\/div><div class=\"wpb_column vc_column_container us_custom_636019e3 has_text_color has_bg_color\"><div class=\"vc_column-inner\"><div class=\"w-image align_center\"><div class=\"w-image-h\"><img decoding=\"async\" width=\"200\" height=\"240\" src=\"https:\/\/callicon.de\/wp-content\/uploads\/2025\/01\/PL_Hosting.png\" class=\"attachment-full size-full\" alt=\"\" loading=\"lazy\" \/><\/div><\/div><\/div><\/div><\/div><\/div><\/section><section class=\"l-section wpb_row us_custom_1ea44603 height_auto\"><div class=\"l-section-h i-cf\"><div class=\"g-cols vc_row via_grid cols_1 laptops-cols_inherit tablets-cols_inherit mobiles-cols_1 valign_top type_default stacking_default\"><div class=\"wpb_column vc_column_container\"><div class=\"vc_column-inner\"><div class=\"w-actionbox us_custom_9be80b36 has_text_color color_primary controls_right\"><div class=\"w-actionbox-text\"><div class=\"w-actionbox-description\"><h6>Chcesz skorzysta\u0107 z osobistej konsultacji? Jeste\u015bmy tu dla Ciebie.<\/h6>\n<\/div><\/div><div class=\"w-actionbox-controls\"><a class=\"w-btn us-btn-style_15\" href=\"https:\/\/callicon.de\/pl\/skontaktuj-sie-z-nami\/\"><span class=\"w-btn-label\">Skontaktuj si\u0119 z nami teraz<\/span><\/a><\/div><\/div><\/div><\/div><\/div><\/div><\/section><section class=\"l-section wpb_row height_custom\"><div class=\"l-section-h i-cf\"><div class=\"g-cols vc_row via_grid cols_1 laptops-cols_inherit tablets-cols_inherit mobiles-cols_1 valign_top type_default stacking_default\"><div class=\"wpb_column vc_column_container\"><div class=\"vc_column-inner\"><div class=\"wpb_text_column\"><div class=\"wpb_wrapper\"><p><span style=\"font-size: 20px; color: #1a1a1a;\"><span style=\"color: #1d7b45;\">FAQ&#8217;s<\/span><br \/>\n<\/span><\/p>\n<\/div><\/div><div class=\"w-separator size_small\"><\/div><div class=\"wpb_text_column\"><div class=\"wpb_wrapper\"><h3>Cz\u0119sto zadawane pytania dotycz\u0105ce naszych us\u0142ug<\/h3>\n<\/div><\/div><div class=\"w-separator size_medium\"><\/div><div class=\"w-tabs style_default switch_click accordion remove_indents\" style=\"--sections-title-size:1.0rem\"><div class=\"w-tabs-sections titles-align_none icon_chevron cpos_right\"><div class=\"w-tabs-section\" id=\"i71d\"><button class=\"w-tabs-section-header\" aria-controls=\"content-i71d\" aria-expanded=\"false\"><div class=\"w-tabs-section-title\">Jakie us\u0142ugi konsultingowe oferujecie dla firm z bran\u017cy spo\u017cywczej?<\/div><div class=\"w-tabs-section-control\"><\/div><\/button><div  class=\"w-tabs-section-content\" id=\"content-i71d\"><div class=\"w-tabs-section-content-h i-cf\"><div class=\"wpb_text_column\"><div class=\"wpb_wrapper\"><p><strong>Oferujemy zindywidualizowane doradztwo w zakresie zarz\u0105dzania z naciskiem na cyfryzacj\u0119, optymalizacj\u0119 proces\u00f3w i popraw\u0119 wydajno\u015bci. Naszym celem jest wspieranie firm z bran\u017cy spo\u017cywczej w optymalizacji ich proces\u00f3w biznesowych. <\/strong><\/p>\n<\/div><\/div><\/div><\/div><\/div><div class=\"w-tabs-section\" id=\"x7b0\"><button class=\"w-tabs-section-header\" aria-controls=\"content-x7b0\" aria-expanded=\"false\"><div class=\"w-tabs-section-title\">Czy callicon zapewnia r\u00f3wnie\u017c wsparcie w planowaniu rozbudowy i nowych budynk\u00f3w?<\/div><div class=\"w-tabs-section-control\"><\/div><\/button><div  class=\"w-tabs-section-content\" id=\"content-x7b0\"><div class=\"w-tabs-section-content-h i-cf\"><div class=\"wpb_text_column\"><div class=\"wpb_wrapper\"><p><strong>Callicon obs\u0142uguje projekty rozbudowy istniej\u0105cych instalacji i budow\u0119 nowych zak\u0142ad\u00f3w produkcyjnych jako konsultant biznesowy, a tak\u017ce podejmuje si\u0119 zada\u0144 zwi\u0105zanych z zarz\u0105dzaniem projektami. Rezultatem s\u0105 koncepcje rozwi\u0105za\u0144 oparte na ponad 40-letnim do\u015bwiadczeniu projektowym. <\/strong><\/p>\n<\/div><\/div><\/div><\/div><\/div><div class=\"w-tabs-section\" id=\"u82d\"><button class=\"w-tabs-section-header\" aria-controls=\"content-u82d\" aria-expanded=\"false\"><div class=\"w-tabs-section-title\">Jak pomaga doradztwo w zakresie oprogramowania i proces\u00f3w?<\/div><div class=\"w-tabs-section-control\"><\/div><\/button><div  class=\"w-tabs-section-content\" id=\"content-u82d\"><div class=\"w-tabs-section-content-h i-cf\"><div class=\"wpb_text_column\"><div class=\"wpb_wrapper\"><p><strong>Nasi eksperci analizuj\u0105 istniej\u0105ce procesy i identyfikuj\u0105 potencja\u0142 ich optymalizacji. Doradzamy w zakresie rozwi\u0105za\u0144 programowych, kt\u00f3re zwi\u0119kszaj\u0105 automatyzacj\u0119 i wydajno\u015b\u0107 w celu zapewnienia przewagi konkurencyjnej w przemy\u015ble spo\u017cywczym. <\/strong><\/p>\n<\/div><\/div><\/div><\/div><\/div><div class=\"w-tabs-section\" id=\"a8a3\"><button class=\"w-tabs-section-header\" aria-controls=\"content-a8a3\" aria-expanded=\"false\"><div class=\"w-tabs-section-title\">Czy tworzysz niestandardowe rozwi\u0105zania programowe?<\/div><div class=\"w-tabs-section-control\"><\/div><\/button><div  class=\"w-tabs-section-content\" id=\"content-a8a3\"><div class=\"w-tabs-section-content-h i-cf\"><div class=\"wpb_text_column\"><div class=\"wpb_wrapper\"><p><strong>Tak, oferujemy niestandardowe tworzenie oprogramowania, kt\u00f3re jest dok\u0142adnie dostosowane do potrzeb bran\u017cy spo\u017cywczej. Korzystamy z nowoczesnych technologii, aplikacji SI (sztucznej inteligencji) i technologii Low-Code do elastycznego dostosowywania. <\/strong><\/p>\n<\/div><\/div><\/div><\/div><\/div><div class=\"w-tabs-section\" id=\"q913\"><button class=\"w-tabs-section-header\" aria-controls=\"content-q913\" aria-expanded=\"false\"><div class=\"w-tabs-section-title\">Jak przebiega typowe wdro\u017cenie projektu?<\/div><div class=\"w-tabs-section-control\"><\/div><\/button><div  class=\"w-tabs-section-content\" id=\"content-q913\"><div class=\"w-tabs-section-content-h i-cf\"><div class=\"wpb_text_column\"><div class=\"wpb_wrapper\"><p><strong>Nasze projekty wdro\u017ceniowe opieraj\u0105 si\u0119 na ustrukturyzowanym podej\u015bciu: od analizy, planowania i rozwoju po integracj\u0119 i szkolenie personelu. Zapewniamy p\u0142ynn\u0105 integracj\u0119 oprogramowania z istniej\u0105cymi systemami. <\/strong><\/p>\n<\/div><\/div><\/div><\/div><\/div><div class=\"w-tabs-section\" id=\"n99f\"><button class=\"w-tabs-section-header\" aria-controls=\"content-n99f\" aria-expanded=\"false\"><div class=\"w-tabs-section-title\">Jakiego rodzaju wsparcie oferujecie przy wprowadzaniu i korzystaniu z oprogramowania?<\/div><div class=\"w-tabs-section-control\"><\/div><\/button><div  class=\"w-tabs-section-content\" id=\"content-n99f\"><div class=\"w-tabs-section-content-h i-cf\"><div class=\"wpb_text_column us_custom_95ebd667 has_text_color\"><div class=\"wpb_wrapper\"><p><strong>Wspieramy Ci\u0119 od samego pocz\u0105tku: Od wdro\u017cenia po szkolenie pracownik\u00f3w &#8211; jeste\u015bmy po Twojej stronie. Oferujemy r\u00f3wnie\u017c kompleksow\u0105 obs\u0142ug\u0119 klienta, aby zapewni\u0107 szybk\u0105 i kompetentn\u0105 odpowied\u017a na wszystkie pytania. Nasz zesp\u00f3\u0142 wsparcia jest dost\u0119pny w przypadku pyta\u0144 technicznych, poprawek b\u0142\u0119d\u00f3w i dostosowa\u0144.<\/strong><\/p>\n<\/div><\/div><\/div><\/div><\/div><div class=\"w-tabs-section\" id=\"na1f\"><button class=\"w-tabs-section-header\" aria-controls=\"content-na1f\" aria-expanded=\"false\"><div class=\"w-tabs-section-title\">Jakie opcje hostingu s\u0105 dost\u0119pne w callicon?<\/div><div class=\"w-tabs-section-control\"><\/div><\/button><div  class=\"w-tabs-section-content\" id=\"content-na1f\"><div class=\"w-tabs-section-content-h i-cf\"><div class=\"wpb_text_column us_custom_95ebd667 has_text_color\"><div class=\"wpb_wrapper\"><p><strong>Oferujemy elastyczne modele hostingu w chmurze, aby zoptymalizowa\u0107 bezpiecze\u0144stwo, skalowalno\u015b\u0107 i wydajno\u015b\u0107 w celu zaspokojenia potrzeb naszych klient\u00f3w. W razie potrzeby mo\u017cliwe s\u0105 rozwi\u0105zania lokalne i hybrydowe. <\/strong><\/p>\n<\/div><\/div><\/div><\/div><\/div><\/div><\/div><div class=\"w-separator size_small\"><\/div><\/div><\/div><\/div><\/div><\/section>\n","protected":false},"excerpt":{"rendered":"Od\u015bwie\u017caj\u0105co osobiste:Twoje us\u0142ugi w callicon Nasze us\u0142ugi zwi\u0105zane z oprogramowaniem oznaczaj\u0105 partnerstwo, kt\u00f3re jest dok\u0142adnie dostosowane do Twoich potrzeb. Zapewniamy spersonalizowane doradztwo od samego pocz\u0105tku i wsp\u00f3\u0142pracujemy z Tob\u0105 w celu opracowania niestandardowego rozwi\u0105zania, kt\u00f3re pomo\u017ce Twojej firmie i\u015b\u0107 naprz\u00f3d. Wsp\u00f3lnie stworzone koncepcje rozwi\u0105za\u0144 s\u0105 warunkiem wst\u0119pnym udanego rozwoju i wdro\u017cenia. Wraz z kluczowymi u\u017cytkownikami...","protected":false},"author":1,"featured_media":0,"parent":0,"menu_order":0,"comment_status":"closed","ping_status":"closed","template":"","meta":{"om_disable_all_campaigns":false,"_monsterinsights_skip_tracking":false,"_monsterinsights_sitenote_active":false,"_monsterinsights_sitenote_note":"","_monsterinsights_sitenote_category":0,"footnotes":""},"class_list":["post-10307","page","type-page","status-publish","hentry"],"aioseo_notices":[],"_links":{"self":[{"href":"https:\/\/callicon.de\/pl\/wp-json\/wp\/v2\/pages\/10307","targetHints":{"allow":["GET"]}}],"collection":[{"href":"https:\/\/callicon.de\/pl\/wp-json\/wp\/v2\/pages"}],"about":[{"href":"https:\/\/callicon.de\/pl\/wp-json\/wp\/v2\/types\/page"}],"author":[{"embeddable":true,"href":"https:\/\/callicon.de\/pl\/wp-json\/wp\/v2\/users\/1"}],"replies":[{"embeddable":true,"href":"https:\/\/callicon.de\/pl\/wp-json\/wp\/v2\/comments?post=10307"}],"version-history":[{"count":10,"href":"https:\/\/callicon.de\/pl\/wp-json\/wp\/v2\/pages\/10307\/revisions"}],"predecessor-version":[{"id":12469,"href":"https:\/\/callicon.de\/pl\/wp-json\/wp\/v2\/pages\/10307\/revisions\/12469"}],"wp:attachment":[{"href":"https:\/\/callicon.de\/pl\/wp-json\/wp\/v2\/media?parent=10307"}],"curies":[{"name":"wp","href":"https:\/\/api.w.org\/{rel}","templated":true}]}}