{"id":10317,"date":"2024-10-15T19:03:17","date_gmt":"2024-10-15T17:03:17","guid":{"rendered":"https:\/\/callicon.de\/mes\/"},"modified":"2025-02-04T19:47:21","modified_gmt":"2025-02-04T18:47:21","slug":"mes","status":"publish","type":"page","link":"https:\/\/callicon.de\/pl\/mes\/","title":{"rendered":"MES"},"content":{"rendered":"<section class=\"l-section wpb_row us_custom_f7ecab66 height_auto\"><div class=\"l-section-h i-cf\"><div class=\"g-cols vc_row via_grid cols_1 laptops-cols_inherit tablets-cols_inherit mobiles-cols_1 valign_top type_default stacking_default\" style=\"--columns-gap:1rem;\"><div class=\"wpb_column vc_column_container\"><div class=\"vc_column-inner\"><div class=\"w-separator size_small\"><\/div><div class=\"w-separator size_medium\"><\/div><div class=\"w-separator size_medium\"><\/div><div class=\"w-separator size_medium\"><\/div><div class=\"wpb_text_column us_custom_e16b0115\"><div class=\"wpb_wrapper\"><p><span style=\"color: #ffffff;\">Sukces<\/span> mo\u017cna kontrolowa\u0107 <span style=\"color: #ffffff;\">&#8211; dzi\u0119ki naszemu systemowi MES<\/span><\/p>\n<\/div><\/div><div class=\"w-separator size_small\"><\/div><div class=\"w-separator size_large\"><\/div><div class=\"w-separator size_large\"><\/div><\/div><\/div><\/div><\/div><\/section><section class=\"l-section wpb_row us_custom_681ed7c5 height_custom\"><div class=\"l-section-h i-cf\"><div class=\"g-cols vc_row via_grid cols_1 laptops-cols_inherit tablets-cols_inherit mobiles-cols_1 valign_top type_default stacking_default\"><div class=\"wpb_column vc_column_container\"><div class=\"vc_column-inner\"><div class=\"g-cols wpb_row via_grid cols_5-1 laptops-cols_inherit tablets-cols_inherit mobiles-cols_1 valign_top type_default stacking_default\" style=\"--columns-gap:3rem;\"><div class=\"wpb_column vc_column_container\"><div class=\"vc_column-inner\"><div class=\"wpb_text_column\"><div class=\"wpb_wrapper\"><p>Podnie\u015b wydajno\u015b\u0107 produkcji i intralogistyki na nowy poziom &#8211; dzi\u0119ki wydajnym rozwi\u0105zaniom systemowym callicon. Dzi\u0119ki naszej skalowalnej platformie przemys\u0142owej masz dost\u0119p do wszystkich narz\u0119dzi potrzebnych do zautomatyzowanego planowania, kontroli i monitorowania proces\u00f3w produkcyjnych i magazynowych. Podstaw\u0105 tego jest wypr\u00f3bowane i przetestowane rozwi\u0105zanie z przejrzystym modelem kosztowym i licznymi opcjami dostosowania go do indywidualnych wymaga\u0144. Nasz callicon MES &#8211; to Twoja droga do w pe\u0142ni zautomatyzowanej i zdigitalizowanej przysz\u0142o\u015bci, dzi\u0119ki kt\u00f3rej z \u0142atwo\u015bci\u0105 opanujesz rosn\u0105c\u0105 z\u0142o\u017cono\u015b\u0107 i w\u0105skie gard\u0142a kadrowe oraz zintegrujesz innowacje w swojej firmie w perspektywie d\u0142ugoterminowej.<\/p>\n<\/div><\/div><\/div><\/div><div class=\"wpb_column vc_column_container\"><div class=\"vc_column-inner\"><\/div><\/div><\/div><div class=\"w-separator size_medium\"><\/div><div class=\"w-popup w-btn-wrapper align_left\"><button class=\"w-popup-trigger type_btn w-btn us-btn-style_28\" aria-label=\"Skontaktuj si\u0119 z nami ju\u017c teraz!\" type=\"button\"><span class=\"w-btn-label\">Skontaktuj si\u0119 z nami ju\u017c teraz!<\/span><\/button><div class=\"w-popup-overlay\" style=\"background:rgba(0,0,0,0.10);\"><\/div><div class=\"w-popup-wrap layout_default\" role=\"dialog\" aria-modal=\"true\" aria-label=\"Okienko popup\" style=\"--title-color:var(--color-content-heading);--title-bg-color:var(--color-content-bg-alt);--content-color:var(--color-content-text);--content-bg-color:var(--color-content-bg);--popup-border-radius:15px;--popup-width:600px;--popup-padding:5%;\"><div class=\"w-popup-box animation_slideTop closerpos_inside without_title\"><div class=\"w-popup-box-h\"><button aria-label=\"Zamknij\" class=\"w-popup-closer\" type=\"button\"><\/button><div class=\"w-popup-box-content\"><p><p class=\"wpcf7-contact-form-not-found\"><strong>B\u0142\u0105d:<\/strong> Brak formularza kontaktowego.<\/p><\/p>\n<\/div><\/div><\/div><\/div><\/div><div class=\"w-separator size_large\"><\/div><div class=\"g-cols wpb_row us_custom_11e40cd8 via_grid cols_1-3 laptops-cols_inherit tablets-cols_inherit mobiles-cols_1 valign_top type_default reversed stacking_default\" style=\"--columns-gap:3rem;\"><div class=\"wpb_column vc_column_container us_custom_aaf51bfd has_bg_color\"><div class=\"vc_column-inner\"><div class=\"w-separator size_huge\"><\/div><\/div><\/div><div class=\"wpb_column vc_column_container\"><div class=\"vc_column-inner\"><div class=\"w-separator size_small\"><\/div><div class=\"wpb_text_column us_custom_129f372a\"><div class=\"wpb_wrapper\"><h5>Oto jak elastyczne jest rozwi\u0105zanie callicon MES<\/h5>\n<\/div><\/div><div class=\"w-separator size_small\"><\/div><div class=\"wpb_text_column\"><div class=\"wpb_wrapper\"><ul>\n<li>Mo\u017ce by\u0107 realizowany <strong>lokalnie lub jako rozwi\u0105zanie w chmurze<\/strong>.<\/li>\n<li><strong>Wysoka skalowalno\u015b\u0107 i kompatybilno\u015b\u0107 z aktualizacjami<\/strong> &#8211; dla przysz\u0142ego rozwoju<\/li>\n<li><strong>Prosta integracja<\/strong> system\u00f3w, robotyki, AGV, maszyn i system\u00f3w IT &#8211; do wymiany danych w czasie rzeczywistym<\/li>\n<li><strong>Intuicyjne interfejsy<\/strong> u\u017cytkownika dla wszystkich poziom\u00f3w u\u017cytkownik\u00f3w zapewniaj\u0105 wszechstronn\u0105 akceptacj\u0119 w firmie.<\/li>\n<li><strong>Szczeg\u00f3\u0142owe opcje raportowania<\/strong> &#8211; dla ci\u0105g\u0142ej kontroli i optymalizacji procesu.<\/li>\n<\/ul>\n<\/div><\/div><div class=\"w-separator size_medium\"><\/div><\/div><\/div><\/div><div class=\"w-separator size_small\"><\/div><\/div><\/div><\/div><\/div><\/section><section class=\"l-section wpb_row height_auto width_full\"><div class=\"l-section-h i-cf\"><div class=\"g-cols vc_row via_grid cols_1-2 laptops-cols_inherit tablets-cols_inherit mobiles-cols_1 valign_middle type_boxes stacking_default\" style=\"--columns-gap:0rem;\"><div class=\"wpb_column vc_column_container us_custom_15cb0010 has_text_color has_bg_color\"><div class=\"vc_column-inner\"><div class=\"w-image align_center\"><div class=\"w-image-h\"><img decoding=\"async\" width=\"200\" height=\"240\" src=\"https:\/\/callicon.de\/wp-content\/uploads\/2025\/01\/PL_WMS-\u2013-Automatische-Lager.png\" class=\"attachment-full size-full\" alt=\"wms magazyni automaty czne\" loading=\"lazy\" \/><\/div><\/div><\/div><\/div><div class=\"wpb_column vc_column_container us_custom_4fb9e5a3 has_bg_color\"><div class=\"vc_column-inner\"><div class=\"wpb_text_column\"><div class=\"wpb_wrapper\"><h5>MES WMS Zautomatyzowane magazyny<\/h5>\n<\/div><\/div><div class=\"w-separator size_small\"><\/div><div class=\"wpb_text_column\"><div class=\"wpb_wrapper\"><h3>Obni\u017cenie koszt\u00f3w nawet o 30%<\/h3>\n<\/div><\/div><div class=\"w-separator size_small\"><\/div><div class=\"wpb_text_column\"><div class=\"wpb_wrapper\"><p>Nowoczesne magazynowanie w sektorze spo\u017cywczym jest z\u0142o\u017cone. callicon MES WMS Automated Warehouses zapewnia pe\u0142n\u0105 kontrol\u0119 nad ca\u0142ym procesem i pomaga wykorzysta\u0107 potencja\u0142 wydajno\u015bci. Mo\u017cesz rejestrowa\u0107 poziomy zapas\u00f3w w czasie rzeczywistym, w tym lokalizacj\u0119, numery partii i serii. Zam\u00f3wieniom mo\u017cna nadawa\u0107 priorytety w zale\u017cno\u015bci od ich wa\u017cno\u015bci, a efektywne strategie magazynowania (np. FIFO, FEFO) pozwol\u0105 w przysz\u0142o\u015bci znacznie efektywniej wykorzystywa\u0107 dost\u0119pn\u0105 przestrze\u0144 magazynow\u0105. Dzi\u0119ki szczeg\u00f3\u0142owym raportom mo\u017cna \u015bledzi\u0107 poziomy zapas\u00f3w, dok\u0142adno\u015b\u0107 kompletacji, czasy przepustowo\u015bci i wiele wi\u0119cej. Wielopoziomowe zarz\u0105dzanie u\u017cytkownikami z kontrol\u0105 dost\u0119pu gwarantuje wysoki poziom bezpiecze\u0144stwa danych i zapewnia, \u017ce tylko autoryzowani u\u017cytkownicy maj\u0105 dost\u0119p do odpowiednich komponent\u00f3w, takich jak pojazdy. Kr\u00f3tko m\u00f3wi\u0105c, nasz system MES zapewnia doskona\u0142y i wydajny przep\u0142yw towar\u00f3w.<\/p>\n<\/div><\/div><div class=\"w-separator size_small\"><\/div><div class=\"g-cols wpb_row via_grid cols_3 laptops-cols_inherit tablets-cols_inherit mobiles-cols_1 valign_top type_default stacking_default\" style=\"--columns-gap:3rem;\"><div class=\"wpb_column vc_column_container us_custom_72649bd8 has_bg_color\"><div class=\"vc_column-inner\"><div class=\"wpb_text_column\"><div class=\"wpb_wrapper\"><p style=\"text-align: center;\"><strong>Kompleksowy wzrost wydajno\u015bci intralogistyki<\/strong><\/p>\n<\/div><\/div><\/div><\/div><div class=\"wpb_column vc_column_container us_custom_0bd228a7 has_bg_color\"><div class=\"vc_column-inner\"><div class=\"w-separator size_custom\" style=\"height:10px\"><\/div><div class=\"wpb_text_column\"><div class=\"wpb_wrapper\"><p style=\"text-align: center;\"><strong>Mo\u017cliwo\u015b\u0107 indywidualnego dostosowania do procesu<\/strong><\/p>\n<\/div><\/div><\/div><\/div><div class=\"wpb_column vc_column_container us_custom_0bd228a7 has_bg_color\"><div class=\"vc_column-inner\"><div class=\"w-separator size_custom\" style=\"height:10px\"><\/div><div class=\"wpb_text_column\"><div class=\"wpb_wrapper\"><p style=\"text-align: center;\"><strong>Dane w czasie rzeczywistym dla maksymalnej przejrzysto\u015bci<\/strong><\/p>\n<\/div><\/div><\/div><\/div><\/div><\/div><\/div><\/div><\/div><\/section><section class=\"l-section wpb_row us_custom_681ed7c5 height_auto\"><div class=\"l-section-h i-cf\"><div class=\"g-cols vc_row via_grid cols_1 laptops-cols_inherit tablets-cols_inherit mobiles-cols_1 valign_top type_default stacking_default\"><div class=\"wpb_column vc_column_container\"><div class=\"vc_column-inner\"><div class=\"w-separator size_small\"><\/div><\/div><\/div><\/div><\/div><\/section><section class=\"l-section wpb_row height_auto width_full\"><div class=\"l-section-h i-cf\"><div class=\"g-cols vc_row via_grid cols_2-1 laptops-cols_inherit tablets-cols_inherit mobiles-cols_1 valign_middle type_boxes reversed stacking_default\" style=\"--columns-gap:0rem;\"><div class=\"wpb_column vc_column_container\"><div class=\"vc_column-inner\"><div class=\"wpb_text_column\"><div class=\"wpb_wrapper\"><h5>MES Produkcja i dozowanie<\/h5>\n<\/div><\/div><div class=\"w-separator size_small\"><\/div><div class=\"wpb_text_column\"><div class=\"wpb_wrapper\"><h3>Wysoce wydajne procesy produkcyjne<\/h3>\n<\/div><\/div><div class=\"w-separator size_small\"><\/div><div class=\"wpb_text_column\"><div class=\"wpb_wrapper\"><p>MES Production and Batching to pot\u0119\u017cny system kontroli proces\u00f3w produkcyjnych. Wykorzystuje szczeg\u00f3\u0142owe instrukcje pracy do planowania i kontrolowania ka\u017cdego etapu procesu produkcyjnego, a\u017c po precyzyjne instrukcje pracy dla ka\u017cdego pracownika na ka\u017cdej zmianie. Na poziomie materia\u0142owym nasz system MES wykorzystuje r\u00f3\u017cne \u017ar\u00f3d\u0142a danych do tworzenia precyzyjnych prognoz ilo\u015bci zakup\u00f3w i okre\u015blania na tej podstawie wymaga\u0144 dotycz\u0105cych zaopatrzenia. Dzi\u0119ki por\u00f3wnaniu TARGET\/ACTUAL u\u017cytkownik ma wgl\u0105d w aktualny stan produkcji i w razie potrzeby mo\u017ce interweniowa\u0107 w dowolnym momencie. Techniczny system kontroli receptur integruje maszyny, systemy i inne urz\u0105dzenia peryferyjne, takie jak wagi, skanery lub systemy RFID, bezpo\u015brednio z procesem. Zapewnia to precyzyjn\u0105, zautomatyzowan\u0105 produkcj\u0119 &#8211; z niezawodn\u0105 jako\u015bci\u0105 i efektywnym wykorzystaniem zasob\u00f3w.<\/p>\n<\/div><\/div><div class=\"w-separator size_small\"><\/div><div class=\"g-cols wpb_row via_grid cols_3 laptops-cols_inherit tablets-cols_inherit mobiles-cols_1 valign_top type_default stacking_default\" style=\"--columns-gap:3rem;\"><div class=\"wpb_column vc_column_container us_custom_72649bd8 has_bg_color\"><div class=\"vc_column-inner\"><div class=\"w-separator size_custom\" style=\"height:10px\"><\/div><div class=\"wpb_text_column\"><div class=\"wpb_wrapper\"><p style=\"text-align: center;\"><strong>Precyzyjne, wydajne wykorzystanie zasob\u00f3w<\/strong><\/p>\n<\/div><\/div><\/div><\/div><div class=\"wpb_column vc_column_container us_custom_0bd228a7 has_bg_color\"><div class=\"vc_column-inner\"><div class=\"w-separator size_custom\" style=\"height:10px\"><\/div><div class=\"wpb_text_column\"><div class=\"wpb_wrapper\"><p style=\"text-align: center;\"><strong>Powtarzalna, niezawodna jako\u015b\u0107<\/strong><\/p>\n<\/div><\/div><\/div><\/div><div class=\"wpb_column vc_column_container us_custom_0bd228a7 has_bg_color\"><div class=\"vc_column-inner\"><div class=\"wpb_text_column\"><div class=\"wpb_wrapper\"><p style=\"text-align: center;\"><strong>Doskona\u0142a koordynacja popytu i produkcji<\/strong><\/p>\n<\/div><\/div><\/div><\/div><\/div><\/div><\/div><div class=\"wpb_column vc_column_container us_custom_93f7e9fc has_text_color has_bg_color\"><div class=\"vc_column-inner\"><div class=\"w-image align_center\"><div class=\"w-image-h\"><img decoding=\"async\" width=\"200\" height=\"243\" src=\"https:\/\/callicon.de\/wp-content\/uploads\/2025\/01\/PL_Produktion-Chargierung.png\" class=\"attachment-full size-full\" alt=\"PL_Produktion &amp; Chargierung\" loading=\"lazy\" \/><\/div><\/div><\/div><\/div><\/div><\/div><\/section><section class=\"l-section wpb_row us_custom_681ed7c5 height_auto\"><div class=\"l-section-h i-cf\"><div class=\"g-cols vc_row via_grid cols_1 laptops-cols_inherit tablets-cols_inherit mobiles-cols_1 valign_top type_default stacking_default\"><div class=\"wpb_column vc_column_container\"><div class=\"vc_column-inner\"><div class=\"w-separator size_small\"><\/div><\/div><\/div><\/div><\/div><\/section><section class=\"l-section wpb_row us_custom_1ea44603 height_auto\"><div class=\"l-section-h i-cf\"><div class=\"g-cols vc_row via_grid cols_1 laptops-cols_inherit tablets-cols_inherit mobiles-cols_1 valign_top type_default stacking_default\"><div class=\"wpb_column vc_column_container\"><div class=\"vc_column-inner\"><div class=\"w-actionbox us_custom_9be80b36 has_text_color color_primary controls_right\"><div class=\"w-actionbox-text\"><div class=\"w-actionbox-description\"><h6>Chcesz skorzysta\u0107 z osobistej konsultacji? Jeste\u015bmy tu dla Ciebie.<\/h6>\n<\/div><\/div><div class=\"w-actionbox-controls\"><a class=\"w-btn us-btn-style_15\" href=\"https:\/\/callicon.de\/pl\/skontaktuj-sie-z-nami\/\"><span class=\"w-btn-label\">Skontaktuj si\u0119 z nami teraz<\/span><\/a><\/div><\/div><\/div><\/div><\/div><\/div><\/section><section class=\"l-section wpb_row height_custom\"><div class=\"l-section-h i-cf\"><div class=\"g-cols vc_row via_grid cols_1 laptops-cols_inherit tablets-cols_inherit mobiles-cols_1 valign_top type_default stacking_default\"><div class=\"wpb_column vc_column_container\"><div class=\"vc_column-inner\"><div class=\"wpb_text_column\"><div class=\"wpb_wrapper\"><p><span style=\"font-size: 20px; color: #1a1a1a;\"><span style=\"color: #1d7b45;\">FAQ&#8217;s<\/span><br \/>\n<\/span><\/p>\n<\/div><\/div><div class=\"w-separator size_small\"><\/div><div class=\"wpb_text_column\"><div class=\"wpb_wrapper\"><h3>Cz\u0119sto zadawane pytania dotycz\u0105ce rozwi\u0105zania MES<\/h3>\n<\/div><\/div><div class=\"w-separator size_medium\"><\/div><div class=\"w-tabs style_default switch_click accordion remove_indents\" style=\"--sections-title-size:1.0rem\"><div class=\"w-tabs-sections titles-align_none icon_chevron cpos_right\"><div class=\"w-tabs-section\" id=\"kb73\"><button class=\"w-tabs-section-header\" aria-controls=\"content-kb73\" aria-expanded=\"false\"><div class=\"w-tabs-section-title\">Czym s\u0105 rozwi\u0105zania MES i w jaki spos\u00f3b wspieraj\u0105 produkcj\u0119?<\/div><div class=\"w-tabs-section-control\"><\/div><\/button><div  class=\"w-tabs-section-content\" id=\"content-kb73\"><div class=\"w-tabs-section-content-h i-cf\"><div class=\"wpb_text_column\"><div class=\"wpb_wrapper\"><p><strong>MES (Manufacturing Execution Systems) to cyfrowe systemy monitorowania, kontroli i optymalizacji proces\u00f3w produkcyjnych w czasie rzeczywistym. Umo\u017cliwiaj\u0105 one przejrzyst\u0105 kontrol\u0119 produkcji, identyfikowalno\u015b\u0107 i zwi\u0119kszon\u0105 wydajno\u015b\u0107. <\/strong><\/p>\n<\/div><\/div><\/div><\/div><\/div><div class=\"w-tabs-section\" id=\"kbff\"><button class=\"w-tabs-section-header\" aria-controls=\"content-kbff\" aria-expanded=\"false\"><div class=\"w-tabs-section-title\">Czy oprogramowanie jest r\u00f3wnie\u017c odpowiednie dla mniejszych firm?<\/div><div class=\"w-tabs-section-control\"><\/div><\/button><div  class=\"w-tabs-section-content\" id=\"content-kbff\"><div class=\"w-tabs-section-content-h i-cf\"><div class=\"wpb_text_column\"><div class=\"wpb_wrapper\"><p><strong>Tak, nasze oprogramowanie jest skalowalne i mo\u017ce by\u0107 u\u017cywane zar\u00f3wno w ma\u0142ych, jak i du\u017cych firmach. W callicon Apps znajdziesz wszystkie narz\u0119dzia potrzebne do optymalizacji proces\u00f3w biznesowych, niezale\u017cnie od wielko\u015bci firmy. Oferujemy r\u00f3\u017cne modele licencyjne i modu\u0142y, dzi\u0119ki czemu p\u0142acisz tylko za to, czego naprawd\u0119 potrzebujesz. <\/strong><\/p>\n<\/div><\/div><\/div><\/div><\/div><div class=\"w-tabs-section\" id=\"ac7a\"><button class=\"w-tabs-section-header\" aria-controls=\"content-ac7a\" aria-expanded=\"false\"><div class=\"w-tabs-section-title\">W jaki spos\u00f3b system MES wspiera automatyzacj\u0119 proces\u00f3w produkcyjnych?<\/div><div class=\"w-tabs-section-control\"><\/div><\/button><div  class=\"w-tabs-section-content\" id=\"content-ac7a\"><div class=\"w-tabs-section-content-h i-cf\"><div class=\"wpb_text_column\"><div class=\"wpb_wrapper\"><p><strong>System MES umo\u017cliwia po\u0142\u0105czenie w sie\u0107 maszyn, czujnik\u00f3w i system\u00f3w ERP, dzi\u0119ki czemu zlecenia produkcyjne mog\u0105 by\u0107 automatycznie kontrolowane, dostosowywane i dokumentowane.<\/strong><\/p>\n<\/div><\/div><\/div><\/div><\/div><div class=\"w-tabs-section\" id=\"mcf1\"><button class=\"w-tabs-section-header\" aria-controls=\"content-mcf1\" aria-expanded=\"false\"><div class=\"w-tabs-section-title\">Czy oprogramowanie MES firmy callicon jest odpowiednie r\u00f3wnie\u017c dla mniejszych firm?<\/div><div class=\"w-tabs-section-control\"><\/div><\/button><div  class=\"w-tabs-section-content\" id=\"content-mcf1\"><div class=\"w-tabs-section-content-h i-cf\"><div class=\"wpb_text_column\"><div class=\"wpb_wrapper\"><p><strong>Tak, nasze oprogramowanie jest skalowalne i mo\u017ce by\u0107 u\u017cywane zar\u00f3wno w ma\u0142ych, jak i du\u017cych firmach. W callicon Apps znajdziesz wszystkie narz\u0119dzia potrzebne do optymalizacji proces\u00f3w biznesowych, niezale\u017cnie od wielko\u015bci firmy. Oferujemy r\u00f3\u017cne modele licencyjne i modu\u0142y, dzi\u0119ki czemu p\u0142acisz tylko za to, czego naprawd\u0119 potrzebujesz. <\/strong><\/p>\n<\/div><\/div><\/div><\/div><\/div><div class=\"w-tabs-section\" id=\"zd68\"><button class=\"w-tabs-section-header\" aria-controls=\"content-zd68\" aria-expanded=\"false\"><div class=\"w-tabs-section-title\">Jakie funkcje raportowania i analizy oferuje system MES?<\/div><div class=\"w-tabs-section-control\"><\/div><\/button><div  class=\"w-tabs-section-content\" id=\"content-zd68\"><div class=\"w-tabs-section-content-h i-cf\"><div class=\"wpb_text_column\"><div class=\"wpb_wrapper\"><p><strong>Nasz system MES oferuje pulpity nawigacyjne w czasie rzeczywistym, analizy KPI i raporty dotycz\u0105ce wydajno\u015bci produkcji, przestoj\u00f3w, wska\u017anik\u00f3w odrzut\u00f3w i innych istotnych kluczowych danych w celu ci\u0105g\u0142ej optymalizacji procesu.<\/strong><\/p>\n<\/div><\/div><\/div><\/div><\/div><div class=\"w-tabs-section\" id=\"ddf2\"><button class=\"w-tabs-section-header\" aria-controls=\"content-ddf2\" aria-expanded=\"false\"><div class=\"w-tabs-section-title\">Czy rozwi\u0105zanie MES mo\u017cna dostosowa\u0107 do indywidualnych wymaga\u0144 firmy?<\/div><div class=\"w-tabs-section-control\"><\/div><\/button><div  class=\"w-tabs-section-content\" id=\"content-ddf2\"><div class=\"w-tabs-section-content-h i-cf\"><div class=\"wpb_text_column us_custom_95ebd667 has_text_color\"><div class=\"wpb_wrapper\"><p><strong>Tak, systemy MES maj\u0105 struktur\u0119 modu\u0142ow\u0105 i mog\u0105 by\u0107 elastycznie dostosowywane do konkretnych wymaga\u0144 produkcyjnych, zarz\u0105dzania partiami i proces\u00f3w WMS.<\/strong><\/p>\n<\/div><\/div><\/div><\/div><\/div><div class=\"w-tabs-section\" id=\"le7b\"><button class=\"w-tabs-section-header\" aria-controls=\"content-le7b\" aria-expanded=\"false\"><div class=\"w-tabs-section-title\">Na rynku dost\u0119pnych jest wiele system\u00f3w MES. Dlaczego powinienem wybra\u0107 callicon MES?<\/div><div class=\"w-tabs-section-control\"><\/div><\/button><div  class=\"w-tabs-section-content\" id=\"content-le7b\"><div class=\"w-tabs-section-content-h i-cf\"><div class=\"wpb_text_column us_custom_95ebd667 has_text_color\"><div class=\"wpb_wrapper\"><p><strong>Dzi\u0119ki naszej skalowalnej platformie przemys\u0142owej masz dost\u0119p do wszystkich narz\u0119dzi potrzebnych do zautomatyzowanego planowania, kontroli i monitorowania proces\u00f3w produkcyjnych i magazynowych. Nasze oprogramowanie mo\u017cna r\u00f3wnie\u017c \u0142atwo zintegrowa\u0107 z istniej\u0105cymi systemami, takimi jak ERP, zarz\u0105dzanie magazynem lub inne rozwi\u0105zania programowe. <\/strong><\/p>\n<\/div><\/div><\/div><\/div><\/div><\/div><\/div><div class=\"w-separator size_small\"><\/div><\/div><\/div><\/div><\/div><\/section>\n","protected":false},"excerpt":{"rendered":"Sukces mo\u017cna kontrolowa\u0107 &#8211; dzi\u0119ki naszemu systemowi MES Podnie\u015b wydajno\u015b\u0107 produkcji i intralogistyki na nowy poziom &#8211; dzi\u0119ki wydajnym rozwi\u0105zaniom systemowym callicon. Dzi\u0119ki naszej skalowalnej platformie przemys\u0142owej masz dost\u0119p do wszystkich narz\u0119dzi potrzebnych do zautomatyzowanego planowania, kontroli i monitorowania proces\u00f3w produkcyjnych i magazynowych. Podstaw\u0105 tego jest wypr\u00f3bowane i przetestowane rozwi\u0105zanie z przejrzystym modelem kosztowym i...","protected":false},"author":1,"featured_media":0,"parent":0,"menu_order":0,"comment_status":"closed","ping_status":"closed","template":"","meta":{"om_disable_all_campaigns":false,"_monsterinsights_skip_tracking":false,"_monsterinsights_sitenote_active":false,"_monsterinsights_sitenote_note":"","_monsterinsights_sitenote_category":0,"footnotes":""},"class_list":["post-10317","page","type-page","status-publish","hentry"],"aioseo_notices":[],"_links":{"self":[{"href":"https:\/\/callicon.de\/pl\/wp-json\/wp\/v2\/pages\/10317","targetHints":{"allow":["GET"]}}],"collection":[{"href":"https:\/\/callicon.de\/pl\/wp-json\/wp\/v2\/pages"}],"about":[{"href":"https:\/\/callicon.de\/pl\/wp-json\/wp\/v2\/types\/page"}],"author":[{"embeddable":true,"href":"https:\/\/callicon.de\/pl\/wp-json\/wp\/v2\/users\/1"}],"replies":[{"embeddable":true,"href":"https:\/\/callicon.de\/pl\/wp-json\/wp\/v2\/comments?post=10317"}],"version-history":[{"count":10,"href":"https:\/\/callicon.de\/pl\/wp-json\/wp\/v2\/pages\/10317\/revisions"}],"predecessor-version":[{"id":12446,"href":"https:\/\/callicon.de\/pl\/wp-json\/wp\/v2\/pages\/10317\/revisions\/12446"}],"wp:attachment":[{"href":"https:\/\/callicon.de\/pl\/wp-json\/wp\/v2\/media?parent=10317"}],"curies":[{"name":"wp","href":"https:\/\/api.w.org\/{rel}","templated":true}]}}