{"id":10323,"date":"2024-10-15T20:21:29","date_gmt":"2024-10-15T18:21:29","guid":{"rendered":"https:\/\/callicon.de\/centralne-dane-podstawowe\/"},"modified":"2025-01-10T19:08:07","modified_gmt":"2025-01-10T18:08:07","slug":"centralne-dane-bazowe","status":"publish","type":"page","link":"https:\/\/callicon.de\/pl\/centralne-dane-bazowe\/","title":{"rendered":"Centralne dane bazowe"},"content":{"rendered":"<section class=\"l-section wpb_row us_custom_681ed7c5 height_auto\"><div class=\"l-section-h i-cf\"><div class=\"g-cols vc_row via_grid cols_1 laptops-cols_inherit tablets-cols_inherit mobiles-cols_1 valign_top type_default stacking_default\"><div class=\"wpb_column vc_column_container\"><div class=\"vc_column-inner\"><div class=\"w-separator size_small\"><\/div><div class=\"w-separator size_medium\"><\/div>[vc_custom_heading text=&#8221;Callicon App Centralne dane bazowe&#8221; font_container=&#8221;tag:h1|font_size:2.6rem|text_align:left|color:%231D7B45&#8243; use_theme_fonts=&#8221;yes&#8221;]<div class=\"w-separator size_medium\"><\/div><div class=\"g-cols wpb_row via_grid cols_1-3 laptops-cols_inherit tablets-cols_inherit mobiles-cols_1 valign_top type_default stacking_default\" style=\"--columns-gap:3rem;\"><div class=\"wpb_column vc_column_container\"><div class=\"vc_column-inner\"><div class=\"w-image align_left\"><div class=\"w-image-h\"><img decoding=\"async\" width=\"400\" height=\"479\" src=\"https:\/\/callicon.de\/wp-content\/uploads\/2025\/01\/PL_Zentrale-Stammdaten_x2.png\" class=\"attachment-full size-full\" alt=\"\" loading=\"lazy\" srcset=\"https:\/\/callicon.de\/wp-content\/uploads\/2025\/01\/PL_Zentrale-Stammdaten_x2.png 400w, https:\/\/callicon.de\/wp-content\/uploads\/2025\/01\/PL_Zentrale-Stammdaten_x2-251x300.png 251w\" sizes=\"auto, (max-width: 400px) 100vw, 400px\" \/><\/div><\/div><\/div><\/div><div class=\"wpb_column vc_column_container\"><div class=\"vc_column-inner\"><div class=\"w-separator size_custom\" style=\"height:5px\"><\/div>[vc_custom_heading text=&#8221;Aplikacja Centralne dane bazowe&#8221; font_container=&#8221;tag:h3|text_align:left&#8221; use_theme_fonts=&#8221;yes&#8221;]<div class=\"wpb_text_column\"><div class=\"wpb_wrapper\"><h4>Wszystkie dane biznesowe w jednym miejscu<\/h4>\n<p>Niezawodne i przejrzyste dane podstawowe stanowi\u0105 podstaw\u0119 proces\u00f3w biznesowych. Poniewa\u017c wiele r\u00f3\u017cnych aplikacji uzyskuje do nich dost\u0119p, wa\u017cne jest, aby wszystkie informacje by\u0142y przechowywane i zarz\u0105dzane centralnie w jednym miejscu, takie jak g\u0142\u00f3wne dane klient\u00f3w, dostawc\u00f3w, produkt\u00f3w, magazyn\u00f3w i finans\u00f3w. Odpowiednie aplikacje wykorzystuj\u0105 centralne dane podstawowe.<\/p>\n<\/div><\/div><\/div><\/div><\/div><div class=\"w-separator size_huge\"><\/div><\/div><\/div><\/div><\/div><\/section><section class=\"l-section wpb_row us_custom_1ea44603 height_small\"><div class=\"l-section-h i-cf\"><div class=\"g-cols vc_row via_grid cols_4-1 laptops-cols_inherit tablets-cols_inherit mobiles-cols_1 valign_top type_default stacking_default\"><div class=\"wpb_column vc_column_container\"><div class=\"vc_column-inner\"><div class=\"w-separator size_small\"><\/div><div class=\"wpb_text_column us_custom_6df4bc3a has_text_color\"><div class=\"wpb_wrapper\"><h6>Wykorzystaj sw\u00f3j potencja\u0142, aby zwi\u0119kszy\u0107 wydajno\u015b\u0107 &#8211; dostosowan\u0105 do Twoich potrzeb!<br \/>\nZ osobistym pakietem aplikacji od callicon.<\/h6>\n<\/div><\/div><\/div><\/div><div class=\"wpb_column vc_column_container\"><div class=\"vc_column-inner\"><div class=\"w-separator size_custom\" style=\"height:20px\"><\/div><div class=\"w-popup w-btn-wrapper align_center\"><button class=\"w-popup-trigger type_btn w-btn us-btn-style_29\" aria-label=\"Skontaktuj si\u0119 z nami ju\u017c teraz!\" type=\"button\"><span class=\"w-btn-label\">Skontaktuj si\u0119 z nami ju\u017c teraz!<\/span><\/button><div class=\"w-popup-overlay\" style=\"background:rgba(0,0,0,0.10);\"><\/div><div class=\"w-popup-wrap layout_default\" role=\"dialog\" aria-modal=\"true\" aria-label=\"Okienko popup\" style=\"--title-color:var(--color-content-heading);--title-bg-color:var(--color-content-bg-alt);--content-color:var(--color-content-text);--content-bg-color:var(--color-content-bg);--popup-border-radius:15px;--popup-width:600px;--popup-padding:5%;\"><div class=\"w-popup-box animation_slideTop closerpos_inside without_title\"><div class=\"w-popup-box-h\"><button aria-label=\"Zamknij\" class=\"w-popup-closer\" type=\"button\"><\/button><div class=\"w-popup-box-content\"><p><p class=\"wpcf7-contact-form-not-found\"><strong>B\u0142\u0105d:<\/strong> Brak formularza kontaktowego.<\/p><\/p>\n<\/div><\/div><\/div><\/div><\/div><\/div><\/div><\/div><\/div><\/section><section class=\"l-section wpb_row height_custom\"><div class=\"l-section-h i-cf\"><div class=\"g-cols vc_row via_grid cols_1 laptops-cols_inherit tablets-cols_inherit mobiles-cols_1 valign_top type_default stacking_default\"><div class=\"wpb_column vc_column_container\"><div class=\"vc_column-inner\"><div class=\"wpb_text_column\"><div class=\"wpb_wrapper\"><p><span style=\"font-size: 20px; color: #1a1a1a;\"><span style=\"color: #1d7b45;\">FAQ<\/span><br \/>\n<\/span><\/p>\n<\/div><\/div><div class=\"w-separator size_small\"><\/div><div class=\"wpb_text_column\"><div class=\"wpb_wrapper\"><h3>Cz\u0119sto zadawane pytania dotycz\u0105ce aplikacji Callicon<\/h3>\n<\/div><\/div><div class=\"w-separator size_medium\"><\/div><div class=\"w-tabs style_default switch_click accordion remove_indents\" style=\"--sections-title-size:1.0rem\"><div class=\"w-tabs-sections titles-align_none icon_chevron cpos_right\"><div class=\"w-tabs-section\" id=\"f505\"><button class=\"w-tabs-section-header\" aria-controls=\"content-f505\" aria-expanded=\"false\"><div class=\"w-tabs-section-title\">W jaki spos\u00f3b oprogramowanie wspiera zgodno\u015b\u0107 z normami dotycz\u0105cymi \u017cywno\u015bci i wymogami prawnymi?<\/div><div class=\"w-tabs-section-control\"><\/div><\/button><div  class=\"w-tabs-section-content\" id=\"content-f505\"><div class=\"w-tabs-section-content-h i-cf\"><div class=\"wpb_text_column us_custom_064d3121\"><div class=\"wpb_wrapper\"><p>Nasze oprogramowanie pomaga zachowa\u0107 zgodno\u015b\u0107 z normami takimi jak HACCP i ISO oraz oferuje funkcje identyfikowalno\u015bci i dokumentacji w celu spe\u0142nienia wymog\u00f3w prawnych.<\/p>\n<\/div><\/div><\/div><\/div><\/div><div class=\"w-tabs-section\" id=\"b59a\"><button class=\"w-tabs-section-header\" aria-controls=\"content-b59a\" aria-expanded=\"false\"><div class=\"w-tabs-section-title\">Czy oprogramowanie wsp\u00f3\u0142pracuje z moimi istniej\u0105cymi systemami?<\/div><div class=\"w-tabs-section-control\"><\/div><\/button><div  class=\"w-tabs-section-content\" id=\"content-b59a\"><div class=\"w-tabs-section-content-h i-cf\"><div class=\"wpb_text_column us_custom_064d3121\"><div class=\"wpb_wrapper\"><p>Tak, nasze rozwi\u0105zania mog\u0105 \u0142atwo wymienia\u0107 dane z popularnymi systemami ERP i POS, a tak\u017ce systemami zarz\u0105dzania danymi (takimi jak GS1).<\/p>\n<\/div><\/div><\/div><\/div><\/div><div class=\"w-tabs-section\" id=\"t61d\"><button class=\"w-tabs-section-header\" aria-controls=\"content-t61d\" aria-expanded=\"false\"><div class=\"w-tabs-section-title\">Czy rozwi\u0105zania Callicon s\u0105 dost\u0119pne na ka\u017cdym urz\u0105dzeniu, niezale\u017cnie od lokalizacji?<\/div><div class=\"w-tabs-section-control\"><\/div><\/button><div  class=\"w-tabs-section-content\" id=\"content-t61d\"><div class=\"w-tabs-section-content-h i-cf\"><div class=\"wpb_text_column us_custom_064d3121\"><div class=\"wpb_wrapper\"><p>Tak, wszystkie rozwi\u0105zania Callicon s\u0105 oparte na sieci i dlatego s\u0105 dost\u0119pne na dowolnym urz\u0105dzeniu, w dowolnym czasie i z dowolnego miejsca.<\/p>\n<\/div><\/div><\/div><\/div><\/div><div class=\"w-tabs-section\" id=\"f69b\"><button class=\"w-tabs-section-header\" aria-controls=\"content-f69b\" aria-expanded=\"false\"><div class=\"w-tabs-section-title\">Jak mo\u017cna dostosowa\u0107 oprogramowanie do potrzeb mojej firmy?<\/div><div class=\"w-tabs-section-control\"><\/div><\/button><div  class=\"w-tabs-section-content\" id=\"content-f69b\"><div class=\"w-tabs-section-content-h i-cf\"><div class=\"wpb_text_column us_custom_064d3121\"><div class=\"wpb_wrapper\"><p>Rozwi\u0105zanie jest elastyczne i mo\u017cna je dostosowa\u0107 do konkretnych wymaga\u0144 i przep\u0142yw\u00f3w pracy w firmie.<\/p>\n<\/div><\/div><\/div><\/div><\/div><div class=\"w-tabs-section\" id=\"x71e\"><button class=\"w-tabs-section-header\" aria-controls=\"content-x71e\" aria-expanded=\"false\"><div class=\"w-tabs-section-title\">Jakie korzy\u015bci oferuje oprogramowanie w por\u00f3wnaniu z innymi rozwi\u0105zaniami?<\/div><div class=\"w-tabs-section-control\"><\/div><\/button><div  class=\"w-tabs-section-content\" id=\"content-x71e\"><div class=\"w-tabs-section-content-h i-cf\"><div class=\"wpb_text_column us_custom_064d3121\"><div class=\"wpb_wrapper\"><p>Nasze oprogramowanie zosta\u0142o opracowane specjalnie dla przemys\u0142u spo\u017cywczego i oferuje kompleksowe funkcje optymalizacji i automatyzacji proces\u00f3w specyficznych dla bran\u017cy.<\/p>\n<\/div><\/div><\/div><\/div><\/div><\/div><\/div><div class=\"w-separator size_small\"><\/div><\/div><\/div><\/div><\/div><\/section>\n","protected":false},"excerpt":{"rendered":"[vc_custom_heading text=\"Callicon App Centralne dane bazowe\" font_container=\"tag:h1|font_size:2.6rem|text_align:left|color:%231D7B45\" use_theme_fonts=\"yes\"][vc_custom_heading text=\"Aplikacja Centralne dane bazowe\" font_container=\"tag:h3|text_align:left\" use_theme_fonts=\"yes\"]Wszystkie dane biznesowe w jednym miejscu Niezawodne i przejrzyste dane podstawowe stanowi\u0105 podstaw\u0119 proces\u00f3w biznesowych. Poniewa\u017c wiele r\u00f3\u017cnych aplikacji uzyskuje do nich dost\u0119p, wa\u017cne jest, aby wszystkie informacje by\u0142y przechowywane i zarz\u0105dzane centralnie w jednym miejscu, takie jak g\u0142\u00f3wne dane klient\u00f3w, dostawc\u00f3w,...","protected":false},"author":1,"featured_media":0,"parent":0,"menu_order":0,"comment_status":"closed","ping_status":"closed","template":"","meta":{"om_disable_all_campaigns":false,"_monsterinsights_skip_tracking":false,"_monsterinsights_sitenote_active":false,"_monsterinsights_sitenote_note":"","_monsterinsights_sitenote_category":0,"footnotes":""},"class_list":["post-10323","page","type-page","status-publish","hentry"],"aioseo_notices":[],"_links":{"self":[{"href":"https:\/\/callicon.de\/pl\/wp-json\/wp\/v2\/pages\/10323","targetHints":{"allow":["GET"]}}],"collection":[{"href":"https:\/\/callicon.de\/pl\/wp-json\/wp\/v2\/pages"}],"about":[{"href":"https:\/\/callicon.de\/pl\/wp-json\/wp\/v2\/types\/page"}],"author":[{"embeddable":true,"href":"https:\/\/callicon.de\/pl\/wp-json\/wp\/v2\/users\/1"}],"replies":[{"embeddable":true,"href":"https:\/\/callicon.de\/pl\/wp-json\/wp\/v2\/comments?post=10323"}],"version-history":[{"count":8,"href":"https:\/\/callicon.de\/pl\/wp-json\/wp\/v2\/pages\/10323\/revisions"}],"predecessor-version":[{"id":11844,"href":"https:\/\/callicon.de\/pl\/wp-json\/wp\/v2\/pages\/10323\/revisions\/11844"}],"wp:attachment":[{"href":"https:\/\/callicon.de\/pl\/wp-json\/wp\/v2\/media?parent=10323"}],"curies":[{"name":"wp","href":"https:\/\/api.w.org\/{rel}","templated":true}]}}