{"id":10330,"date":"2024-10-15T20:17:27","date_gmt":"2024-10-15T18:17:27","guid":{"rendered":"https:\/\/callicon.de\/konserwacja\/"},"modified":"2025-08-21T15:19:11","modified_gmt":"2025-08-21T13:19:11","slug":"utrzymanie_ruchu","status":"publish","type":"page","link":"https:\/\/callicon.de\/pl\/utrzymanie_ruchu\/","title":{"rendered":"Serwis techniczny"},"content":{"rendered":"<section class=\"l-section wpb_row us_custom_681ed7c5 height_auto\"><div class=\"l-section-h i-cf\"><div class=\"g-cols vc_row via_grid cols_1 laptops-cols_inherit tablets-cols_inherit mobiles-cols_1 valign_top type_default stacking_default\"><div class=\"wpb_column vc_column_container\"><div class=\"vc_column-inner\"><div class=\"w-separator size_small\"><\/div><div class=\"w-separator size_medium\"><\/div>[vc_custom_heading text=&#8221;callicon Maintenance App&#8221; font_container=&#8221;tag:h1|font_size:2.6rem|text_align:left|color:%231D7B45&#8243; use_theme_fonts=&#8221;yes&#8221;]<div class=\"w-separator size_medium\"><\/div><div class=\"g-cols wpb_row via_grid cols_1-3 laptops-cols_inherit tablets-cols_inherit mobiles-cols_1 valign_top type_default stacking_default\" style=\"--columns-gap:3rem;\"><div class=\"wpb_column vc_column_container\"><div class=\"vc_column-inner\"><div class=\"w-separator size_small\"><\/div><div class=\"w-image align_left\"><div class=\"w-image-h\"><img decoding=\"async\" width=\"400\" height=\"479\" src=\"https:\/\/callicon.de\/wp-content\/uploads\/2025\/01\/CMMS_x2.png\" class=\"attachment-full size-full\" alt=\"\" loading=\"lazy\" srcset=\"https:\/\/callicon.de\/wp-content\/uploads\/2025\/01\/CMMS_x2.png 400w, https:\/\/callicon.de\/wp-content\/uploads\/2025\/01\/CMMS_x2-251x300.png 251w\" sizes=\"auto, (max-width: 400px) 100vw, 400px\" \/><\/div><\/div><\/div><\/div><div class=\"wpb_column vc_column_container\"><div class=\"vc_column-inner\">[vc_custom_heading text=&#8221;Aplikacja dla serwisu technicznego (Computerized Maintenance Management System)&#8221; font_container=&#8221;tag:h3|text_align:left|color:%231D7B45&#8243; use_theme_fonts=&#8221;yes&#8221; css=&#8221;%7B%22default%22%3A%7B%22color%22%3A%22%231a1a1a%22%7D%7D&#8221;]<div class=\"wpb_text_column\"><div class=\"wpb_wrapper\"><h4>Maksymalna dost\u0119pno\u015b\u0107 system\u00f3w<\/h4>\n<p>Awaria linii produkcyjnej kosztuje &#8211; dzi\u0119ki inteligentnej, prewencyjnej aplikacji Callicon Maintainance App mo\u017cna zwi\u0119kszy\u0107 dost\u0119pno\u015b\u0107 systemu, zapewni\u0107 zdolno\u015b\u0107 do realizacji dostaw, a tak\u017ce unikn\u0105\u0107 wysokich koszt\u00f3w napraw. Oprogramowanie przez ca\u0142y czas pilnuje r\u00f3wnie\u017c wymog\u00f3w certyfikacji ISO: Zlecenia inspekcji i serwisu s\u0105 wyposa\u017cone w unikalny system priorytetyzacji. Dzi\u0119ki zintegrowanemu modu\u0142owi walidacji konserwacja podlega procesowi ci\u0105g\u0142ego doskonalenia, w tym identyfikowalno\u015bci poszczeg\u00f3lnych etap\u00f3w procesu.<\/p>\n<\/div><\/div><\/div><\/div><\/div><div class=\"w-separator size_huge\"><\/div><\/div><\/div><\/div><\/div><\/section><section class=\"l-section wpb_row us_custom_1ea44603 height_small\"><div class=\"l-section-h i-cf\"><div class=\"g-cols vc_row via_grid cols_4-1 laptops-cols_inherit tablets-cols_inherit mobiles-cols_1 valign_top type_default stacking_default\"><div class=\"wpb_column vc_column_container\"><div class=\"vc_column-inner\"><div class=\"w-separator size_small\"><\/div><div class=\"wpb_text_column us_custom_6df4bc3a has_text_color\"><div class=\"wpb_wrapper\"><h6>Wykorzystaj sw\u00f3j potencja\u0142, aby zwi\u0119kszy\u0107 wydajno\u015b\u0107 &#8211; dostosowan\u0105 do Twoich potrzeb!<br \/>\nZ osobistym pakietem aplikacji od callicon.<\/h6>\n<\/div><\/div><\/div><\/div><div class=\"wpb_column vc_column_container\"><div class=\"vc_column-inner\"><div class=\"w-separator size_custom\" style=\"height:20px\"><\/div><div class=\"w-popup w-btn-wrapper align_center\"><button class=\"w-popup-trigger type_btn w-btn us-btn-style_29\" aria-label=\"Skontaktuj si\u0119 z nami ju\u017c teraz!\" type=\"button\"><span class=\"w-btn-label\">Skontaktuj si\u0119 z nami ju\u017c teraz!<\/span><\/button><div class=\"w-popup-overlay\" style=\"background:rgba(0,0,0,0.10);\"><\/div><div class=\"w-popup-wrap layout_default\" role=\"dialog\" aria-modal=\"true\" aria-label=\"Okienko popup\" style=\"--title-color:var(--color-content-heading);--title-bg-color:var(--color-content-bg-alt);--content-color:var(--color-content-text);--content-bg-color:var(--color-content-bg);--popup-border-radius:15px;--popup-width:600px;--popup-padding:5%;\"><div class=\"w-popup-box animation_slideTop closerpos_inside without_title\"><div class=\"w-popup-box-h\"><button aria-label=\"Zamknij\" class=\"w-popup-closer\" type=\"button\"><\/button><div class=\"w-popup-box-content\"><p><p class=\"wpcf7-contact-form-not-found\"><strong>B\u0142\u0105d:<\/strong> Brak formularza kontaktowego.<\/p><\/p>\n<\/div><\/div><\/div><\/div><\/div><\/div><\/div><\/div><\/div><\/section><section class=\"l-section wpb_row height_custom\"><div class=\"l-section-h i-cf\"><div class=\"g-cols vc_row via_grid cols_1 laptops-cols_inherit tablets-cols_inherit mobiles-cols_1 valign_top type_default stacking_default\"><div class=\"wpb_column vc_column_container\"><div class=\"vc_column-inner\"><div class=\"wpb_text_column\"><div class=\"wpb_wrapper\"><p><span style=\"font-size: 20px; color: #1a1a1a;\"><span style=\"color: #1d7b45;\">Najcz\u0119\u015bciej zadawane pytania<\/span><br \/>\n<\/span><\/p>\n<\/div><\/div><div class=\"w-separator size_small\"><\/div><div class=\"wpb_text_column\"><div class=\"wpb_wrapper\"><h3>Cz\u0119sto zadawane pytania dotycz\u0105ce aplikacji Maintainance<\/h3>\n<\/div><\/div><div class=\"w-separator size_medium\"><\/div><div class=\"w-tabs style_default switch_click accordion remove_indents\" style=\"--sections-title-size:1.0rem\"><div class=\"w-tabs-sections titles-align_none icon_chevron cpos_right\"><div class=\"w-tabs-section\" id=\"sc6d\"><button class=\"w-tabs-section-header\" aria-controls=\"content-sc6d\" aria-expanded=\"false\"><div class=\"w-tabs-section-title\">Jakie funkcje oferuje aplikacja Maintenance?<\/div><div class=\"w-tabs-section-control\"><\/div><\/button><div  class=\"w-tabs-section-content\" id=\"content-sc6d\"><div class=\"w-tabs-section-content-h i-cf\"><div class=\"wpb_text_column us_custom_064d3121\"><div class=\"wpb_wrapper\"><p>Aplikacja wspiera planowanie, zarz\u0105dzanie i dokumentowanie dzia\u0142a\u0144 konserwacyjnych i serwisowych. Umo\u017cliwia rejestrowanie zlece\u0144 konserwacji, planowanie dzia\u0142a\u0144 oraz zarz\u0105dzanie cz\u0119\u015bciami zamiennymi i godzinami pracy.<\/p>\n<\/div><\/div><\/div><\/div><\/div><div class=\"w-tabs-section\" id=\"od06\"><button class=\"w-tabs-section-header\" aria-controls=\"content-od06\" aria-expanded=\"false\"><div class=\"w-tabs-section-title\">Czy aplikacja mo\u017ce zaplanowa\u0107 konserwacj\u0119 zapobiegawcz\u0105?<\/div><div class=\"w-tabs-section-control\"><\/div><\/button><div  class=\"w-tabs-section-content\" id=\"content-od06\"><div class=\"w-tabs-section-content-h i-cf\"><div class=\"wpb_text_column us_custom_064d3121\"><div class=\"wpb_wrapper\"><p>Tak, aplikacja umo\u017cliwia skonfigurowanie plan\u00f3w konserwacji zapobiegawczej w oparciu o przedzia\u0142y czasowe lub godziny pracy. Mo\u017ce to skr\u00f3ci\u0107 nieplanowane przestoje i wyd\u0142u\u017cy\u0107 \u017cywotno\u015b\u0107 maszyn.<\/p>\n<\/div><\/div><\/div><\/div><\/div><div class=\"w-tabs-section\" id=\"nd90\"><button class=\"w-tabs-section-header\" aria-controls=\"content-nd90\" aria-expanded=\"false\"><div class=\"w-tabs-section-title\">Czy aplikacja mo\u017ce wyzwala\u0107 automatyczne powiadomienia i eskalacje?<\/div><div class=\"w-tabs-section-control\"><\/div><\/button><div  class=\"w-tabs-section-content\" id=\"content-nd90\"><div class=\"w-tabs-section-content-h i-cf\"><div class=\"wpb_text_column us_custom_064d3121\"><div class=\"wpb_wrapper\"><p>Tak, aplikacja oferuje automatyczne przypomnienia o zbli\u017caj\u0105cej si\u0119 konserwacji i mechanizmy eskalacji dla zaleg\u0142ych lub krytycznych przypadk\u00f3w konserwacji.<\/p>\n<\/div><\/div><\/div><\/div><\/div><div class=\"w-tabs-section\" id=\"je12\"><button class=\"w-tabs-section-header\" aria-controls=\"content-je12\" aria-expanded=\"false\"><div class=\"w-tabs-section-title\">Czy mo\u017cliwe s\u0105 raporty i analizy dzia\u0142a\u0144 konserwacyjnych?<\/div><div class=\"w-tabs-section-control\"><\/div><\/button><div  class=\"w-tabs-section-content\" id=\"content-je12\"><div class=\"w-tabs-section-content-h i-cf\"><div class=\"wpb_text_column us_custom_064d3121\"><div class=\"wpb_wrapper\"><p>Tak, aplikacja oferuje rozbudowane funkcje raportowania i analizy w celu oceny koszt\u00f3w konserwacji, przestoj\u00f3w i wska\u017anik\u00f3w wydajno\u015bci.<\/p>\n<\/div><\/div><\/div><\/div><\/div><div class=\"w-tabs-section\" id=\"de93\"><button class=\"w-tabs-section-header\" aria-controls=\"content-de93\" aria-expanded=\"false\"><div class=\"w-tabs-section-title\">Czy aplikacja oferuje integracj\u0119 z systemami ERP i produkcyjnymi?<\/div><div class=\"w-tabs-section-control\"><\/div><\/button><div  class=\"w-tabs-section-content\" id=\"content-de93\"><div class=\"w-tabs-section-content-h i-cf\"><div class=\"wpb_text_column us_custom_064d3121\"><div class=\"wpb_wrapper\"><p>Tak, aplikacj\u0119 mo\u017cna zintegrowa\u0107 z istniej\u0105cymi systemami ERP i MES, aby po\u0142\u0105czy\u0107 dane dotycz\u0105ce konserwacji z innymi procesami firmy i umo\u017cliwi\u0107 p\u0142ynne zarz\u0105dzanie konserwacj\u0105.<\/p>\n<\/div><\/div><\/div><\/div><\/div><\/div><\/div><div class=\"w-separator size_small\"><\/div><\/div><\/div><\/div><\/div><\/section>\n","protected":false},"excerpt":{"rendered":"[vc_custom_heading text=\"callicon Maintenance App\" font_container=\"tag:h1|font_size:2.6rem|text_align:left|color:%231D7B45\" use_theme_fonts=\"yes\"][vc_custom_heading text=\"Aplikacja dla serwisu technicznego (Computerized Maintenance Management System)\" font_container=\"tag:h3|text_align:left|color:%231D7B45\" use_theme_fonts=\"yes\" css=\"%7B%22default%22%3A%7B%22color%22%3A%22%231a1a1a%22%7D%7D\"]Maksymalna dost\u0119pno\u015b\u0107 system\u00f3w Awaria linii produkcyjnej kosztuje &#8211; dzi\u0119ki inteligentnej, prewencyjnej aplikacji Callicon Maintainance App mo\u017cna zwi\u0119kszy\u0107 dost\u0119pno\u015b\u0107 systemu, zapewni\u0107 zdolno\u015b\u0107 do realizacji dostaw, a tak\u017ce unikn\u0105\u0107 wysokich koszt\u00f3w napraw. Oprogramowanie przez ca\u0142y czas pilnuje r\u00f3wnie\u017c wymog\u00f3w certyfikacji ISO:...","protected":false},"author":1,"featured_media":0,"parent":0,"menu_order":0,"comment_status":"closed","ping_status":"closed","template":"","meta":{"om_disable_all_campaigns":false,"_monsterinsights_skip_tracking":false,"_monsterinsights_sitenote_active":false,"_monsterinsights_sitenote_note":"","_monsterinsights_sitenote_category":0,"footnotes":""},"class_list":["post-10330","page","type-page","status-publish","hentry"],"aioseo_notices":[],"_links":{"self":[{"href":"https:\/\/callicon.de\/pl\/wp-json\/wp\/v2\/pages\/10330","targetHints":{"allow":["GET"]}}],"collection":[{"href":"https:\/\/callicon.de\/pl\/wp-json\/wp\/v2\/pages"}],"about":[{"href":"https:\/\/callicon.de\/pl\/wp-json\/wp\/v2\/types\/page"}],"author":[{"embeddable":true,"href":"https:\/\/callicon.de\/pl\/wp-json\/wp\/v2\/users\/1"}],"replies":[{"embeddable":true,"href":"https:\/\/callicon.de\/pl\/wp-json\/wp\/v2\/comments?post=10330"}],"version-history":[{"count":10,"href":"https:\/\/callicon.de\/pl\/wp-json\/wp\/v2\/pages\/10330\/revisions"}],"predecessor-version":[{"id":12402,"href":"https:\/\/callicon.de\/pl\/wp-json\/wp\/v2\/pages\/10330\/revisions\/12402"}],"wp:attachment":[{"href":"https:\/\/callicon.de\/pl\/wp-json\/wp\/v2\/media?parent=10330"}],"curies":[{"name":"wp","href":"https:\/\/api.w.org\/{rel}","templated":true}]}}