{"id":10338,"date":"2024-10-15T19:05:16","date_gmt":"2024-10-15T17:05:16","guid":{"rendered":"https:\/\/callicon.de\/firma\/"},"modified":"2025-01-23T14:33:03","modified_gmt":"2025-01-23T13:33:03","slug":"firma","status":"publish","type":"page","link":"https:\/\/callicon.de\/pl\/firma\/","title":{"rendered":"Firma"},"content":{"rendered":"<section class=\"l-section wpb_row us_custom_f7ecab66 height_auto\"><div class=\"l-section-h i-cf\"><div class=\"g-cols vc_row via_grid cols_1 laptops-cols_inherit tablets-cols_inherit mobiles-cols_1 valign_top type_default stacking_default\" style=\"--columns-gap:1rem;\"><div class=\"wpb_column vc_column_container\"><div class=\"vc_column-inner\"><div class=\"w-separator size_small\"><\/div><div class=\"w-separator size_medium\"><\/div><div class=\"w-separator size_medium\"><\/div><div class=\"w-separator size_medium\"><\/div><div class=\"wpb_text_column us_custom_e16b0115\"><div class=\"wpb_wrapper\"><p><span style=\"color: #ffffff;\">callicon <\/span>The fresh software<\/p>\n<\/div><\/div><div class=\"w-separator size_small\"><\/div><div class=\"w-separator size_large\"><\/div><div class=\"w-separator size_large\"><\/div><\/div><\/div><\/div><\/div><\/section><section class=\"l-section wpb_row us_custom_681ed7c5 height_custom\"><div class=\"l-section-h i-cf\"><div class=\"g-cols vc_row via_grid cols_1 laptops-cols_inherit tablets-cols_inherit mobiles-cols_1 valign_top type_default stacking_default\"><div class=\"wpb_column vc_column_container\"><div class=\"vc_column-inner\"><div class=\"g-cols wpb_row via_grid cols_5-1 laptops-cols_inherit tablets-cols_inherit mobiles-cols_1 valign_top type_default stacking_default\" style=\"--columns-gap:3rem;\"><div class=\"wpb_column vc_column_container\"><div class=\"vc_column-inner\"><div class=\"wpb_text_column\"><div class=\"wpb_wrapper\"><p>\u015awie\u017co\u015b\u0107 jest naszym motywem przewodnim w callicon. Nie tylko dlatego, \u017ce zajmujemy si\u0119 oprogramowaniem zwi\u0105zanym z \u017cywno\u015bci\u0105. Dla nas \u015bwie\u017co\u015b\u0107 oznacza r\u00f3wnie\u017c dostrzeganie wyj\u0105tkowo\u015bci w ka\u017cdym zam\u00f3wieniu, podchodzenie do niego w zupe\u0142nie inny spos\u00f3b i oferowanie innowacyjnych rozwi\u0105za\u0144, kt\u00f3re tworz\u0105 warto\u015b\u0107 dodan\u0105. Zmniejszamy z\u0142o\u017cono\u015b\u0107 dla naszych klient\u00f3w, automatyzujemy procesy i dbamy o \u0142atwo\u015b\u0107 obs\u0142ugi. Dzi\u0119ki 40-letniemu do\u015bwiadczeniu w bran\u017cy i ambicji, by ka\u017cdego dnia stawa\u0107 si\u0119 jeszcze lepszymi, jeste\u015bmy po Twojej stronie!<\/p>\n<\/div><\/div><\/div><\/div><div class=\"wpb_column vc_column_container\"><div class=\"vc_column-inner\"><\/div><\/div><\/div><\/div><\/div><\/div><\/div><\/section><section class=\"l-section wpb_row us_custom_4fb9e5a3 height_custom\"><div class=\"l-section-h i-cf\"><div class=\"g-cols vc_row via_grid cols_1 laptops-cols_inherit tablets-cols_inherit mobiles-cols_1 valign_top type_default stacking_default\"><div class=\"wpb_column vc_column_container\"><div class=\"vc_column-inner\"><div class=\"g-cols wpb_row us_custom_93715fb7 via_grid cols_1-3 laptops-cols_inherit tablets-cols_inherit mobiles-cols_1 valign_top type_default reversed stacking_default\" style=\"--columns-gap:3rem;\"><div class=\"wpb_column vc_column_container us_custom_5bc93cf3 has_bg_color\"><div class=\"vc_column-inner\"><div class=\"w-separator size_huge\"><\/div><\/div><\/div><div class=\"wpb_column vc_column_container\"><div class=\"vc_column-inner\"><div class=\"w-separator size_medium\"><\/div><div class=\"wpb_text_column\"><div class=\"wpb_wrapper\"><h6><span style=\"color: #1d7b45;\">Nasza misja. <\/span>callicon oznacza innowacyjne, uczciwe i elastyczne rozwi\u0105zania programowe, kt\u00f3re nie tworz\u0105 niepotrzebnej z\u0142o\u017cono\u015bci, ale s\u0105 dok\u0142adnie dostosowane do Twoich potrzeb. Od wst\u0119pnej analizy i koncepcji rozwi\u0105zania po wdro\u017cenie i bie\u017c\u0105c\u0105 konserwacj\u0119, jeste\u015bmy Twoim punktem kontaktowym. Wierzymy w zr\u00f3wnowa\u017cone partnerstwa, kt\u00f3re s\u0105 wzmacniane przez zaufanie i innowacje.<\/h6>\n<\/div><\/div><div class=\"w-separator size_medium\"><\/div><\/div><\/div><\/div><\/div><\/div><\/div><\/div><\/section><section class=\"l-section wpb_row height_auto\"><div class=\"l-section-h i-cf\"><div class=\"g-cols vc_row via_grid cols_1 laptops-cols_inherit tablets-cols_inherit mobiles-cols_1 valign_top type_default stacking_default\"><div class=\"wpb_column vc_column_container\"><div class=\"vc_column-inner\"><div class=\"g-cols wpb_row via_grid cols_2 laptops-cols_inherit tablets-cols_inherit mobiles-cols_1 valign_top type_default stacking_default\" style=\"--columns-gap:3rem;\"><div class=\"wpb_column vc_column_container\"><div class=\"vc_column-inner\"><div class=\"w-image align_left\"><div class=\"w-image-h\"><img decoding=\"async\" width=\"220\" height=\"180\" src=\"https:\/\/callicon.de\/wp-content\/uploads\/2024\/11\/band.png\" class=\"attachment-full size-full\" alt=\"Ganzheitliche L\u00f6sungen\" loading=\"lazy\" \/><\/div><\/div><div class=\"w-separator size_small\"><\/div><div class=\"wpb_text_column\"><div class=\"wpb_wrapper\"><p><strong>Kompleksowe rozwi\u0105zania dla przemys\u0142u spo\u017cywczego<\/strong><\/p>\n<p>Dzi\u0119ki naszej dog\u0142\u0119bnej wiedzy bran\u017cowej i praktycznym rozwi\u0105zaniom programowym wspieramy kuchnie centralne i komercyjne, producent\u00f3w \u017cywno\u015bci i centra logistyczne w realizacji ich projekt\u00f3w &#8211; precyzyjnie dostosowanych i przyjaznych dla u\u017cytkownika.<\/p>\n<\/div><\/div><div class=\"w-separator size_small\"><\/div><div class=\"w-btn-wrapper align_left\"><a class=\"w-btn us-btn-style_28\" href=\"https:\/\/callicon.de\/pl\/rozwiazania-branzowe\/\"><span class=\"w-btn-label\">Dowiedz si\u0119 wi\u0119cej!<\/span><\/a><\/div><\/div><\/div><div class=\"wpb_column vc_column_container\"><div class=\"vc_column-inner\"><div class=\"w-image align_left\"><div class=\"w-image-h\"><img decoding=\"async\" width=\"220\" height=\"180\" src=\"https:\/\/callicon.de\/wp-content\/uploads\/2024\/11\/gehirn.png\" class=\"attachment-full size-full\" alt=\"\" loading=\"lazy\" \/><\/div><\/div><div class=\"w-separator size_small\"><\/div><div class=\"wpb_text_column\"><div class=\"wpb_wrapper\"><p><strong>Wydajno\u015b\u0107 i redukcja z\u0142o\u017cono\u015bci dzi\u0119ki sztucznej inteligencji<\/strong><\/p>\n<p>Jako dostawca rozwi\u0105za\u0144 wykorzystujemy sztuczn\u0105 inteligencj\u0119 w ukierunkowany spos\u00f3b, aby zapewni\u0107 wydajno\u015b\u0107 i oszcz\u0119dno\u015b\u0107 czasu w procesach.<br \/>\nW ten spos\u00f3b pomagamy oszcz\u0119dza\u0107 zasoby i trwale zwi\u0119ksza\u0107 produktywno\u015b\u0107.<\/p>\n<\/div><\/div><div class=\"w-separator size_small\"><\/div><div class=\"w-btn-wrapper align_left\"><a class=\"w-btn us-btn-style_28\" href=\"https:\/\/callicon.de\/pl\/?page_id=10343\"><span class=\"w-btn-label\">Dowiedz si\u0119 wi\u0119cej!<\/span><\/a><\/div><\/div><\/div><\/div><div class=\"w-separator size_large\"><\/div><\/div><\/div><\/div><\/div><\/section><section class=\"l-section wpb_row height_auto width_full\"><div class=\"l-section-h i-cf\"><div class=\"g-cols vc_row via_grid cols_1 laptops-cols_inherit tablets-cols_inherit mobiles-cols_1 valign_top type_default stacking_default\"><div class=\"wpb_column vc_column_container\"><div class=\"vc_column-inner\"><div class=\"g-cols wpb_row us_custom_7e70a905 has_text_color via_grid cols_custom laptops-cols_inherit tablets-cols_inherit mobiles-cols_1 valign_top type_default stacking_default\" style=\"--columns-gap:3.2rem;--custom-columns:3fr 2fr 1fr \" id=\"karriere\"><div class=\"wpb_column vc_column_container us_custom_8a4d6b6c has_bg_color\"><div class=\"vc_column-inner\"><div class=\"w-separator size_custom\" style=\"height:430px\"><\/div><\/div><\/div><div class=\"wpb_column vc_column_container\"><div class=\"vc_column-inner\"><div class=\"w-separator size_small\"><\/div><div class=\"wpb_text_column\"><div class=\"wpb_wrapper\"><h3>Kariera w callicon<\/h3>\n<p>&nbsp;<\/p>\n<\/div><\/div><div class=\"wpb_text_column\"><div class=\"wpb_wrapper\"><p>callicon jest dynamicznie rozwijaj\u0105c\u0105 si\u0119 firm\u0105 w dynamicznie rozwijaj\u0105cym si\u0119 konkurencyjnym \u015brodowisku. Z niecierpliwo\u015bci\u0105 czekamy na Twoj\u0105 aktywn\u0105 aplikacj\u0119, np. w obszarze zarz\u0105dzania projektami lub rozwoju oprogramowania.<\/p>\n<\/div><\/div><div class=\"w-separator size_small\"><\/div><div class=\"w-btn-wrapper align_none\"><a class=\"w-btn us-btn-style_33\" href=\"mailto:office@callicon.de\"><span class=\"w-btn-label\">Aplikuj teraz<\/span><\/a><\/div><div class=\"w-separator size_small\"><\/div><div class=\"wpb_text_column\"><div class=\"wpb_wrapper\"><p>Co callicon mo\u017ce zrobi\u0107 dla Ciebie? Porozmawiajmy! Czekamy na wiadomo\u015b\u0107 od Ciebie i skontaktujemy si\u0119 z Tob\u0105 tak szybko, jak to mo\u017cliwe.<\/p>\n<\/div><\/div><div class=\"w-separator size_small\"><\/div><\/div><\/div><div class=\"wpb_column vc_column_container\"><div class=\"vc_column-inner\"><\/div><\/div><\/div><\/div><\/div><\/div><\/div><\/section><section class=\"l-section wpb_row height_small\"><div class=\"l-section-h i-cf\"><div class=\"g-cols vc_row via_grid cols_1 laptops-cols_inherit tablets-cols_inherit mobiles-cols_1 valign_top type_default stacking_default\"><div class=\"wpb_column vc_column_container\"><div class=\"vc_column-inner\"><\/div><\/div><\/div><\/div><\/section>\n","protected":false},"excerpt":{"rendered":"callicon The fresh software \u015awie\u017co\u015b\u0107 jest naszym motywem przewodnim w callicon. Nie tylko dlatego, \u017ce zajmujemy si\u0119 oprogramowaniem zwi\u0105zanym z \u017cywno\u015bci\u0105. Dla nas \u015bwie\u017co\u015b\u0107 oznacza r\u00f3wnie\u017c dostrzeganie wyj\u0105tkowo\u015bci w ka\u017cdym zam\u00f3wieniu, podchodzenie do niego w zupe\u0142nie inny spos\u00f3b i oferowanie innowacyjnych rozwi\u0105za\u0144, kt\u00f3re tworz\u0105 warto\u015b\u0107 dodan\u0105. Zmniejszamy z\u0142o\u017cono\u015b\u0107 dla naszych klient\u00f3w, automatyzujemy procesy i dbamy...","protected":false},"author":1,"featured_media":0,"parent":0,"menu_order":0,"comment_status":"closed","ping_status":"closed","template":"","meta":{"om_disable_all_campaigns":false,"_monsterinsights_skip_tracking":false,"_monsterinsights_sitenote_active":false,"_monsterinsights_sitenote_note":"","_monsterinsights_sitenote_category":0,"footnotes":""},"class_list":["post-10338","page","type-page","status-publish","hentry"],"aioseo_notices":[],"_links":{"self":[{"href":"https:\/\/callicon.de\/pl\/wp-json\/wp\/v2\/pages\/10338","targetHints":{"allow":["GET"]}}],"collection":[{"href":"https:\/\/callicon.de\/pl\/wp-json\/wp\/v2\/pages"}],"about":[{"href":"https:\/\/callicon.de\/pl\/wp-json\/wp\/v2\/types\/page"}],"author":[{"embeddable":true,"href":"https:\/\/callicon.de\/pl\/wp-json\/wp\/v2\/users\/1"}],"replies":[{"embeddable":true,"href":"https:\/\/callicon.de\/pl\/wp-json\/wp\/v2\/comments?post=10338"}],"version-history":[{"count":7,"href":"https:\/\/callicon.de\/pl\/wp-json\/wp\/v2\/pages\/10338\/revisions"}],"predecessor-version":[{"id":11970,"href":"https:\/\/callicon.de\/pl\/wp-json\/wp\/v2\/pages\/10338\/revisions\/11970"}],"wp:attachment":[{"href":"https:\/\/callicon.de\/pl\/wp-json\/wp\/v2\/media?parent=10338"}],"curies":[{"name":"wp","href":"https:\/\/api.w.org\/{rel}","templated":true}]}}