{"id":10348,"date":"2024-10-15T18:52:19","date_gmt":"2024-10-15T16:52:19","guid":{"rendered":"https:\/\/callicon.de\/rozwiazania-branzowe\/"},"modified":"2025-03-18T22:56:59","modified_gmt":"2025-03-18T21:56:59","slug":"rozwiazania-branzowe","status":"publish","type":"page","link":"https:\/\/callicon.de\/pl\/rozwiazania-branzowe\/","title":{"rendered":"Rozwi\u0105zania bran\u017cowe"},"content":{"rendered":"<section class=\"l-section wpb_row us_custom_b437b077 height_auto\"><div class=\"l-section-h i-cf\"><div class=\"g-cols vc_row via_grid cols_1 laptops-cols_inherit tablets-cols_inherit mobiles-cols_1 valign_top type_default stacking_default\" style=\"--columns-gap:1rem;\"><div class=\"wpb_column vc_column_container\"><div class=\"vc_column-inner\"><div class=\"w-separator size_small\"><\/div><div class=\"w-separator size_medium\"><\/div><div class=\"w-separator size_medium\"><\/div><div class=\"w-separator size_medium\"><\/div><div class=\"wpb_text_column us_custom_2eba03a6\"><div class=\"wpb_wrapper\"><p><span style=\"color: #ffffff;\">Software<\/span>, kt\u00f3ry zna Tw\u00f3j biznes<\/p>\n<\/div><\/div><div class=\"w-separator size_large\"><\/div><div class=\"w-separator size_large\"><\/div><\/div><\/div><\/div><\/div><\/section><section class=\"l-section wpb_row us_custom_1ea44603 height_auto\"><div class=\"l-section-h i-cf\"><div class=\"g-cols vc_row via_grid cols_1 laptops-cols_inherit tablets-cols_inherit mobiles-cols_1 valign_top type_default stacking_default\"><div class=\"wpb_column vc_column_container\"><div class=\"vc_column-inner\"><div class=\"w-separator size_small\"><\/div><nav class=\"w-menu us_custom_492179a4 layout_hor style_links us_menu_1\" style=\"--main-gap:1.5rem;--main-ver-indent:0.8em;--main-hor-indent:0.8em;--main-color:var(--color-header-middle-bg);--main-hover-color:#ffffff;--main-active-color:#ffffff;\"><ul id=\"menu-branchen-polnisch\" class=\"menu\"><li id=\"menu-item-10822\" class=\"menu-item menu-item-type-custom menu-item-object-custom menu-item-10822\"><a href=\"#lebensmittelproduktion\">Produkcja \u017cywno\u015bci<\/a><\/li><li id=\"menu-item-10823\" class=\"menu-item menu-item-type-custom menu-item-object-custom menu-item-10823\"><a href=\"#gro\u00dfhandel\">Hurtowy<\/a><\/li><li id=\"menu-item-10824\" class=\"menu-item menu-item-type-custom menu-item-object-custom menu-item-10824\"><a href=\"#zentralk\u00fcchen\">Kuchnie centralne<\/a><\/li><li id=\"menu-item-10825\" class=\"menu-item menu-item-type-custom menu-item-object-custom menu-item-10825\"><a href=\"#gastro\">Kontrola gastronomii i sto\u0142\u00f3wki<\/a><\/li><li id=\"menu-item-10826\" class=\"menu-item menu-item-type-custom menu-item-object-custom menu-item-10826\"><a href=\"#intralogistik\">Automatyczna intralogistyka<\/a><\/li><\/ul><style>@media ( max-width:600px ){.us_menu_1 .menu{display:block!important}.us_menu_1 .menu>li:not(:last-child){margin:0 0 var(--main-gap,1.5rem)!important}}<\/style><\/nav><div class=\"w-separator size_small\"><\/div><\/div><\/div><\/div><\/div><\/section><section class=\"l-section wpb_row us_custom_681ed7c5 height_custom\"><div class=\"l-section-h i-cf\"><div class=\"g-cols vc_row via_grid cols_1 laptops-cols_inherit tablets-cols_inherit mobiles-cols_1 valign_top type_default stacking_default\"><div class=\"wpb_column vc_column_container\"><div class=\"vc_column-inner\"><div class=\"g-cols wpb_row us_custom_5399c4f5 via_grid cols_5-1 laptops-cols_inherit tablets-cols_inherit mobiles-cols_1 valign_top type_default stacking_default\" style=\"--columns-gap:3rem;\"><div class=\"wpb_column vc_column_container us_custom_c4f166b9\"><div class=\"vc_column-inner\"><div class=\"wpb_text_column us_custom_63ca3bd4\"><div class=\"wpb_wrapper\"><h2 style=\"text-align: left;\">Nasze rozwi\u0105zania programowe<\/h2>\n<p>Nasze rozwi\u0105zania programowe s\u0105 inspirowane praktycznym do\u015bwiadczeniem. Oferuj\u0105 odpowiedzi na wszystko, co na co dzie\u0144 dotyczy ekspert\u00f3w ds. \u017cywno\u015bci. Dzi\u0119ki zintegrowanym rozwi\u0105zaniom zapewniamy wi\u0119ksz\u0105 wydajno\u015b\u0107, ni\u017csze koszty i niezawodn\u0105 jako\u015b\u0107 poprzez zautomatyzowane procesy. Mo\u017cesz polega\u0107 na 40-letnim do\u015bwiadczeniu i zaanga\u017cowanym zespole, kt\u00f3ry jest do Twojej dyspozycji: od wst\u0119pnej konsultacji po wdro\u017cenie i utrzymanie rozwi\u0105zania.<\/p>\n<p>&nbsp;<\/p>\n<\/div><\/div><div class=\"w-separator size_medium\"><\/div><div class=\"w-popup w-btn-wrapper align_left\"><button class=\"w-popup-trigger type_btn w-btn us-btn-style_28\" aria-label=\"Skontaktuj si\u0119 z nami\" type=\"button\"><span class=\"w-btn-label\">Skontaktuj si\u0119 z nami<\/span><\/button><div class=\"w-popup-overlay\" style=\"background:rgba(0,0,0,0.10);\"><\/div><div class=\"w-popup-wrap layout_default\" role=\"dialog\" aria-modal=\"true\" aria-label=\"Okienko popup\" style=\"--title-color:var(--color-content-heading);--title-bg-color:var(--color-content-bg-alt);--content-color:var(--color-content-text);--content-bg-color:var(--color-content-bg);--popup-border-radius:15px;--popup-width:600px;--popup-padding:5%;\"><div class=\"w-popup-box animation_slideTop closerpos_inside without_title\"><div class=\"w-popup-box-h\"><button aria-label=\"Zamknij\" class=\"w-popup-closer\" type=\"button\"><\/button><div class=\"w-popup-box-content\"><p><p class=\"wpcf7-contact-form-not-found\"><strong>B\u0142\u0105d:<\/strong> Brak formularza kontaktowego.<\/p><\/p>\n<\/div><\/div><\/div><\/div><\/div><\/div><\/div><div class=\"wpb_column vc_column_container\"><div class=\"vc_column-inner\"><\/div><\/div><\/div><\/div><\/div><\/div><\/div><\/section><section class=\"l-section wpb_row height_auto width_full\" id=\"lebensmittelproduktion\"><div class=\"l-section-h i-cf\"><div class=\"g-cols vc_row via_grid cols_1-2 laptops-cols_inherit tablets-cols_inherit mobiles-cols_1 valign_middle type_boxes stacking_default\" style=\"--columns-gap:0rem;\"><div class=\"wpb_column vc_column_container us_custom_b18440c0 has_text_color has_bg_color\"><div class=\"vc_column-inner\"><div class=\"w-separator size_custom\" style=\"height:400px\"><\/div><\/div><\/div><div class=\"wpb_column vc_column_container us_custom_4fb9e5a3 has_bg_color\"><div class=\"vc_column-inner\"><div class=\"w-separator size_small\"><\/div><div class=\"wpb_text_column\"><div class=\"wpb_wrapper\"><h5>Produkcja \u017cywno\u015bci<\/h5>\n<\/div><\/div><div class=\"wpb_text_column\"><div class=\"wpb_wrapper\"><h3>Maksymalna przejrzysto\u015b\u0107 i bezpiecze\u0144stwo.<\/h3>\n<\/div><\/div><div class=\"w-separator size_small\"><\/div><div class=\"wpb_text_column\"><div class=\"wpb_wrapper\"><p>Zapewnienie codziennego \u017cywienia wielu os\u00f3b to odpowiedzialne zadanie, kt\u00f3re staje si\u0119 \u0142atwiejsze dzi\u0119ki specjalistycznemu oprogramowaniu. callicon zapewnia pe\u0142n\u0105 przejrzysto\u015b\u0107 proces\u00f3w, zgodno\u015b\u0107 ze wszystkimi normami i specyfikacjami oraz zoptymalizowan\u0105 komunikacj\u0119 z klientami i dostawcami. P\u0142ynna integracja z istniej\u0105cym \u015brodowiskiem IT jest mo\u017cliwa dzi\u0119ki r\u00f3\u017cnym interfejsom. Wysoki poziom przyjazno\u015bci dla u\u017cytkownika u\u0142atwia zespo\u0142owi szybkie zapoznanie si\u0119 z systemem. Uwolnij sw\u00f3j potencja\u0142 &#8211; dzi\u0119ki rozwi\u0105zaniom dostosowanym do potrzeb bran\u017cy, takim jak callicon meat. <\/p>\n<\/div><\/div><div class=\"w-separator size_small\"><\/div><div class=\"g-cols wpb_row via_grid cols_3 laptops-cols_inherit tablets-cols_inherit mobiles-cols_1 valign_top type_default stacking_default\" style=\"--columns-gap:1.3rem;\"><div class=\"wpb_column vc_column_container us_custom_5e17c48e has_bg_color\"><div class=\"vc_column-inner\"><div class=\"wpb_text_column us_custom_76aa0a41\"><div class=\"wpb_wrapper\"><p style=\"text-align: center;\"><strong>Pe\u0142na przejrzysto\u015b\u0107 procesu<\/strong><\/p>\n<\/div><\/div><\/div><\/div><div class=\"wpb_column vc_column_container us_custom_f35477f9 has_bg_color\"><div class=\"vc_column-inner\"><div class=\"w-separator size_custom\" style=\"height:8px\"><\/div><div class=\"wpb_text_column\"><div class=\"wpb_wrapper\"><p style=\"text-align: center;\"><strong>\u0141atwo\u015b\u0107 u\u017cytkowania<\/strong><\/p>\n<\/div><\/div><\/div><\/div><div class=\"wpb_column vc_column_container us_custom_f35477f9 has_bg_color\"><div class=\"vc_column-inner\"><div class=\"wpb_text_column\"><div class=\"wpb_wrapper\"><p style=\"text-align: center;\"><strong>Specyficzne dla bran\u017cy &#8211; od wypiek\u00f3w po mi\u0119so<\/strong><\/p>\n<\/div><\/div><\/div><\/div><\/div><\/div><\/div><\/div><\/div><\/section><section class=\"l-section wpb_row us_custom_681ed7c5 height_auto\" id=\"gro\u00dfhandel\"><div class=\"l-section-h i-cf\"><div class=\"g-cols vc_row via_grid cols_1 laptops-cols_inherit tablets-cols_inherit mobiles-cols_1 valign_top type_default stacking_default\"><div class=\"wpb_column vc_column_container\"><div class=\"vc_column-inner\"><div class=\"w-separator size_small\"><\/div><\/div><\/div><\/div><\/div><\/section><section class=\"l-section wpb_row height_auto width_full\"><div class=\"l-section-h i-cf\"><div class=\"g-cols vc_row via_grid cols_2-1 laptops-cols_inherit tablets-cols_inherit mobiles-cols_1 valign_middle type_boxes reversed stacking_default\" style=\"--columns-gap:0rem;\"><div class=\"wpb_column vc_column_container\"><div class=\"vc_column-inner\"><div class=\"w-separator size_small\"><\/div><div class=\"wpb_text_column\"><div class=\"wpb_wrapper\"><h5>Handel hurtowy<\/h5>\n<\/div><\/div><div class=\"wpb_text_column\"><div class=\"wpb_wrapper\"><h3>O krok do przodu w dynamicznej konkurencji.<\/h3>\n<\/div><\/div><div class=\"w-separator size_small\"><\/div><div class=\"wpb_text_column\"><div class=\"wpb_wrapper\"><p> Wysoka przepustowo\u015b\u0107, niezawodna dost\u0119pno\u015b\u0107 i wysoka wra\u017cliwo\u015b\u0107 na koszty &#8211; trzy z wielu kwestii, kt\u00f3re maj\u0105 wp\u0142yw na hurtownie \u017cywno\u015bci. Oprogramowanie callicon pomaga sprosta\u0107 stale rosn\u0105cym wymaganiom dotycz\u0105cym wydajno\u015bci i zapewnia procesy o wysokiej jako\u015bci. Dzi\u0119ki nam mo\u017cesz korzysta\u0107 z innowacyjnych narz\u0119dzi sztucznej inteligencji, kt\u00f3re nap\u0119dzaj\u0105 automatyzacj\u0119 i s\u0105 kluczem do pozostania gotowym na przysz\u0142o\u015b\u0107 w wysoce konkurencyjnym \u015brodowisku.<\/p>\n<\/div><\/div><div class=\"w-separator size_small\"><\/div><div class=\"g-cols wpb_row via_grid cols_3 laptops-cols_inherit tablets-cols_inherit mobiles-cols_1 valign_top type_default stacking_default\" style=\"--columns-gap:1.8rem;\"><div class=\"wpb_column vc_column_container us_custom_a2487914 has_bg_color\"><div class=\"vc_column-inner\"><div class=\"w-separator size_custom\" style=\"height:8px\"><\/div><div class=\"wpb_text_column\"><div class=\"wpb_wrapper\"><p style=\"text-align: center;\"><strong>Maksymalna wydajno\u015b\u0107<\/strong><\/p>\n<\/div><\/div><\/div><\/div><div class=\"wpb_column vc_column_container us_custom_f35477f9 has_bg_color\"><div class=\"vc_column-inner\"><div class=\"w-separator size_custom\" style=\"height:8px\"><\/div><div class=\"wpb_text_column\"><div class=\"wpb_wrapper\"><p style=\"text-align: center;\"><strong>Innowacyjne rozwi\u0105zania SI<\/strong><\/p>\n<\/div><\/div><\/div><\/div><div class=\"wpb_column vc_column_container us_custom_f35477f9 has_bg_color\"><div class=\"vc_column-inner\"><div class=\"wpb_text_column\"><div class=\"wpb_wrapper\"><p style=\"text-align: center;\"><strong>Skalowalno\u015b\u0107 na potrzeby rozwoju<\/strong><\/p>\n<\/div><\/div><\/div><\/div><\/div><\/div><\/div><div class=\"wpb_column vc_column_container us_custom_36494f45 has_text_color has_bg_color\"><div class=\"vc_column-inner\"><div class=\"w-separator size_custom\" style=\"height:400px\"><\/div><\/div><\/div><\/div><\/div><\/section><section class=\"l-section wpb_row us_custom_681ed7c5 height_auto\" id=\"zentralk\u00fcchen\"><div class=\"l-section-h i-cf\"><div class=\"g-cols vc_row via_grid cols_1 laptops-cols_inherit tablets-cols_inherit mobiles-cols_1 valign_top type_default stacking_default\"><div class=\"wpb_column vc_column_container\"><div class=\"vc_column-inner\"><div class=\"w-separator size_small\"><\/div><\/div><\/div><\/div><\/div><\/section><section class=\"l-section wpb_row height_auto width_full\"><div class=\"l-section-h i-cf\"><div class=\"g-cols vc_row via_grid cols_1-2 laptops-cols_inherit tablets-cols_inherit mobiles-cols_1 valign_middle type_boxes stacking_default\" style=\"--columns-gap:0rem;\"><div class=\"wpb_column vc_column_container us_custom_162fa9b2 has_text_color has_bg_color\"><div class=\"vc_column-inner\"><div class=\"w-separator size_custom\" style=\"height:400px\"><\/div><\/div><\/div><div class=\"wpb_column vc_column_container us_custom_4fb9e5a3 has_bg_color\"><div class=\"vc_column-inner\"><div class=\"w-separator size_small\"><\/div><div class=\"wpb_text_column\"><div class=\"wpb_wrapper\"><h5>Kuchnie centralne<\/h5>\n<\/div><\/div><div class=\"w-separator size_small\"><\/div><div class=\"wpb_text_column\"><div class=\"wpb_wrapper\"><h3>Koncepcja cyfryzacji produkcji dla centralnej jednostki zasilaj\u0105cej<\/h3>\n<\/div><\/div><div class=\"w-separator size_small\"><\/div><div class=\"wpb_text_column\"><div class=\"wpb_wrapper\"><p>Kuchnie centralne to inteligentna koncepcja maksymalizacji przestrzeni dla go\u015bci i minimalizacji zapotrzebowania na przestrze\u0144 magazynow\u0105. Jako efektywnie zarz\u0105dzana jednostka zaopatrzeniowa, kuchnia centralna potrzebuje r\u00f3wnie\u017c odpowiedniego oprogramowania, aby umiej\u0119tnie zorganizowa\u0107 proces zaopatrzenia, produkcji i dystrybucji oraz zapewni\u0107 sta\u0142\u0105 jako\u015b\u0107 (niezale\u017cnie od indywidualnego szefa kuchni). W tym przypadku callicon oferuje rozwi\u0105zania ERP, kt\u00f3re maksymalizuj\u0105 wydajno\u015b\u0107, promuj\u0105 zr\u00f3wnowa\u017cony rozw\u00f3j i koncentruj\u0105 si\u0119 na zdrowiu go\u015bci, pacjent\u00f3w lub klient\u00f3w. <\/p>\n<\/div><\/div><div class=\"w-separator size_small\"><\/div><div class=\"g-cols wpb_row via_grid cols_3 laptops-cols_inherit tablets-cols_inherit mobiles-cols_1 valign_top type_default stacking_default\" style=\"--columns-gap:1.8rem;\"><div class=\"wpb_column vc_column_container us_custom_a2487914 has_bg_color\"><div class=\"vc_column-inner\"><div class=\"w-separator size_custom\" style=\"height:8px\"><\/div><div class=\"wpb_text_column\"><div class=\"wpb_wrapper\"><p style=\"text-align: center;\"><strong>Powtarzalna jako\u015b\u0107<\/strong><\/p>\n<\/div><\/div><\/div><\/div><div class=\"wpb_column vc_column_container us_custom_f35477f9 has_bg_color\"><div class=\"vc_column-inner\"><div class=\"wpb_text_column\"><div class=\"wpb_wrapper\"><p style=\"text-align: center;\"><strong>Zr\u00f3wnowa\u017cone, zdrowe dostawy<\/strong><\/p>\n<\/div><\/div><\/div><\/div><div class=\"wpb_column vc_column_container us_custom_f35477f9 has_bg_color\"><div class=\"vc_column-inner\"><div class=\"wpb_text_column\"><div class=\"wpb_wrapper\"><p style=\"text-align: center;\"><strong>Mapowanie ca\u0142ego procesu<\/strong><\/p>\n<\/div><\/div><\/div><\/div><\/div><\/div><\/div><\/div><\/div><\/section><section class=\"l-section wpb_row us_custom_681ed7c5 height_auto\" id=\"gastro\"><div class=\"l-section-h i-cf\"><div class=\"g-cols vc_row via_grid cols_1 laptops-cols_inherit tablets-cols_inherit mobiles-cols_1 valign_top type_default stacking_default\"><div class=\"wpb_column vc_column_container\"><div class=\"vc_column-inner\"><div class=\"w-separator size_small\"><\/div><\/div><\/div><\/div><\/div><\/section><section class=\"l-section wpb_row height_auto width_full\"><div class=\"l-section-h i-cf\"><div class=\"g-cols vc_row via_grid cols_2-1 laptops-cols_inherit tablets-cols_inherit mobiles-cols_1 valign_middle type_boxes reversed stacking_default\" style=\"--columns-gap:0rem;\"><div class=\"wpb_column vc_column_container\"><div class=\"vc_column-inner\"><div class=\"w-separator size_small\"><\/div><div class=\"wpb_text_column\"><div class=\"wpb_wrapper\"><h5>Kontrola cateringu i sto\u0142\u00f3wki<\/h5>\n<\/div><\/div><div class=\"w-separator size_small\"><\/div><div class=\"wpb_text_column\"><div class=\"wpb_wrapper\"><h3>Outsourcing organizacji codziennej dzia\u0142alno\u015bci<\/h3>\n<\/div><\/div><div class=\"w-separator size_small\"><\/div><div class=\"wpb_text_column\"><div class=\"wpb_wrapper\"><p> Braki kadrowe, wysokie koszty energii oraz koszty wynajmu lub leasingu determinuj\u0105 obecnie nastroje w bran\u017cy gastronomicznej. Tym wa\u017cniejsze staje si\u0119 efektywne wykorzystanie dost\u0119pnej przestrzeni, planowanie zakup\u00f3w towar\u00f3w zgodnie z zapotrzebowaniem oraz osi\u0105ganie niezmiennie wysokiej jako\u015bci i higieny podczas przygotowywania posi\u0142k\u00f3w, nawet przy zmieniaj\u0105cym si\u0119 personelu, na przyk\u0142ad dzi\u0119ki zautomatyzowanym recepturom. Nasze rozwi\u0105zania programowe wspieraj\u0105 Ci\u0119 we wszystkich tych kwestiach i nie tylko.<br \/>\nWreszcie, co nie mniej wa\u017cne, osi\u0105gasz r\u00f3wnie\u017c swoje cele w zakresie zr\u00f3wnowa\u017conego rozwoju dzi\u0119ki bardziej wydajnym procesom: Odpady \u017cywno\u015bciowe s\u0105 zminimalizowane, a wydajno\u015b\u0107 zoptymalizowana.<\/p>\n<\/div><\/div><div class=\"w-separator size_small\"><\/div><div class=\"g-cols wpb_row via_grid cols_2 laptops-cols_inherit tablets-cols_inherit mobiles-cols_1 valign_top type_default stacking_default\" style=\"--columns-gap:1.8rem;\"><div class=\"wpb_column vc_column_container us_custom_daa4bb2b has_bg_color\"><div class=\"vc_column-inner\"><div class=\"w-separator size_small\"><\/div><div class=\"wpb_text_column\"><div class=\"wpb_wrapper\"><p style=\"text-align: center;\"><strong>Koncepcja cyfryzacji dla cateringu i kontroli kantyny<\/strong><\/p>\n<\/div><\/div><\/div><\/div><div class=\"wpb_column vc_column_container us_custom_daa4bb2b has_bg_color\"><div class=\"vc_column-inner\"><div class=\"w-separator size_small\"><\/div><div class=\"wpb_text_column\"><div class=\"wpb_wrapper\"><p style=\"text-align: center;\"><strong>Us\u0142uga zarz\u0105dzania danymi podstawowymi (artyku\u0142y, przepisy)<\/strong><\/p>\n<\/div><\/div><\/div><\/div><\/div><div class=\"w-separator size_small\"><\/div><div class=\"g-cols wpb_row via_grid cols_2 laptops-cols_inherit tablets-cols_inherit mobiles-cols_1 valign_top type_default stacking_default\" style=\"--columns-gap:1.8rem;\"><div class=\"wpb_column vc_column_container us_custom_a2487914 has_bg_color\"><div class=\"vc_column-inner\"><div class=\"w-separator size_small\"><\/div><div class=\"wpb_text_column us_custom_9cf479d2\"><div class=\"wpb_wrapper\"><p style=\"text-align: center;\"><strong>Prognoza produkcji i planowanie<\/strong><\/p>\n<\/div><\/div><\/div><\/div><div class=\"wpb_column vc_column_container us_custom_daa4bb2b has_bg_color\"><div class=\"vc_column-inner\"><div class=\"wpb_text_column\"><div class=\"wpb_wrapper\"><p style=\"text-align: center;\"><strong>Planowanie i harmonogramowanie (np. zakupy, interfejsy) artyku\u0142\u00f3w, naczy\u0144, naczy\u0144, napoj\u00f3w, materia\u0142\u00f3w eksploatacyjnych, \u015brodk\u00f3w czyszcz\u0105cych.<\/strong><\/p>\n<\/div><\/div><\/div><\/div><\/div><\/div><\/div><div class=\"wpb_column vc_column_container us_custom_e621052c has_text_color has_bg_color\"><div class=\"vc_column-inner\"><div class=\"w-separator size_custom\" style=\"height:400px\"><\/div><\/div><\/div><\/div><\/div><\/section><section class=\"l-section wpb_row us_custom_681ed7c5 height_auto\" id=\"intralogistik\"><div class=\"l-section-h i-cf\"><div class=\"g-cols vc_row via_grid cols_1 laptops-cols_inherit tablets-cols_inherit mobiles-cols_1 valign_top type_default stacking_default\"><div class=\"wpb_column vc_column_container\"><div class=\"vc_column-inner\"><div class=\"w-separator size_small\"><\/div><\/div><\/div><\/div><\/div><\/section><section class=\"l-section wpb_row height_auto width_full\"><div class=\"l-section-h i-cf\"><div class=\"g-cols vc_row via_grid cols_1-2 laptops-cols_inherit tablets-cols_inherit mobiles-cols_1 valign_middle type_boxes stacking_default\" style=\"--columns-gap:0rem;\"><div class=\"wpb_column vc_column_container us_custom_ce56dece has_bg_color\"><div class=\"vc_column-inner\"><div class=\"w-separator size_custom\" style=\"height:400px\"><\/div><\/div><\/div><div class=\"wpb_column vc_column_container us_custom_4fb9e5a3 has_bg_color\"><div class=\"vc_column-inner\"><div class=\"w-separator size_small\"><\/div><div class=\"wpb_text_column\"><div class=\"wpb_wrapper\"><h5>Zautomatyzowana intralogistyka<\/h5>\n<\/div><\/div><div class=\"w-separator size_small\"><\/div><div class=\"wpb_text_column\"><div class=\"wpb_wrapper\"><h3>Idealna strategia dla Twojego magazynu.<\/h3>\n<\/div><\/div><div class=\"w-separator size_small\"><\/div><div class=\"wpb_text_column\"><div class=\"wpb_wrapper\"><p>Przechowywanie \u017cywno\u015bci podlega surowym wymogom, w tym przepisom dotycz\u0105cym higieny, ch\u0142odzenia i zarz\u0105dzania partiami, na przyk\u0142ad w odniesieniu do dat przydatno\u015bci do spo\u017cycia.<br \/>\nDzi\u0119ki oprogramowaniu callicon zachowujesz pe\u0142n\u0105 kontrol\u0119 i przejrzysto\u015b\u0107 nad wszystkimi procesami w magazynie przez ca\u0142y czas!<br \/>\nDzi\u0119ki naszym systemom intralogistycznym wspieramy klient\u00f3w we w\u0142a\u015bciwej strategii magazynowania, jak najefektywniej wykorzystuj\u0105c istniej\u0105c\u0105 przestrze\u0144 magazynow\u0105 i minimalizuj\u0105c koszty personelu, na przyk\u0142ad dzi\u0119ki systemom goods-to-man.<br \/>\nPe\u0142na integracja WMS i ERP w czasie rzeczywistym minimalizuje \u017ar\u00f3d\u0142a b\u0142\u0119d\u00f3w i zwi\u0119ksza poziom automatyzacji. <\/p>\n<\/div><\/div><div class=\"w-separator size_small\"><\/div><div class=\"g-cols wpb_row via_grid cols_3 laptops-cols_inherit tablets-cols_inherit mobiles-cols_1 valign_top type_default stacking_default\" style=\"--columns-gap:1.8rem;\"><div class=\"wpb_column vc_column_container us_custom_a2487914 has_bg_color\"><div class=\"vc_column-inner\"><div class=\"wpb_text_column\"><div class=\"wpb_wrapper\"><p style=\"text-align: center;\"><strong>Zminimalizowane rozmieszczenie personelu<\/strong><\/p>\n<\/div><\/div><\/div><\/div><div class=\"wpb_column vc_column_container us_custom_f35477f9 has_bg_color\"><div class=\"vc_column-inner\"><div class=\"wpb_text_column\"><div class=\"wpb_wrapper\"><p style=\"text-align: center;\"><strong>Instalacja zgodna z prawem<\/strong><\/p>\n<\/div><\/div><\/div><\/div><div class=\"wpb_column vc_column_container us_custom_f35477f9 has_bg_color\"><div class=\"vc_column-inner\"><div class=\"w-separator size_custom\" style=\"height:8px\"><\/div><div class=\"wpb_text_column\"><div class=\"wpb_wrapper\"><p style=\"text-align: center;\"><strong>Procesy w czasie rzeczywistym<\/strong><\/p>\n<\/div><\/div><\/div><\/div><\/div><\/div><\/div><\/div><\/div><\/section><section class=\"l-section wpb_row us_custom_1ea44603 height_auto\"><div class=\"l-section-h i-cf\"><div class=\"g-cols vc_row via_grid cols_1 laptops-cols_inherit tablets-cols_inherit mobiles-cols_1 valign_top type_default stacking_default\"><div class=\"wpb_column vc_column_container\"><div class=\"vc_column-inner\"><div class=\"w-actionbox us_custom_9be80b36 has_text_color color_primary controls_right\"><div class=\"w-actionbox-text\"><div class=\"w-actionbox-description\"><h6>Chcesz skorzysta\u0107 z osobistej konsultacji? Jeste\u015bmy tu dla Ciebie.<\/h6>\n<\/div><\/div><div class=\"w-actionbox-controls\"><a class=\"w-btn us-btn-style_15\" href=\"https:\/\/callicon.de\/kontakt\/\"><span class=\"w-btn-label\">Skontaktuj si\u0119 z nami teraz<\/span><\/a><\/div><\/div><\/div><\/div><\/div><\/div><\/section>\n","protected":false},"excerpt":{"rendered":"Software, kt\u00f3ry zna Tw\u00f3j biznes Produkcja \u017cywno\u015bciHurtowyKuchnie centralneKontrola gastronomii i sto\u0142\u00f3wkiAutomatyczna intralogistykaNasze rozwi\u0105zania programowe Nasze rozwi\u0105zania programowe s\u0105 inspirowane praktycznym do\u015bwiadczeniem. Oferuj\u0105 odpowiedzi na wszystko, co na co dzie\u0144 dotyczy ekspert\u00f3w ds. \u017cywno\u015bci. Dzi\u0119ki zintegrowanym rozwi\u0105zaniom zapewniamy wi\u0119ksz\u0105 wydajno\u015b\u0107, ni\u017csze koszty i niezawodn\u0105 jako\u015b\u0107 poprzez zautomatyzowane procesy. Mo\u017cesz polega\u0107 na 40-letnim do\u015bwiadczeniu i zaanga\u017cowanym zespole,...","protected":false},"author":1,"featured_media":0,"parent":0,"menu_order":0,"comment_status":"closed","ping_status":"closed","template":"","meta":{"om_disable_all_campaigns":false,"_monsterinsights_skip_tracking":false,"_monsterinsights_sitenote_active":false,"_monsterinsights_sitenote_note":"","_monsterinsights_sitenote_category":0,"footnotes":""},"class_list":["post-10348","page","type-page","status-publish","hentry"],"aioseo_notices":[],"_links":{"self":[{"href":"https:\/\/callicon.de\/pl\/wp-json\/wp\/v2\/pages\/10348","targetHints":{"allow":["GET"]}}],"collection":[{"href":"https:\/\/callicon.de\/pl\/wp-json\/wp\/v2\/pages"}],"about":[{"href":"https:\/\/callicon.de\/pl\/wp-json\/wp\/v2\/types\/page"}],"author":[{"embeddable":true,"href":"https:\/\/callicon.de\/pl\/wp-json\/wp\/v2\/users\/1"}],"replies":[{"embeddable":true,"href":"https:\/\/callicon.de\/pl\/wp-json\/wp\/v2\/comments?post=10348"}],"version-history":[{"count":10,"href":"https:\/\/callicon.de\/pl\/wp-json\/wp\/v2\/pages\/10348\/revisions"}],"predecessor-version":[{"id":12568,"href":"https:\/\/callicon.de\/pl\/wp-json\/wp\/v2\/pages\/10348\/revisions\/12568"}],"wp:attachment":[{"href":"https:\/\/callicon.de\/pl\/wp-json\/wp\/v2\/media?parent=10348"}],"curies":[{"name":"wp","href":"https:\/\/api.w.org\/{rel}","templated":true}]}}