{"id":10353,"date":"2019-05-10T14:40:15","date_gmt":"2019-05-10T12:40:15","guid":{"rendered":"https:\/\/callicon.de\/strona-glowna\/"},"modified":"2025-03-24T12:12:05","modified_gmt":"2025-03-24T11:12:05","slug":"strona-glowna","status":"publish","type":"page","link":"https:\/\/callicon.de\/pl\/","title":{"rendered":"Strona g\u0142\u00f3wna"},"content":{"rendered":"<section class=\"l-section wpb_row height_auto width_full\"><div class=\"l-section-h i-cf\"><div class=\"g-cols vc_row via_grid cols_1 laptops-cols_inherit tablets-cols_inherit mobiles-cols_1 valign_top type_default stacking_default\"><div class=\"wpb_column vc_column_container\"><div class=\"vc_column-inner\">\n\t\t\t\t<p class=\"rs-p-wp-fix\"><\/p>\n\t\t\t\t<sr7-module data-alias=\"callicon-14\" data-id=\"6\" id=\"SR7_6_1\" class=\"rs-ov-hidden\" data-version=\"6.7.41\">\n\t\t\t\t\t<sr7-adjuster><\/sr7-adjuster>\n\t\t\t\t\t<sr7-content>\n\t\t\t\t\t\t<sr7-slide id=\"SR7_6_1-21\" data-key=\"21\">\n\t\t\t\t\t\t\t<a id=\"SR7_6_1-21-0\" class=\"sr7-layer\" href=\"https:\/\/callicon.de\/pl\/rozwiazania-branzowe\/\" target=\"_self\">Dowiedz si\u0119 wi\u0119cej <i class=\"fa-chevron-right\"><\/i><\/a>\n\t\t\t\t\t\t\t<sr7-txt id=\"SR7_6_1-21-3\" class=\"sr7-layer\">Oprogramowanie, kt\u00f3re zna <br>Tw\u00f3j biznes<\/sr7-txt>\n\t\t\t\t\t\t\t<sr7-txt id=\"SR7_6_1-21-9\" class=\"sr7-layer\">Odkryj nasz\u0105 wiedz\u0119 bran\u017cow\u0105<\/sr7-txt>\n\t\t\t\t\t\t<\/sr7-slide>\n\t\t\t\t\t\t<sr7-slide id=\"SR7_6_1-22\" data-key=\"22\">\n\t\t\t\t\t\t\t<a id=\"SR7_6_1-22-0\" class=\"sr7-layer\" href=\"https:\/\/callicon.de\/pl\/?page_id=10343\" target=\"_self\">Odkryj nowe mo\u017cliwo\u015bci <i class=\"fa-chevron-right\"><\/i><\/a>\n\t\t\t\t\t\t\t<sr7-txt id=\"SR7_6_1-22-3\" class=\"sr7-layer\">Uczy\u0144 SI swoim czynnikiem <br>sukcesu<\/sr7-txt>\n\t\t\t\t\t\t\t<sr7-txt id=\"SR7_6_1-22-9\" class=\"sr7-layer\">Innowacyjne rozwi\u0105zania dla Twojej <br>automatyzacji<\/sr7-txt>\n\t\t\t\t\t\t<\/sr7-slide>\n\t\t\t\t\t\t<sr7-slide id=\"SR7_6_1-23\" data-key=\"23\">\n\t\t\t\t\t\t\t<a id=\"SR7_6_1-23-0\" class=\"sr7-layer\" href=\"https:\/\/callicon.de\/pl\/aplikacje\/\" target=\"_self\">Odkryj zalety <i class=\"fa-chevron-right\"><\/i><\/a>\n\t\t\t\t\t\t\t<sr7-txt id=\"SR7_6_1-23-3\" class=\"sr7-layer\">Aplikacja callicon Order++<\/sr7-txt>\n\t\t\t\t\t\t\t<sr7-txt id=\"SR7_6_1-23-9\" class=\"sr7-layer\">Dla wszechstronnego i wydajnego procesu <br>sk\u0142adania zam\u00f3wie\u0144\n\n<\/sr7-txt>\n\t\t\t\t\t\t<\/sr7-slide>\n\t\t\t\t\t\t<sr7-slide id=\"SR7_6_1-24\" data-key=\"24\">\n\t\t\t\t\t\t<\/sr7-slide>\n\t\t\t\t\t<\/sr7-content>\n\t\t\t\t\t<image_lists style=\"display:none\">\n\t\t\t\t\t\t<img data-src=\"\/\/callicon.de\/wp-content\/uploads\/revslider\/vita_web-1\/Pfad-76.png\" data-libid=\"10399\" data-lib=\"medialibrary\" title=\"Pfad-76.png\" width=\"0\" height=\"0\" data-dbsrc=\"Ly9jYWxsaWNvbi5kZS93cC1jb250ZW50L3VwbG9hZHMvcmV2c2xpZGVyL3ZpdGFfd2ViLTEvUGZhZC03Ni5wbmc=\"\/>\n\t\t\t\t\t\t<img data-src=\"\/\/callicon.de\/wp-content\/uploads\/revslider\/vita_web-1\/Pfad-77.png\" data-libid=\"10401\" data-lib=\"medialibrary\" title=\"Pfad-77.png\" width=\"0\" height=\"0\" data-dbsrc=\"Ly9jYWxsaWNvbi5kZS93cC1jb250ZW50L3VwbG9hZHMvcmV2c2xpZGVyL3ZpdGFfd2ViLTEvUGZhZC03Ny5wbmc=\"\/>\n\t\t\t\t\t\t<img data-src=\"\/\/callicon.de\/wp-content\/uploads\/2024\/11\/gehirn_neu.png\" data-libid=\"10466\" data-lib=\"medialibrary\" alt=\"Automatisierung\" title=\"Automatisierung\" width=\"0\" height=\"0\" data-dbsrc=\"Ly9jYWxsaWNvbi5kZS93cC1jb250ZW50L3VwbG9hZHMvMjAyNC8xMS9nZWhpcm5fbmV1LnBuZw==\"\/>\n\t\t\t\t\t\t<img data-src=\"\/\/callicon.de\/wp-content\/uploads\/2024\/11\/maedchen_neu.png\" data-libid=\"10468\" data-lib=\"medialibrary\" alt=\"Effizienter Bestellprozess\" title=\"Effizienter Bestellprozess\" width=\"0\" height=\"0\" data-dbsrc=\"Ly9jYWxsaWNvbi5kZS93cC1jb250ZW50L3VwbG9hZHMvMjAyNC8xMS9tYWVkY2hlbl9uZXUucG5n\"\/>\n\t\t\t\t\t<\/image_lists>\n\t\t\t\t<\/sr7-module>\n\t\t\t\t<script>\n\t\t\t\t\tSR7.PMH ??={}; SR7.PMH[\"SR7_6_1\"] = {cn:100,state:false,fn: function() { if (_tpt!==undefined && _tpt.prepareModuleHeight !== undefined) {  _tpt.prepareModuleHeight({id:\"SR7_6_1\",el:[800,800,768,960,720],type:'standard',shdw:'0',gh:[800,800,427,324,200],gw:[1920,1920,1024,778,480],vpt:['-200px'],size:{fullWidth:false, fullHeight:false},mh:'0',onh:0,onw:0,bg:{color:'{\"type\":\"solid\",\"orig\":\"#eaeaea\",\"string\":\"rgba(234, 234, 234, 1)\"}'},plType:'0',plColor:'#FFFFFF'});   SR7.PMH[\"SR7_6_1\"].state=true;} else if(SR7.PMH[\"SR7_6_1\"].cn-->0)\tsetTimeout( SR7.PMH[\"SR7_6_1\"].fn,19);}};SR7.PMH[\"SR7_6_1\" ].fn();\n\t\t\t\t<\/script>\n<\/div><\/div><\/div><\/div><\/section><section class=\"l-section wpb_row height_auto\"><div class=\"l-section-h i-cf\"><div class=\"g-cols vc_row via_grid cols_1 laptops-cols_inherit tablets-cols_inherit mobiles-cols_1 valign_top type_default stacking_default\"><div class=\"wpb_column vc_column_container\"><div class=\"vc_column-inner\"><div class=\"w-separator size_medium\"><\/div><div class=\"g-cols wpb_row via_grid cols_5-1 laptops-cols_inherit tablets-cols_inherit mobiles-cols_1 valign_top type_default stacking_default\" style=\"--columns-gap:3rem;\"><div class=\"wpb_column vc_column_container\"><div class=\"vc_column-inner\"><div class=\"w-separator size_small\"><\/div><div class=\"wpb_text_column\"><div class=\"wpb_wrapper\"><h5>callicon food solutions<\/h5>\n<\/div><\/div><div class=\"w-separator size_custom\" style=\"height:15px\"><\/div><div class=\"wpb_text_column\"><div class=\"wpb_wrapper\"><h1>The fresh Software<\/h1>\n<\/div><\/div><div class=\"w-separator size_custom\" style=\"height:15px\"><\/div><div class=\"w-separator size_custom\" style=\"height:15px\"><\/div><div class=\"wpb_text_column\"><div class=\"wpb_wrapper\"><p>callicon specjalizuje si\u0119 w zintegrowanych, innowacyjnych i elastycznych rozwi\u0105zaniach programowych. \u0141\u0105czymy 40 lat do\u015bwiadczenia w bran\u017cy z wizj\u0105 technologiczn\u0105. Wspieramy Ci\u0119 w planach automatyzacji i projektach wydajno\u015bci od pierwszej konsultacji do ostatecznego wdro\u017cenia i zawsze my\u015blimy o ludziach, kt\u00f3rzy korzystaj\u0105 z naszych rozwi\u0105za\u0144 ka\u017cdego dnia.<\/p>\n<\/div><\/div><div class=\"w-separator size_small\"><\/div><div class=\"wpb_text_column\"><div class=\"wpb_wrapper\"><h6><strong>Zacznijmy od nowa!<br \/>\nDzi\u0119ki rozwi\u0105zaniom, kt\u00f3re w zr\u00f3wnowa\u017cony spos\u00f3b przekszta\u0142caj\u0105 Twoj\u0105 firm\u0119. <\/strong><\/h6>\n<\/div><\/div><\/div><\/div><div class=\"wpb_column vc_column_container\"><div class=\"vc_column-inner\"><\/div><\/div><\/div><div class=\"w-separator size_custom\" style=\"height:10px\"><\/div><\/div><\/div><\/div><\/div><\/section><section class=\"l-section wpb_row height_auto\"><div class=\"l-section-h i-cf\"><div class=\"g-cols vc_row via_grid cols_1 laptops-cols_inherit tablets-cols_inherit mobiles-cols_1 valign_top type_default stacking_default\" style=\"--columns-gap:1rem;\"><div class=\"wpb_column vc_column_container\"><div class=\"vc_column-inner\"><div class=\"w-separator size_large\"><\/div><div class=\"w-grid us_carousel type_carousel layout_9973 preload_style_spinner items_4\" id=\"us_grid_1\" style=\"--items:4;--gap:1.5rem;\"><style>.layout_9973 .w-grid-item-h{background:#e9f6ea;border-radius:1rem}.layout_9973 .usg_post_content_2{text-align:center!important;padding:30px 20px 30px 20px!important}<\/style><div class=\"w-grid-list owl-carousel valign_stretch dotstyle_circle navstyle_circle arrows-ver-pos_middle arrows-hor-pos_on_sides_outside arrows-disabled_hide owl-responsive-2000\" style=\"--transition-duration:250ms;\">\t<article class=\"w-grid-item post-10980 us_testimonial type-us_testimonial status-publish hentry us_testimonial_category-dom\" data-id=\"10980\">\r\n\t\t<div class=\"w-grid-item-h\">\r\n\t\t\t\t\t\t<div class=\"w-hwrapper usg_hwrapper_1 align_none valign_top\"><\/div><div class=\"w-post-elm post_content usg_post_content_2\"><p style=\"text-align: center;\">\nNowoczesne rozwi\u0105zania oparte na chmurze<\/p>\n<\/div>\t\t<\/div>\r\n\t\t\t<\/article>\r\n\t<article class=\"w-grid-item post-10982 us_testimonial type-us_testimonial status-publish hentry us_testimonial_category-dom\" data-id=\"10982\">\r\n\t\t<div class=\"w-grid-item-h\">\r\n\t\t\t\t\t\t<div class=\"w-hwrapper usg_hwrapper_1 align_none valign_top\"><\/div><div class=\"w-post-elm post_content usg_post_content_2\"><p style=\"text-align: center;\">\nFirma zarz\u0105dzana przez w\u0142a\u015bciciela<\/p>\n<\/div>\t\t<\/div>\r\n\t\t\t<\/article>\r\n\t<article class=\"w-grid-item post-10983 us_testimonial type-us_testimonial status-publish hentry us_testimonial_category-dom\" data-id=\"10983\">\r\n\t\t<div class=\"w-grid-item-h\">\r\n\t\t\t\t\t\t<div class=\"w-hwrapper usg_hwrapper_1 align_none valign_top\"><\/div><div class=\"w-post-elm post_content usg_post_content_2\"><p style=\"text-align: center;\">\n40 lat do\u015bwiadczenia w bran\u017cy spo\u017cywczej<\/p>\n<\/div>\t\t<\/div>\r\n\t\t\t<\/article>\r\n\t<article class=\"w-grid-item post-10271 us_testimonial type-us_testimonial status-publish hentry us_testimonial_category-dom\" data-id=\"10271\">\r\n\t\t<div class=\"w-grid-item-h\">\r\n\t\t\t\t\t\t<div class=\"w-hwrapper usg_hwrapper_1 align_none valign_top\"><\/div><div class=\"w-post-elm post_content usg_post_content_2\"><p style=\"text-align: center;\">\nUnikalny ekosystem aplikacji, AI, MES<\/p>\n<\/div>\t\t<\/div>\r\n\t\t\t<\/article>\r\n\t<article class=\"w-grid-item post-10984 us_testimonial type-us_testimonial status-publish hentry us_testimonial_category-dom\" data-id=\"10984\">\r\n\t\t<div class=\"w-grid-item-h\">\r\n\t\t\t\t\t\t<div class=\"w-hwrapper usg_hwrapper_1 align_none valign_top\"><\/div><div class=\"w-post-elm post_content usg_post_content_2\"><p style=\"text-align: center;\">\nWysoka kompatybilno\u015b\u0107 z istniej\u0105cym oprogramowaniem<\/p>\n<\/div>\t\t<\/div>\r\n\t\t\t<\/article>\r\n<\/div><div class=\"w-grid-carousel-json hidden\" onclick='return {&quot;carousel_settings&quot;:{&quot;aria_labels&quot;:{&quot;prev&quot;:&quot;Poprzedni&quot;,&quot;next&quot;:&quot;Nast\\u0119pny&quot;},&quot;autoplayContinual&quot;:false,&quot;autoplayHoverPause&quot;:false,&quot;autoplayTimeout&quot;:3000,&quot;autoWidth&quot;:false,&quot;smartSpeed&quot;:250,&quot;margin&quot;:0,&quot;mouseDrag&quot;:false,&quot;rtl&quot;:false,&quot;slideBy&quot;:&quot;page&quot;,&quot;touchDrag&quot;:false,&quot;slideTransition&quot;:&quot;cubic-bezier(.78,.13,.15,.86)&quot;,&quot;responsive&quot;:{&quot;0&quot;:{&quot;autoHeight&quot;:false,&quot;autoplay&quot;:true,&quot;autoWidth&quot;:false,&quot;center&quot;:false,&quot;dots&quot;:false,&quot;items&quot;:1,&quot;loop&quot;:true,&quot;nav&quot;:false,&quot;stagePadding&quot;:0,&quot;slideBy&quot;:&quot;1&quot;},&quot;601&quot;:{&quot;autoHeight&quot;:false,&quot;autoplay&quot;:true,&quot;autoWidth&quot;:false,&quot;center&quot;:false,&quot;dots&quot;:false,&quot;items&quot;:2,&quot;loop&quot;:true,&quot;nav&quot;:true,&quot;stagePadding&quot;:0,&quot;slideBy&quot;:&quot;1&quot;},&quot;1025&quot;:{&quot;autoHeight&quot;:false,&quot;autoplay&quot;:true,&quot;autoWidth&quot;:false,&quot;center&quot;:false,&quot;dots&quot;:false,&quot;items&quot;:3,&quot;loop&quot;:true,&quot;nav&quot;:true,&quot;stagePadding&quot;:45,&quot;slideBy&quot;:&quot;1&quot;},&quot;1381&quot;:{&quot;items&quot;:4,&quot;autoplay&quot;:false,&quot;center&quot;:false,&quot;dots&quot;:false,&quot;nav&quot;:false,&quot;autoHeight&quot;:false,&quot;autoWidth&quot;:false,&quot;loop&quot;:false,&quot;stagePadding&quot;:0}}}}'><\/div><\/div><div class=\"w-separator size_medium\"><\/div><\/div><\/div><\/div><\/div><\/section><section class=\"l-section wpb_row height_small\"><div class=\"l-section-h i-cf\"><div class=\"g-cols vc_row via_grid cols_1 laptops-cols_inherit tablets-cols_inherit mobiles-cols_1 valign_top type_default stacking_default\"><div class=\"wpb_column vc_column_container\"><div class=\"vc_column-inner\"><div class=\"wpb_text_column\"><div class=\"wpb_wrapper\"><h5>Nasze produkty<\/h5>\n<\/div><\/div><div class=\"w-separator size_small\"><\/div><div class=\"wpb_text_column\"><div class=\"wpb_wrapper\"><h2>R\u00f3\u017cnorodno\u015b\u0107 i innowacyjno\u015b\u0107<\/h2>\n<\/div><\/div><div class=\"w-separator size_medium\"><\/div><div class=\"g-cols wpb_row via_grid cols_2 laptops-cols_inherit tablets-cols_inherit mobiles-cols_1 valign_top type_default stacking_default\" style=\"--columns-gap:2rem;\"><div class=\"wpb_column vc_column_container us_custom_ff02863f has_text_color has_bg_color\"><div class=\"vc_column-overlay\" style=\"background:rgba(0,0,0,0.15)\"><\/div><div class=\"vc_column-inner\"><div class=\"w-separator size_medium\"><\/div><div class=\"wpb_text_column us_custom_67889c28 has_text_color\"><div class=\"wpb_wrapper\"><p style=\"text-align: center;\">Portale SI<\/p>\n<\/div><\/div><div class=\"w-separator size_small\"><\/div><div class=\"wpb_text_column us_custom_55db6c80 has_text_color\"><div class=\"wpb_wrapper\"><p style=\"text-align: center;\">Inteligentne technologie dla jeszcze bardziej inteligentnych proces\u00f3w: Nasze portale SI przekszta\u0142caj\u0105 Twoj\u0105 firm\u0119 i pomagaj\u0105 w ci\u0105g\u0142ym doskonaleniu.<\/p>\n<\/div><\/div><div class=\"w-separator size_medium\"><\/div><div class=\"w-btn-wrapper align_center\"><a class=\"w-btn us-btn-style_29\" href=\"https:\/\/callicon.de\/pl\/portale-ai\/\"><span class=\"w-btn-label\">Dowiedz si\u0119 wi\u0119cej<\/span><\/a><\/div><\/div><\/div><div class=\"wpb_column vc_column_container us_custom_a4d84ab7 has_bg_color\"><div class=\"vc_column-overlay\" style=\"background:rgba(0,0,0,0.15)\"><\/div><div class=\"vc_column-inner\"><div class=\"w-separator size_medium\"><\/div><div class=\"wpb_text_column us_custom_67889c28 has_text_color\"><div class=\"wpb_wrapper\"><p style=\"text-align: center;\">Apps<\/p>\n<\/div><\/div><div class=\"w-separator size_small\"><\/div><div class=\"wpb_text_column us_custom_55db6c80 has_text_color\"><div class=\"wpb_wrapper\"><p style=\"text-align: center;\">Odpowiednie narz\u0119dzie dla ka\u017cdego procesu, od scentralizowanego zarz\u0105dzania danymi podstawowymi po zarz\u0105dzanie zam\u00f3wieniami i szkolenia pracownik\u00f3w.<br \/>\nWprowadza to struktur\u0119 do Twojej firmy!<\/p>\n<\/div><\/div><div class=\"w-separator size_medium\"><\/div><div class=\"w-btn-wrapper align_center\"><a class=\"w-btn us-btn-style_29\" href=\"https:\/\/callicon.de\/pl\/aplikacje\/\"><span class=\"w-btn-label\">Dowiedz si\u0119 wi\u0119cej<\/span><\/a><\/div><\/div><\/div><\/div><div class=\"w-separator size_medium\"><\/div><div class=\"g-cols wpb_row via_grid cols_2 laptops-cols_inherit tablets-cols_inherit mobiles-cols_1 valign_top type_default stacking_default\" style=\"--columns-gap:2rem;\"><div class=\"wpb_column vc_column_container us_custom_c80ef13f has_text_color has_bg_color\"><div class=\"vc_column-inner\"><div class=\"w-separator size_medium\"><\/div><div class=\"wpb_text_column us_custom_67889c28 has_text_color\"><div class=\"wpb_wrapper\"><p style=\"text-align: center;\">MES<\/p>\n<\/div><\/div><div class=\"w-separator size_small\"><\/div><div class=\"wpb_text_column us_custom_55db6c80 has_text_color\"><div class=\"wpb_wrapper\"><p style=\"text-align: center;\">Planuj i kontroluj wszystko, od ilo\u015bci produkcji po wysy\u0142k\u0119 zgodnie z zapotrzebowaniem i zwi\u0119ksz wydajno\u015b\u0107 proces\u00f3w magazynowych &#8211; dzi\u0119ki naszemu inteligentnemu systemowi MES.<\/p>\n<\/div><\/div><div class=\"w-separator size_medium\"><\/div><div class=\"w-btn-wrapper align_center\"><a class=\"w-btn us-btn-style_29\" href=\"https:\/\/callicon.de\/pl\/mes\/\"><span class=\"w-btn-label\">Dowiedz si\u0119 wi\u0119cej<\/span><\/a><\/div><\/div><\/div><div class=\"wpb_column vc_column_container us_custom_dab868ff has_bg_color\"><div class=\"vc_column-overlay\" style=\"background:rgba(0,0,0,0.15)\"><\/div><div class=\"vc_column-inner\"><div class=\"w-separator size_medium\"><\/div><div class=\"wpb_text_column us_custom_67889c28 has_text_color\"><div class=\"wpb_wrapper\"><p style=\"text-align: center;\">Us\u0142ugi<\/p>\n<\/div><\/div><div class=\"w-separator size_small\"><\/div><div class=\"wpb_text_column us_custom_55db6c80 has_text_color\"><div class=\"wpb_wrapper\"><p style=\"text-align: center;\">Jeste\u015bmy pasjonatami wyj\u0105tkowego oprogramowania do \u017cywno\u015bci.<br \/>\nWspieramy klient\u00f3w w zakresie ich rozwi\u0105za\u0144, pocz\u0105wszy od planowania i wdra\u017cania, a\u017c po sprawne dzia\u0142anie.<\/p>\n<\/div><\/div><div class=\"w-separator size_medium\"><\/div><div class=\"w-btn-wrapper align_center\"><a class=\"w-btn us-btn-style_29\" href=\"https:\/\/callicon.de\/pl\/uslugi\/\"><span class=\"w-btn-label\">Dowiedz si\u0119 wi\u0119cej<\/span><\/a><\/div><\/div><\/div><\/div><\/div><\/div><\/div><\/div><\/section><section class=\"l-section wpb_row height_custom\"><div class=\"l-section-h i-cf\"><div class=\"g-cols vc_row via_grid cols_1 laptops-cols_inherit tablets-cols_inherit mobiles-cols_1 valign_top type_default stacking_default\"><div class=\"wpb_column vc_column_container\"><div class=\"vc_column-inner\"><div class=\"wpb_text_column\"><div class=\"wpb_wrapper\"><h5>Skontaktuj si\u0119 z nami<\/h5>\n<\/div><\/div><div class=\"w-separator size_small\"><\/div><div class=\"wpb_text_column\"><div class=\"wpb_wrapper\"><p><span style=\"font-size: 35px; color: #1a1a1a;\">Czy masz jeszcze jakie\u015b pytania? <\/span><\/p>\n<\/div><\/div><div class=\"w-separator size_medium\"><\/div><div class=\"g-cols wpb_row via_grid cols_2 laptops-cols_inherit tablets-cols_inherit mobiles-cols_1 valign_top type_default stacking_default\" style=\"--columns-gap:3rem;\"><div class=\"wpb_column vc_column_container us_custom_807cc0fd has_bg_color\"><div class=\"vc_column-inner\"><div class=\"wpb_text_column\"><div class=\"wpb_wrapper\"><h3>Jeste\u015bmy dost\u0119pni dla Ciebie osobi\u015bcie.<\/h3>\n<\/div><\/div><div class=\"w-separator size_medium\"><\/div><div class=\"w-btn-wrapper align_none\"><a class=\"w-btn us-btn-style_28\" href=\"https:\/\/callicon.de\/pl\/skontaktuj-sie-z-nami\/\"><span class=\"w-btn-label\">Do formularza kontaktowego<\/span><\/a><\/div><div class=\"w-btn-wrapper align_none\"><a class=\"w-btn us-btn-style_29\" href=\"mailto:office@callicon.de\"><span class=\"w-btn-label\">Wy\u015blij e-mail<\/span><\/a><\/div><\/div><\/div><div class=\"wpb_column vc_column_container us_custom_a3e0492d has_bg_color\"><div class=\"vc_column-inner\"><div class=\"wpb_text_column\"><div class=\"wpb_wrapper\"><h3 style=\"text-align: center;\">Cz\u0119sto zadawane pytania i odpowiedzi.<\/h3>\n<\/div><\/div><div class=\"w-separator size_medium\"><\/div><div class=\"w-btn-wrapper align_center\"><a class=\"w-btn us-btn-style_28\" href=\"https:\/\/callicon.de\/pl\/portale-ai\/#fragen\"><span class=\"w-btn-label\">Zobacz najcz\u0119\u015bciej zadawane pytania<\/span><\/a><\/div><\/div><\/div><\/div><\/div><\/div><\/div><\/div><\/section>\n","protected":false},"excerpt":{"rendered":"Wysoka kompatybilno\u015b\u0107 z istniej\u0105cym oprogramowaniem","protected":false},"author":1,"featured_media":0,"parent":0,"menu_order":0,"comment_status":"closed","ping_status":"closed","template":"","meta":{"om_disable_all_campaigns":false,"_monsterinsights_skip_tracking":false,"_monsterinsights_sitenote_active":false,"_monsterinsights_sitenote_note":"","_monsterinsights_sitenote_category":0,"footnotes":""},"class_list":["post-10353","page","type-page","status-publish","hentry"],"aioseo_notices":[],"_links":{"self":[{"href":"https:\/\/callicon.de\/pl\/wp-json\/wp\/v2\/pages\/10353","targetHints":{"allow":["GET"]}}],"collection":[{"href":"https:\/\/callicon.de\/pl\/wp-json\/wp\/v2\/pages"}],"about":[{"href":"https:\/\/callicon.de\/pl\/wp-json\/wp\/v2\/types\/page"}],"author":[{"embeddable":true,"href":"https:\/\/callicon.de\/pl\/wp-json\/wp\/v2\/users\/1"}],"replies":[{"embeddable":true,"href":"https:\/\/callicon.de\/pl\/wp-json\/wp\/v2\/comments?post=10353"}],"version-history":[{"count":11,"href":"https:\/\/callicon.de\/pl\/wp-json\/wp\/v2\/pages\/10353\/revisions"}],"predecessor-version":[{"id":12589,"href":"https:\/\/callicon.de\/pl\/wp-json\/wp\/v2\/pages\/10353\/revisions\/12589"}],"wp:attachment":[{"href":"https:\/\/callicon.de\/pl\/wp-json\/wp\/v2\/media?parent=10353"}],"curies":[{"name":"wp","href":"https:\/\/api.w.org\/{rel}","templated":true}]}}