{"id":10723,"date":"2024-10-22T19:14:53","date_gmt":"2024-10-22T17:14:53","guid":{"rendered":"https:\/\/callicon.de\/wdrozenie\/"},"modified":"2024-12-18T19:22:25","modified_gmt":"2024-12-18T18:22:25","slug":"wdrozenie","status":"publish","type":"page","link":"https:\/\/callicon.de\/pl\/wdrozenie\/","title":{"rendered":"Wdro\u017cenie"},"content":{"rendered":"<section class=\"l-section wpb_row us_custom_681ed7c5 height_auto\"><div class=\"l-section-h i-cf\"><div class=\"g-cols vc_row via_grid cols_1 laptops-cols_inherit tablets-cols_inherit mobiles-cols_1 valign_top type_default stacking_default\"><div class=\"wpb_column vc_column_container\"><div class=\"vc_column-inner\"><div class=\"w-separator size_small\"><\/div><div class=\"w-separator size_medium\"><\/div>[vc_custom_heading text=&#8221;implementacja callicon&#8221; font_container=&#8221;tag:h1|font_size:2.8rem|text_align:left|color:%231D7B45&#8243; use_theme_fonts=&#8221;yes&#8221;]<div class=\"w-separator size_medium\"><\/div><div class=\"g-cols wpb_row via_grid cols_1-3 laptops-cols_inherit tablets-cols_inherit mobiles-cols_1 valign_top type_default stacking_default\" style=\"--columns-gap:3rem;\"><div class=\"wpb_column vc_column_container\"><div class=\"vc_column-inner\"><div class=\"w-image align_left\"><div class=\"w-image-h\"><img decoding=\"async\" width=\"442\" height=\"502\" src=\"https:\/\/callicon.de\/wp-content\/uploads\/2024\/10\/gross_ki_portal.png\" class=\"attachment-full size-full\" alt=\"\" loading=\"lazy\" srcset=\"https:\/\/callicon.de\/wp-content\/uploads\/2024\/10\/gross_ki_portal.png 442w, https:\/\/callicon.de\/wp-content\/uploads\/2024\/10\/gross_ki_portal-264x300.png 264w\" sizes=\"auto, (max-width: 442px) 100vw, 442px\" \/><\/div><\/div><div class=\"w-separator size_medium\"><\/div><\/div><\/div><div class=\"wpb_column vc_column_container\"><div class=\"vc_column-inner\">[vc_custom_heading text=&#8221;Zam\u00f3wienia portalu AI&#8221; font_container=&#8221;tag:h3|text_align:left&#8221; use_theme_fonts=&#8221;yes&#8221;]<div class=\"wpb_text_column\"><div class=\"wpb_wrapper\"><h4><strong>AI Order optymalizuje proces zamawiania.<\/strong><\/h4>\n<p>AI Order optymalizuje proces zamawiania, wykorzystuj\u0105c sztuczn\u0105 inteligencj\u0119 do analizy preferencji klient\u00f3w i automatycznej personalizacji zam\u00f3wie\u0144. Aplikacja uczy si\u0119 na podstawie zachowa\u0144 u\u017cytkownik\u00f3w, sugeruje odpowiednie produkty lub us\u0142ugi i mo\u017ce przewidywa\u0107 przysz\u0142e zam\u00f3wienia. Automatyzuj\u0105c rutynowe zadania, takie jak uzupe\u0142nianie zapas\u00f3w lub dostosowywanie ilo\u015bci zam\u00f3wie\u0144, poprawia wydajno\u015b\u0107 i zmniejsza liczb\u0119 b\u0142\u0119d\u00f3w ludzkich, co skutkuje p\u0142ynnym i szybkim przetwarzaniem zam\u00f3wie\u0144.<\/p>\n<\/div><\/div><\/div><\/div><\/div><div class=\"w-separator size_large\"><\/div><\/div><\/div><\/div><\/div><\/section><section class=\"l-section wpb_row height_auto width_full\"><div class=\"l-section-h i-cf\"><div class=\"g-cols vc_row via_grid cols_2 laptops-cols_inherit tablets-cols_inherit mobiles-cols_1 valign_middle type_boxes stacking_default\" style=\"--columns-gap:0rem;\"><div class=\"wpb_column vc_column_container us_custom_c6506454 has_text_color has_bg_color\"><div class=\"vc_column-inner\"><div class=\"w-separator size_custom\" style=\"height:400px\"><\/div><\/div><\/div><div class=\"wpb_column vc_column_container us_custom_2fc98fb8 has_text_color has_bg_color\"><div class=\"vc_column-inner\"><div class=\"g-cols wpb_row us_custom_6df4bc3a has_text_color via_grid cols_1 laptops-cols_inherit tablets-cols_inherit mobiles-cols_1 valign_top type_default stacking_default\" style=\"--columns-gap:3rem;\"><div class=\"wpb_column vc_column_container\"><div class=\"vc_column-inner\"><div class=\"wpb_text_column\"><div class=\"wpb_wrapper\"><h3>Aplikacja AI Portal Orders uczy si\u0119 na podstawie zachowa\u0144 u\u017cytkownik\u00f3w<\/h3>\n<ul>\n<li class=\"main_headline\">Ogromne oszcz\u0119dno\u015bci koszt\u00f3w personelu<\/li>\n<li class=\"main_headline\">Wi\u0119cej czasu na aktywn\u0105 sprzeda\u017c<\/li>\n<li class=\"main_headline\">Zmniejszenie cz\u0119stotliwo\u015bci b\u0142\u0119d\u00f3w w trybie 24\/7<\/li>\n<li class=\"main_headline\">W po\u0142\u0105czeniu z aplikacj\u0105 Callicon Order APP, zautomatyzowane zarz\u0105dzanie zam\u00f3wieniami niezale\u017cnie od klienta, niezale\u017cnie od tego, w jaki spos\u00f3b klient sk\u0142ada zam\u00f3wienie. Telefon \/ automatyczna sekretarka, e-mail, faks, aplikacje<\/li>\n<li class=\"main_headline\">Ka\u017cde zam\u00f3wienie jest automatycznie sprawdzane pod k\u0105tem wiarygodno\u015bci i przekazywane do dzia\u0142u wysy\u0142ki przez ca\u0142\u0105 dob\u0119.<\/li>\n<li class=\"main_headline\">Rozwi\u0105zanie w chmurze, Azure<\/li>\n<\/ul>\n<\/div><\/div><\/div><\/div><\/div><\/div><\/div><\/div><\/div><\/section><section class=\"l-section wpb_row us_custom_681ed7c5 height_custom\"><div class=\"l-section-h i-cf\"><div class=\"g-cols vc_row via_grid cols_1 laptops-cols_inherit tablets-cols_inherit mobiles-cols_1 valign_top type_default stacking_default\"><div class=\"wpb_column vc_column_container\"><div class=\"vc_column-inner\"><div class=\"w-separator size_small\"><\/div><div class=\"g-cols wpb_row via_grid cols_3 laptops-cols_inherit tablets-cols_inherit mobiles-cols_1 valign_top type_default stacking_default\" style=\"--columns-gap:1.8rem;\"><div class=\"wpb_column vc_column_container us_custom_f4ab46e0 has_bg_color\"><div class=\"vc_column-inner\"><div class=\"wpb_text_column us_custom_4fb9e5a3\"><div class=\"wpb_wrapper\"><h4><strong>Lorem ipsum<\/strong><\/h4>\n<p>Lorem ipsum dolor sit amet, consetetur sadipscing elitr, sed diam nonumy eirmod tempor invidunt ut labore et dolore magna aliquyam erat, sed diam voluptua.<\/p>\n<\/div><\/div><div class=\"w-separator size_small\"><\/div><div class=\"w-btn-wrapper align_none\"><a class=\"w-btn us-btn-style_28\" href=\"#\"><span class=\"w-btn-label\">Link do map google<\/span><\/a><\/div><\/div><\/div><div class=\"wpb_column vc_column_container us_custom_317e305c has_bg_color\"><div class=\"vc_column-inner\"><div class=\"wpb_text_column us_custom_4fb9e5a3\"><div class=\"wpb_wrapper\"><h4><strong>Lorem ipsum<\/strong><\/h4>\n<p>Lorem ipsum dolor sit amet, consetetur sadipscing elitr, sed diam nonumy eirmod tempor invidunt ut labore et dolore magna aliquyam erat, sed diam voluptua.<\/p>\n<\/div><\/div><div class=\"w-separator size_small\"><\/div><div class=\"w-btn-wrapper align_none\"><a class=\"w-btn us-btn-style_28\" href=\"#\"><span class=\"w-btn-label\">Formularz kontaktowy<\/span><\/a><\/div><\/div><\/div><div class=\"wpb_column vc_column_container us_custom_317e305c has_bg_color\"><div class=\"vc_column-inner\"><div class=\"wpb_text_column us_custom_4fb9e5a3\"><div class=\"wpb_wrapper\"><h4><strong>Lorem ipsum<\/strong><\/h4>\n<p>Lorem ipsum dolor sit amet, consetetur sadipscing elitr, sed diam nonumy eirmod tempor invidunt ut labore et dolore magna aliquyam erat, sed diam voluptua.<\/p>\n<\/div><\/div><div class=\"w-separator size_small\"><\/div><div class=\"w-btn-wrapper align_none\"><a class=\"w-btn us-btn-style_28\" href=\"#\"><span class=\"w-btn-label\">PDF do pobrania<\/span><\/a><\/div><\/div><\/div><\/div><\/div><\/div><\/div><\/div><\/section><section class=\"l-section wpb_row height_custom\"><div class=\"l-section-h i-cf\"><div class=\"g-cols vc_row via_grid cols_1 laptops-cols_inherit tablets-cols_inherit mobiles-cols_1 valign_top type_default stacking_default\"><div class=\"wpb_column vc_column_container\"><div class=\"vc_column-inner\"><div class=\"wpb_text_column\"><div class=\"wpb_wrapper\"><h2>Lorem ipsum dolor sit amet<\/h2>\n<p>Lorem ipsum dolor sit amet, consectetur adipiscing elit. Ut elit tellus, luctus nec ullamcorper mattis, pulvinar dapibus leo. Lorem ipsum dolor sit amet, consectetur adipiscing elit.<br \/>\nLorem ipsum dolor sit amet, consectetur adipiscing elit.<\/p>\n<\/div><\/div><\/div><\/div><\/div><\/div><\/section><section class=\"l-section wpb_row us_custom_1ea44603 height_auto\"><div class=\"l-section-h i-cf\"><div class=\"g-cols vc_row via_grid cols_1 laptops-cols_inherit tablets-cols_inherit mobiles-cols_1 valign_top type_default stacking_default\"><div class=\"wpb_column vc_column_container\"><div class=\"vc_column-inner\"><div class=\"w-actionbox us_custom_11ae3a20 has_text_color color_primary controls_right\"><div class=\"w-actionbox-text\"><div class=\"w-actionbox-description\"><h6>Chcesz skorzysta\u0107 z osobistej konsultacji? Jeste\u015bmy tu dla Ciebie.<\/h6>\n<\/div><\/div><div class=\"w-actionbox-controls\"><button class=\"w-btn us-btn-style_15\" type=\"button\"><span class=\"w-btn-label\">Um\u00f3w si\u0119 na spotkanie konsultacyjne<\/span><\/button><\/div><\/div><\/div><\/div><\/div><\/div><\/section><section class=\"l-section wpb_row height_custom\"><div class=\"l-section-h i-cf\"><div class=\"g-cols vc_row via_grid cols_1 laptops-cols_inherit tablets-cols_inherit mobiles-cols_1 valign_top type_default stacking_default\"><div class=\"wpb_column vc_column_container\"><div class=\"vc_column-inner\"><div class=\"wpb_text_column\"><div class=\"wpb_wrapper\"><p><span style=\"font-size: 20px; color: #1a1a1a;\"><span style=\"color: #1d7b45;\">FAQ<\/span><br \/>\n<\/span><\/p>\n<\/div><\/div><div class=\"w-separator size_small\"><\/div><div class=\"wpb_text_column\"><div class=\"wpb_wrapper\"><h3>Cz\u0119sto zadawane pytania dotycz\u0105ce aplikacji KI Portal Orders<\/h3>\n<\/div><\/div><div class=\"w-separator size_medium\"><\/div><div class=\"w-tabs style_default switch_click accordion remove_indents\" style=\"--sections-title-size:1.0rem\"><div class=\"w-tabs-sections titles-align_none icon_chevron cpos_right\"><div class=\"w-tabs-section has_text_color\" id=\"fc2c\" style=\"color:#e01fe0;\"><button class=\"w-tabs-section-header\" aria-controls=\"content-fc2c\" aria-expanded=\"false\"><div class=\"w-tabs-section-title\">Lorem ipsum dolor sit amet Lorem ipsum dolor sit amet<\/div><div class=\"w-tabs-section-control\"><\/div><\/button><div  class=\"w-tabs-section-content\" id=\"content-fc2c\"><div class=\"w-tabs-section-content-h i-cf\"><div class=\"wpb_text_column\"><div class=\"wpb_wrapper\"><p>Lorem ipsum dolor sit amet, consetetur sadipscing elitr, sed diam nonumy eirmod tempor invidunt ut labore et dolore magna aliquyam erat, sed diam voluptua. At vero eos et accusam et justo duo dolores et ea rebum. Stet clita kasd gubergren, no sea takaata sanctus est Lorem ipsum dolor sit amet. Lorem ipsum dolor sit amet, consetetur sadipscing elitr, sed diam nonumy eirmod tempor invidunt ut labore et dolore magna aliquyam erat, sed diam voluptua<\/p>\n<\/div><\/div><\/div><\/div><\/div><div class=\"w-tabs-section has_text_color\" id=\"xcc8\" style=\"color:#333333;\"><button class=\"w-tabs-section-header\" aria-controls=\"content-xcc8\" aria-expanded=\"false\"><div class=\"w-tabs-section-title\">W tym czasie nie ma czasu na prac\u0119.<\/div><div class=\"w-tabs-section-control\"><\/div><\/button><div  class=\"w-tabs-section-content\" id=\"content-xcc8\"><div class=\"w-tabs-section-content-h i-cf\"><div class=\"wpb_text_column us_custom_95ebd667 has_text_color\"><div class=\"wpb_wrapper\"><p>Lorem ipsum dolor sit amet, consectetur adipiscing elit. Morbi sagittis, sem quis lacinia faucibus, orci ipsum gravida tortor, vel interdum mi sapien ut justo. Nulla varius consequat magna, id molestie ipsum volutpat quis.<\/p>\n<\/div><\/div><\/div><\/div><\/div><div class=\"w-tabs-section\" id=\"rd4e\"><button class=\"w-tabs-section-header\" aria-controls=\"content-rd4e\" aria-expanded=\"false\"><div class=\"w-tabs-section-title\">sem quis lacinia faucibus<\/div><div class=\"w-tabs-section-control\"><\/div><\/button><div  class=\"w-tabs-section-content\" id=\"content-rd4e\"><div class=\"w-tabs-section-content-h i-cf\"><div class=\"wpb_text_column\"><div class=\"wpb_wrapper\"><p>Lorem ipsum dolor sit amet, consectetur adipiscing elit. Morbi sagittis, sem quis lacinia faucibus, orci ipsum gravida tortor, vel interdum mi sapien ut justo. Nulla varius consequat magna, id molestie ipsum volutpat quis. Suspendisse consectetur fringilla suctus.<\/p>\n<\/div><\/div><\/div><\/div><\/div><div class=\"w-tabs-section\" id=\"edcb\"><button class=\"w-tabs-section-header\" aria-controls=\"content-edcb\" aria-expanded=\"false\"><div class=\"w-tabs-section-title\">Nulla varius consequat magna<\/div><div class=\"w-tabs-section-control\"><\/div><\/button><div  class=\"w-tabs-section-content\" id=\"content-edcb\"><div class=\"w-tabs-section-content-h i-cf\"><div class=\"wpb_text_column\"><div class=\"wpb_wrapper\"><p>Lorem ipsum dolor sit amet, consectetur adipiscing elit. Morbi sagittis, sem quis lacinia faucibus, orci ipsum gravida tortor, vel interdum mi sapien ut justo. Nulla varius consequat magna, id molestie ipsum volutpat quis. Suspendisse consectetur fringilla suctus.<\/p>\n<\/div><\/div><\/div><\/div><\/div><div class=\"w-tabs-section\" id=\"le42\"><button class=\"w-tabs-section-header\" aria-controls=\"content-le42\" aria-expanded=\"false\"><div class=\"w-tabs-section-title\">Suspendisse consectetur fringilla suctus.<\/div><div class=\"w-tabs-section-control\"><\/div><\/button><div  class=\"w-tabs-section-content\" id=\"content-le42\"><div class=\"w-tabs-section-content-h i-cf\"><div class=\"wpb_text_column\"><div class=\"wpb_wrapper\"><p>Lorem ipsum dolor sit amet, consectetur adipiscing elit. Morbi sagittis, sem quis lacinia faucibus, orci ipsum gravida tortor, vel interdum mi sapien ut justo. Nulla varius consequat magna, id molestie ipsum volutpat quis. Suspendisse consectetur fringilla suctus.<\/p>\n<\/div><\/div><\/div><\/div><\/div><\/div><\/div><div class=\"w-separator size_small\"><\/div><\/div><\/div><\/div><\/div><\/section>\n","protected":false},"excerpt":{"rendered":"[vc_custom_heading text=\"implementacja callicon\" font_container=\"tag:h1|font_size:2.8rem|text_align:left|color:%231D7B45\" use_theme_fonts=\"yes\"][vc_custom_heading text=\"Zam\u00f3wienia portalu AI\" font_container=\"tag:h3|text_align:left\" use_theme_fonts=\"yes\"]AI Order optymalizuje proces zamawiania. AI Order optymalizuje proces zamawiania, wykorzystuj\u0105c sztuczn\u0105 inteligencj\u0119 do analizy preferencji klient\u00f3w i automatycznej personalizacji zam\u00f3wie\u0144. Aplikacja uczy si\u0119 na podstawie zachowa\u0144 u\u017cytkownik\u00f3w, sugeruje odpowiednie produkty lub us\u0142ugi i mo\u017ce przewidywa\u0107 przysz\u0142e zam\u00f3wienia. Automatyzuj\u0105c rutynowe zadania, takie jak uzupe\u0142nianie zapas\u00f3w lub...","protected":false},"author":1,"featured_media":0,"parent":0,"menu_order":0,"comment_status":"closed","ping_status":"closed","template":"","meta":{"om_disable_all_campaigns":false,"_monsterinsights_skip_tracking":false,"_monsterinsights_sitenote_active":false,"_monsterinsights_sitenote_note":"","_monsterinsights_sitenote_category":0,"footnotes":""},"class_list":["post-10723","page","type-page","status-publish","hentry"],"aioseo_notices":[],"_links":{"self":[{"href":"https:\/\/callicon.de\/pl\/wp-json\/wp\/v2\/pages\/10723","targetHints":{"allow":["GET"]}}],"collection":[{"href":"https:\/\/callicon.de\/pl\/wp-json\/wp\/v2\/pages"}],"about":[{"href":"https:\/\/callicon.de\/pl\/wp-json\/wp\/v2\/types\/page"}],"author":[{"embeddable":true,"href":"https:\/\/callicon.de\/pl\/wp-json\/wp\/v2\/users\/1"}],"replies":[{"embeddable":true,"href":"https:\/\/callicon.de\/pl\/wp-json\/wp\/v2\/comments?post=10723"}],"version-history":[{"count":2,"href":"https:\/\/callicon.de\/pl\/wp-json\/wp\/v2\/pages\/10723\/revisions"}],"predecessor-version":[{"id":10725,"href":"https:\/\/callicon.de\/pl\/wp-json\/wp\/v2\/pages\/10723\/revisions\/10725"}],"wp:attachment":[{"href":"https:\/\/callicon.de\/pl\/wp-json\/wp\/v2\/media?parent=10723"}],"curies":[{"name":"wp","href":"https:\/\/api.w.org\/{rel}","templated":true}]}}