{"id":10889,"date":"2024-10-22T11:53:59","date_gmt":"2024-10-22T09:53:59","guid":{"rendered":"https:\/\/callicon.de\/specyfikacja-artykulu-si\/"},"modified":"2025-02-04T11:45:02","modified_gmt":"2025-02-04T10:45:02","slug":"specyfikacja-artykulu-si","status":"publish","type":"page","link":"https:\/\/callicon.de\/pl\/specyfikacja-artykulu-si\/","title":{"rendered":"SI Specyfikacja artyku\u0142u"},"content":{"rendered":"<section class=\"l-section wpb_row us_custom_681ed7c5 height_auto\"><div class=\"l-section-h i-cf\"><div class=\"g-cols vc_row via_grid cols_1 laptops-cols_inherit tablets-cols_inherit mobiles-cols_1 valign_top type_default stacking_default\"><div class=\"wpb_column vc_column_container\"><div class=\"vc_column-inner\"><div class=\"w-separator size_small\"><\/div><div class=\"w-separator size_medium\"><\/div>[vc_custom_heading text=&#8221;callicon SI-Portal specyfikacja artyku\u0142u&#8221; font_container=&#8221;tag:h1|font_size:2.6rem|text_align:left|color:%231D7B45&#8243; use_theme_fonts=&#8221;yes&#8221;]<div class=\"w-separator size_medium\"><\/div><div class=\"g-cols wpb_row via_grid cols_1-3 laptops-cols_inherit tablets-cols_inherit mobiles-cols_1 valign_top type_default stacking_default\" style=\"--columns-gap:3rem;\"><div class=\"wpb_column vc_column_container\"><div class=\"vc_column-inner\"><div class=\"w-separator size_small\"><\/div><div class=\"w-image align_left\"><div class=\"w-image-h\"><img decoding=\"async\" width=\"400\" height=\"479\" src=\"https:\/\/callicon.de\/wp-content\/uploads\/2025\/01\/PL_Artikelspezifikation@2x.png\" class=\"attachment-full size-full\" alt=\"\" loading=\"lazy\" srcset=\"https:\/\/callicon.de\/wp-content\/uploads\/2025\/01\/PL_Artikelspezifikation@2x.png 400w, https:\/\/callicon.de\/wp-content\/uploads\/2025\/01\/PL_Artikelspezifikation@2x-251x300.png 251w\" sizes=\"auto, (max-width: 400px) 100vw, 400px\" \/><\/div><\/div><\/div><\/div><div class=\"wpb_column vc_column_container\"><div class=\"vc_column-inner\">[vc_custom_heading text=&#8221;SI Specyfikacja artyku\u0142u&#8221; font_container=&#8221;tag:h3|text_align:left&#8221; use_theme_fonts=&#8221;yes&#8221;]<div class=\"wpb_text_column\"><div class=\"wpb_wrapper\"><h4>Maksymalna jako\u015b\u0107, bezpiecze\u0144stwo i przejrzysto\u015b\u0107<\/h4>\n<p>Zapewnij sp\u00f3jno\u015b\u0107 obowi\u0105zkowego etykietowania swoich produkt\u00f3w i automatycznie spe\u0142niaj rosn\u0105ce wymagania prawne i rynkowe dotycz\u0105ce \u017cywno\u015bci &#8211; z pomoc\u0105 sztucznej inteligencji callicon. SI-Portal specyfikacji artyku\u0142\u00f3w automatyzuje zarz\u0105dzanie informacjami o artyku\u0142ach oraz upraszcza tworzenie specyfikacji produkt\u00f3w i zarz\u0105dzanie nimi. Umo\u017cliwia automatyczne tworzenie dok\u0142adnych informacji o warto\u015bciach od\u017cywczych, deklarowanie alergen\u00f3w lub dodatk\u00f3w oraz przestrzeganie innych wymog\u00f3w prawnych. Zapewnia to pe\u0142n\u0105 przejrzysto\u015b\u0107 dla dostawc\u00f3w i maksymalne zaufanie konsument\u00f3w. Interfejsy do formularzy paletowych klient\u00f3w (np. GS1, Aldi, Edeka) s\u0105 dost\u0119pne w standardzie.<\/p>\n<\/div><\/div><\/div><\/div><\/div><div class=\"w-separator size_medium\"><\/div><\/div><\/div><\/div><\/div><\/section><section class=\"l-section wpb_row us_custom_681ed7c5 height_custom\"><div class=\"l-section-h i-cf\"><div class=\"g-cols vc_row via_grid cols_1 laptops-cols_inherit tablets-cols_inherit mobiles-cols_1 valign_top type_default stacking_default\"><div class=\"wpb_column vc_column_container\"><div class=\"vc_column-inner\"><div class=\"g-cols wpb_row via_grid cols_3 laptops-cols_inherit tablets-cols_inherit mobiles-cols_1 valign_top type_default stacking_default\" style=\"--columns-gap:3rem;\"><div class=\"wpb_column vc_column_container us_custom_11e40cd8 has_bg_color\"><div class=\"vc_column-inner\"><div class=\"wpb_text_column\"><div class=\"wpb_wrapper\"><h4 style=\"text-align: center;\">Sp\u00f3jno\u015b\u0107 etykietowania<\/h4>\n<\/div><\/div><\/div><\/div><div class=\"wpb_column vc_column_container us_custom_11e40cd8 has_bg_color\"><div class=\"vc_column-inner\"><div class=\"wpb_text_column\"><div class=\"wpb_wrapper\"><h4 style=\"text-align: center;\">Idealne przygotowanie do wszystkich audyt\u00f3w<\/h4>\n<\/div><\/div><\/div><\/div><div class=\"wpb_column vc_column_container us_custom_11e40cd8 has_bg_color\"><div class=\"vc_column-inner\"><div class=\"wpb_text_column\"><div class=\"wpb_wrapper\"><h4 style=\"text-align: center;\">Przejrzyste i proste zarz\u0105dzanie specyfikacjami<\/h4>\n<\/div><\/div><\/div><\/div><\/div><div class=\"w-separator size_small\"><\/div><\/div><\/div><\/div><\/div><\/section><section class=\"l-section wpb_row us_custom_1ea44603 height_small\"><div class=\"l-section-h i-cf\"><div class=\"g-cols vc_row via_grid cols_4-1 laptops-cols_inherit tablets-cols_inherit mobiles-cols_1 valign_top type_default stacking_default\"><div class=\"wpb_column vc_column_container\"><div class=\"vc_column-inner\"><div class=\"w-separator size_small\"><\/div><div class=\"wpb_text_column us_custom_6df4bc3a has_text_color\"><div class=\"wpb_wrapper\"><h6>Wykorzystaj mo\u017cliwo\u015bci aplikacji SI dla bran\u017cy spo\u017cywczej! Dzi\u0119ki niestandardowym rozwi\u0105zaniom callicon.<\/h6>\n<\/div><\/div><\/div><\/div><div class=\"wpb_column vc_column_container\"><div class=\"vc_column-inner\"><div class=\"w-separator size_custom\" style=\"height:20px\"><\/div><div class=\"w-popup w-btn-wrapper align_center\"><button class=\"w-popup-trigger type_btn w-btn us-btn-style_29\" aria-label=\"Skontaktuj si\u0119 z nami ju\u017c teraz!\" type=\"button\"><span class=\"w-btn-label\">Skontaktuj si\u0119 z nami ju\u017c teraz!<\/span><\/button><div class=\"w-popup-overlay\" style=\"background:rgba(0,0,0,0.10);\"><\/div><div class=\"w-popup-wrap layout_default\" role=\"dialog\" aria-modal=\"true\" aria-label=\"Okienko popup\" style=\"--title-color:var(--color-content-heading);--title-bg-color:var(--color-content-bg-alt);--content-color:var(--color-content-text);--content-bg-color:var(--color-content-bg);--popup-border-radius:15px;--popup-width:600px;--popup-padding:5%;\"><div class=\"w-popup-box animation_slideTop closerpos_inside without_title\"><div class=\"w-popup-box-h\"><button aria-label=\"Zamknij\" class=\"w-popup-closer\" type=\"button\"><\/button><div class=\"w-popup-box-content\"><p><p class=\"wpcf7-contact-form-not-found\"><strong>B\u0142\u0105d:<\/strong> Brak formularza kontaktowego.<\/p><\/p>\n<\/div><\/div><\/div><\/div><\/div><\/div><\/div><\/div><\/div><\/section><section class=\"l-section wpb_row height_custom\"><div class=\"l-section-h i-cf\"><div class=\"g-cols vc_row via_grid cols_1 laptops-cols_inherit tablets-cols_inherit mobiles-cols_1 valign_top type_default stacking_default\"><div class=\"wpb_column vc_column_container\"><div class=\"vc_column-inner\"><div class=\"wpb_text_column\"><div class=\"wpb_wrapper\"><p><span style=\"font-size: 20px; color: #1a1a1a;\"><span style=\"color: #1d7b45;\">FAQ&#8217;s<\/span><br \/>\n<\/span><\/p>\n<\/div><\/div><div class=\"w-separator size_small\"><\/div><div class=\"wpb_text_column\"><div class=\"wpb_wrapper\"><h3>Cz\u0119sto zadawane pytania dotycz\u0105ce specyfikacji artyku\u0142u SI<\/h3>\n<\/div><\/div><div class=\"w-separator size_medium\"><\/div><div class=\"w-tabs style_default switch_click accordion remove_indents\" style=\"--sections-title-size:1.0rem\"><div class=\"w-tabs-sections titles-align_none icon_chevron cpos_right\"><div class=\"w-tabs-section\" id=\"s98f\"><button class=\"w-tabs-section-header\" aria-controls=\"content-s98f\" aria-expanded=\"false\"><div class=\"w-tabs-section-title\">Czym jest i jak dzia\u0142a specyfikacja artyku\u0142\u00f3w w portalu SI?<\/div><div class=\"w-tabs-section-control\"><\/div><\/button><div  class=\"w-tabs-section-content\" id=\"content-s98f\"><div class=\"w-tabs-section-content-h i-cf\"><div class=\"wpb_text_column\"><div class=\"wpb_wrapper\"><p><strong>Portal automatyzuje zarz\u0105dzanie informacjami o produktach i wspiera tworzenie specyfikacji produkt\u00f3w. Wykorzystuje sztuczn\u0105 inteligencj\u0119 do precyzyjnego deklarowania informacji o warto\u015bciach od\u017cywczych, alergenach i dodatkach oraz spe\u0142niania wymog\u00f3w regulacyjnych. <\/strong><\/p>\n<\/div><\/div><\/div><\/div><\/div><div class=\"w-tabs-section\" id=\"aa28\"><button class=\"w-tabs-section-header\" aria-controls=\"content-aa28\" aria-expanded=\"false\"><div class=\"w-tabs-section-title\">Jakie korzy\u015bci oferuje mojej firmie portal SI specyfikacja artyku\u0142\u00f3w?<\/div><div class=\"w-tabs-section-control\"><\/div><\/button><div  class=\"w-tabs-section-content\" id=\"content-aa28\"><div class=\"w-tabs-section-content-h i-cf\"><div class=\"wpb_text_column us_custom_95ebd667 has_text_color\"><div class=\"wpb_wrapper\"><p><strong>Zapewnia maksymaln\u0105 przejrzysto\u015b\u0107, oszcz\u0119dza czas przy zarz\u0105dzaniu informacjami o artyku\u0142ach i gwarantuje zgodno\u015b\u0107 z przepisami prawnymi i rynkowymi &#8211; wszystko automatycznie i skutecznie.<\/strong><\/p>\n<\/div><\/div><\/div><\/div><\/div><div class=\"w-tabs-section\" id=\"paad\"><button class=\"w-tabs-section-header\" aria-controls=\"content-paad\" aria-expanded=\"false\"><div class=\"w-tabs-section-title\">Czy mo\u017cna zintegrowa\u0107 interfejsy z platformami innymi ni\u017c GS1, Aldi lub Edeka?<\/div><div class=\"w-tabs-section-control\"><\/div><\/button><div  class=\"w-tabs-section-content\" id=\"content-paad\"><div class=\"w-tabs-section-content-h i-cf\"><div class=\"wpb_text_column\"><div class=\"wpb_wrapper\"><p><strong>Tak, portal oferuje znormalizowane interfejsy do wielu platform klient\u00f3w, aby zapewni\u0107 p\u0142ynn\u0105 wymian\u0119 danych. Dzi\u0119ki otwartej infrastrukturze mo\u017cna r\u00f3wnie\u017c \u0142atwo zintegrowa\u0107 inne platformy. Mo\u017cliwe s\u0105 r\u00f3wnie\u017c niestandardowe interfejsy. <\/strong><\/p>\n<\/div><\/div><\/div><\/div><\/div><div class=\"w-tabs-section\" id=\"pb25\"><button class=\"w-tabs-section-header\" aria-controls=\"content-pb25\" aria-expanded=\"false\"><div class=\"w-tabs-section-title\">W jaki spos\u00f3b portal przyczynia si\u0119 do zadowolenia konsument\u00f3w?<\/div><div class=\"w-tabs-section-control\"><\/div><\/button><div  class=\"w-tabs-section-content\" id=\"content-pb25\"><div class=\"w-tabs-section-content-h i-cf\"><div class=\"wpb_text_column\"><div class=\"wpb_wrapper\"><p><strong>Precyzyjna i przejrzysta deklaracja sk\u0142adnik\u00f3w, alergen\u00f3w i dodatk\u00f3w wzmacnia zaufanie konsument\u00f3w i gwarantuje najwy\u017csz\u0105 jako\u015b\u0107.<\/strong><\/p>\n<\/div><\/div><\/div><\/div><\/div><div class=\"w-tabs-section\" id=\"cb98\"><button class=\"w-tabs-section-header\" aria-controls=\"content-cb98\" aria-expanded=\"false\"><div class=\"w-tabs-section-title\">Czy portal jest odpowiedni dla firm r\u00f3\u017cnej wielko\u015bci?<\/div><div class=\"w-tabs-section-control\"><\/div><\/button><div  class=\"w-tabs-section-content\" id=\"content-cb98\"><div class=\"w-tabs-section-content-h i-cf\"><div class=\"wpb_text_column\"><div class=\"wpb_wrapper\"><p><strong>Absolutnie! Portal jest elastyczny i skalowalny, dzi\u0119ki czemu jest odpowiedni zar\u00f3wno dla ma\u0142ych firm, jak i du\u017cych przedsi\u0119biorstw z bran\u017cy spo\u017cywczej. <\/strong><\/p>\n<\/div><\/div><\/div><\/div><\/div><\/div><\/div><div class=\"w-separator size_small\"><\/div><\/div><\/div><\/div><\/div><\/section>\n","protected":false},"excerpt":{"rendered":"[vc_custom_heading text=\"callicon SI-Portal specyfikacja artyku\u0142u\" font_container=\"tag:h1|font_size:2.6rem|text_align:left|color:%231D7B45\" use_theme_fonts=\"yes\"][vc_custom_heading text=\"SI Specyfikacja artyku\u0142u\" font_container=\"tag:h3|text_align:left\" use_theme_fonts=\"yes\"]Maksymalna jako\u015b\u0107, bezpiecze\u0144stwo i przejrzysto\u015b\u0107 Zapewnij sp\u00f3jno\u015b\u0107 obowi\u0105zkowego etykietowania swoich produkt\u00f3w i automatycznie spe\u0142niaj rosn\u0105ce wymagania prawne i rynkowe dotycz\u0105ce \u017cywno\u015bci &#8211; z pomoc\u0105 sztucznej inteligencji callicon. SI-Portal specyfikacji artyku\u0142\u00f3w automatyzuje zarz\u0105dzanie informacjami o artyku\u0142ach oraz upraszcza tworzenie specyfikacji produkt\u00f3w i zarz\u0105dzanie nimi. Umo\u017cliwia...","protected":false},"author":1,"featured_media":0,"parent":0,"menu_order":0,"comment_status":"closed","ping_status":"closed","template":"","meta":{"om_disable_all_campaigns":false,"_monsterinsights_skip_tracking":false,"_monsterinsights_sitenote_active":false,"_monsterinsights_sitenote_note":"","_monsterinsights_sitenote_category":0,"footnotes":""},"class_list":["post-10889","page","type-page","status-publish","hentry"],"aioseo_notices":[],"_links":{"self":[{"href":"https:\/\/callicon.de\/pl\/wp-json\/wp\/v2\/pages\/10889","targetHints":{"allow":["GET"]}}],"collection":[{"href":"https:\/\/callicon.de\/pl\/wp-json\/wp\/v2\/pages"}],"about":[{"href":"https:\/\/callicon.de\/pl\/wp-json\/wp\/v2\/types\/page"}],"author":[{"embeddable":true,"href":"https:\/\/callicon.de\/pl\/wp-json\/wp\/v2\/users\/1"}],"replies":[{"embeddable":true,"href":"https:\/\/callicon.de\/pl\/wp-json\/wp\/v2\/comments?post=10889"}],"version-history":[{"count":10,"href":"https:\/\/callicon.de\/pl\/wp-json\/wp\/v2\/pages\/10889\/revisions"}],"predecessor-version":[{"id":12349,"href":"https:\/\/callicon.de\/pl\/wp-json\/wp\/v2\/pages\/10889\/revisions\/12349"}],"wp:attachment":[{"href":"https:\/\/callicon.de\/pl\/wp-json\/wp\/v2\/media?parent=10889"}],"curies":[{"name":"wp","href":"https:\/\/api.w.org\/{rel}","templated":true}]}}