{"id":10962,"date":"2024-10-22T19:10:01","date_gmt":"2024-10-22T17:10:01","guid":{"rendered":"https:\/\/callicon.de\/produkcja-i-dozowanie\/"},"modified":"2025-02-06T20:15:23","modified_gmt":"2025-02-06T19:15:23","slug":"produkcja-i-dozowanie","status":"publish","type":"page","link":"https:\/\/callicon.de\/pl\/produkcja-i-dozowanie\/","title":{"rendered":"Produkcja i dozowanie"},"content":{"rendered":"<section class=\"l-section wpb_row us_custom_681ed7c5 height_auto\"><div class=\"l-section-h i-cf\"><div class=\"g-cols vc_row via_grid cols_1 laptops-cols_inherit tablets-cols_inherit mobiles-cols_1 valign_top type_default stacking_default\"><div class=\"wpb_column vc_column_container\"><div class=\"vc_column-inner\"><div class=\"w-separator size_small\"><\/div><div class=\"w-separator size_medium\"><\/div>[vc_custom_heading text=&#8221;callicon MES Produkcja i dozowanie&#8221; font_container=&#8221;tag:h1|font_size:2.6rem|text_align:left|color:%231D7B45&#8243; use_theme_fonts=&#8221;yes&#8221;]<div class=\"w-separator size_medium\"><\/div><div class=\"g-cols wpb_row via_grid cols_1-3 laptops-cols_inherit tablets-cols_inherit mobiles-cols_1 valign_top type_default stacking_default\" style=\"--columns-gap:3rem;\"><div class=\"wpb_column vc_column_container\"><div class=\"vc_column-inner\"><div class=\"w-image align_left\"><div class=\"w-image-h\"><img decoding=\"async\" width=\"400\" height=\"486\" src=\"https:\/\/callicon.de\/wp-content\/uploads\/2025\/01\/PL_Produktion-Chargierung@2x.png\" class=\"attachment-full size-full\" alt=\"PL_Produktion &amp; Chargierung\" loading=\"lazy\" srcset=\"https:\/\/callicon.de\/wp-content\/uploads\/2025\/01\/PL_Produktion-Chargierung@2x.png 400w, https:\/\/callicon.de\/wp-content\/uploads\/2025\/01\/PL_Produktion-Chargierung@2x-247x300.png 247w\" sizes=\"auto, (max-width: 400px) 100vw, 400px\" \/><\/div><\/div><\/div><\/div><div class=\"wpb_column vc_column_container\"><div class=\"vc_column-inner\">[vc_custom_heading text=&#8221;MES Produkcja i dozowanie&#8221; font_container=&#8221;tag:h3|text_align:left&#8221; use_theme_fonts=&#8221;yes&#8221;]<div class=\"wpb_text_column\"><div class=\"wpb_wrapper\"><h4>Wysoce wydajne procesy produkcyjne<\/h4>\n<p>MES Production and Batching to pot\u0119\u017cny system kontroli proces\u00f3w produkcyjnych. Wykorzystuje szczeg\u00f3\u0142owe instrukcje pracy do planowania i kontrolowania ka\u017cdego etapu procesu produkcyjnego, a\u017c po precyzyjne instrukcje pracy dla ka\u017cdego pracownika na ka\u017cdej zmianie. Na poziomie materia\u0142owym nasz system MES wykorzystuje r\u00f3\u017cne \u017ar\u00f3d\u0142a danych do tworzenia precyzyjnych prognoz ilo\u015bci zakup\u00f3w i okre\u015blania na tej podstawie wymaga\u0144 dotycz\u0105cych zaopatrzenia. Dzi\u0119ki por\u00f3wnaniu TARGET\/ACTUAL u\u017cytkownik ma wgl\u0105d w aktualny stan produkcji i w razie potrzeby mo\u017ce interweniowa\u0107 w dowolnym momencie. Techniczny system kontroli receptur integruje maszyny, systemy i inne urz\u0105dzenia peryferyjne, takie jak wagi, skanery lub systemy RFID, bezpo\u015brednio z procesem. Zapewnia to precyzyjn\u0105, zautomatyzowan\u0105 produkcj\u0119 &#8211; z niezawodn\u0105 jako\u015bci\u0105 i efektywnym wykorzystaniem zasob\u00f3w.<\/p>\n<\/div><\/div><\/div><\/div><\/div><div class=\"w-separator size_huge\"><\/div><\/div><\/div><\/div><\/div><\/section><section class=\"l-section wpb_row height_custom\"><div class=\"l-section-h i-cf\"><div class=\"g-cols vc_row via_grid cols_1 laptops-cols_inherit tablets-cols_inherit mobiles-cols_1 valign_top type_default stacking_default\"><div class=\"wpb_column vc_column_container\"><div class=\"vc_column-inner\"><div class=\"g-cols wpb_row via_grid cols_3 laptops-cols_inherit tablets-cols_inherit mobiles-cols_1 valign_top type_default stacking_default\" style=\"--columns-gap:1.8rem;\"><div class=\"wpb_column vc_column_container us_custom_a2487914 has_bg_color\"><div class=\"vc_column-inner\"><div class=\"wpb_text_column\"><div class=\"wpb_wrapper\"><p style=\"text-align: center;\"><span style=\"font-size: 18px;\"><strong>Jeste\u015bmy transparentni, profesjonalni i ambitni.<\/strong><\/span><span style=\"font-size: 20px;\"><\/span><span style=\"font-size: 20px; color: #1a1a1a;\"><br \/>\n<\/span><\/p>\n<\/div><\/div><\/div><\/div><div class=\"wpb_column vc_column_container us_custom_f35477f9 has_bg_color\"><div class=\"vc_column-inner\"><div class=\"wpb_text_column\"><div class=\"wpb_wrapper\"><p style=\"text-align: center;\"><span style=\"font-size: 18px;\"><strong>Jeste\u015bmy transparentni, profesjonalni i ambitni.<\/strong><\/span><span style=\"font-size: 20px;\"><\/span><span style=\"font-size: 20px; color: #1a1a1a;\"><br \/>\n<\/span><\/p>\n<\/div><\/div><\/div><\/div><div class=\"wpb_column vc_column_container us_custom_f35477f9 has_bg_color\"><div class=\"vc_column-inner\"><div class=\"wpb_text_column\"><div class=\"wpb_wrapper\"><p style=\"text-align: center;\"><span style=\"font-size: 18px;\"><strong>Jeste\u015bmy transparentni, profesjonalni i ambitni.<\/strong><\/span><span style=\"font-size: 20px;\"><\/span><span style=\"font-size: 20px; color: #1a1a1a;\"><br \/>\n<\/span><\/p>\n<\/div><\/div><\/div><\/div><\/div><\/div><\/div><\/div><\/div><\/section><section class=\"l-section wpb_row us_custom_1ea44603 height_small\"><div class=\"l-section-h i-cf\"><div class=\"g-cols vc_row via_grid cols_4-1 laptops-cols_inherit tablets-cols_inherit mobiles-cols_1 valign_top type_default stacking_default\"><div class=\"wpb_column vc_column_container\"><div class=\"vc_column-inner\"><div class=\"w-separator size_small\"><\/div><div class=\"wpb_text_column us_custom_6df4bc3a has_text_color\"><div class=\"wpb_wrapper\"><h6>Chcesz skorzysta\u0107 z osobistej konsultacji? Jeste\u015bmy tu dla Ciebie.<\/h6>\n<\/div><\/div><\/div><\/div><div class=\"wpb_column vc_column_container\"><div class=\"vc_column-inner\"><div class=\"w-separator size_custom\" style=\"height:20px\"><\/div><div class=\"w-popup w-btn-wrapper align_center\"><button class=\"w-popup-trigger type_btn w-btn us-btn-style_29\" aria-label=\"Skontaktuj si\u0119 z nami ju\u017c teraz!\" type=\"button\"><span class=\"w-btn-label\">Skontaktuj si\u0119 z nami ju\u017c teraz!<\/span><\/button><div class=\"w-popup-overlay\" style=\"background:rgba(0,0,0,0.10);\"><\/div><div class=\"w-popup-wrap layout_default\" role=\"dialog\" aria-modal=\"true\" aria-label=\"Okienko popup\" style=\"--title-color:var(--color-content-heading);--title-bg-color:var(--color-content-bg-alt);--content-color:var(--color-content-text);--content-bg-color:var(--color-content-bg);--popup-border-radius:15px;--popup-width:600px;--popup-padding:5%;\"><div class=\"w-popup-box animation_slideTop closerpos_inside without_title\"><div class=\"w-popup-box-h\"><button aria-label=\"Zamknij\" class=\"w-popup-closer\" type=\"button\"><\/button><div class=\"w-popup-box-content\"><p><p class=\"wpcf7-contact-form-not-found\"><strong>B\u0142\u0105d:<\/strong> Brak formularza kontaktowego.<\/p><\/p>\n<\/div><\/div><\/div><\/div><\/div><\/div><\/div><\/div><\/div><\/section><section class=\"l-section wpb_row height_custom\"><div class=\"l-section-h i-cf\"><div class=\"g-cols vc_row via_grid cols_1 laptops-cols_inherit tablets-cols_inherit mobiles-cols_1 valign_top type_default stacking_default\"><div class=\"wpb_column vc_column_container\"><div class=\"vc_column-inner\"><div class=\"wpb_text_column\"><div class=\"wpb_wrapper\"><p><span style=\"font-size: 20px; color: #1a1a1a;\"><span style=\"color: #1d7b45;\">FAQ&#8217;s<\/span><br \/>\n<\/span><\/p>\n<\/div><\/div><div class=\"w-separator size_small\"><\/div><div class=\"wpb_text_column\"><div class=\"wpb_wrapper\"><h3>Cz\u0119sto zadawane pytania dotycz\u0105ce MES Produkcja &amp; Dozowanie<\/h3>\n<\/div><\/div><div class=\"w-separator size_medium\"><\/div><div class=\"w-tabs style_default switch_click accordion remove_indents\" style=\"--sections-title-size:1.0rem\"><div class=\"w-tabs-sections titles-align_none icon_chevron cpos_right\"><div class=\"w-tabs-section\" id=\"gbf8\"><button class=\"w-tabs-section-header\" aria-controls=\"content-gbf8\" aria-expanded=\"false\"><div class=\"w-tabs-section-title\">W jaki spos\u00f3b rozwi\u0105zanie MES obs\u0142uguje dozowanie w produkcji?<\/div><div class=\"w-tabs-section-control\"><\/div><\/button><div  class=\"w-tabs-section-content\" id=\"content-gbf8\"><div class=\"w-tabs-section-content-h i-cf\"><div class=\"wpb_text_column\"><div class=\"wpb_wrapper\"><p>Rozwi\u0105zanie MES umo\u017cliwia p\u0142ynne rejestrowanie, zarz\u0105dzanie i dokumentowanie partii. Zapewnia zgodno\u015b\u0107 wszystkich etap\u00f3w produkcji z wymogami jako\u015bci i identyfikowalno\u015bci.<\/p>\n<\/div><\/div><\/div><\/div><\/div><div class=\"w-tabs-section\" id=\"uc8b\"><button class=\"w-tabs-section-header\" aria-controls=\"content-uc8b\" aria-expanded=\"false\"><div class=\"w-tabs-section-title\">Jakie korzy\u015bci oferuje system MES w zakresie identyfikowalno\u015bci partii?<\/div><div class=\"w-tabs-section-control\"><\/div><\/button><div  class=\"w-tabs-section-content\" id=\"content-uc8b\"><div class=\"w-tabs-section-content-h i-cf\"><div class=\"wpb_text_column us_custom_95ebd667 has_text_color\"><div class=\"wpb_wrapper\"><p>Dzi\u0119ki automatycznemu rejestrowaniu wszystkich istotnych danych procesowych i materia\u0142owych, partie mo\u017cna precyzyjnie \u015bledzi\u0107 w dowolnym momencie. Zwi\u0119ksza to bezpiecze\u0144stwo produkt\u00f3w i u\u0142atwia ich wycofywanie lub kontrole jako\u015bci.<\/p>\n<\/div><\/div><\/div><\/div><\/div><div class=\"w-tabs-section\" id=\"md08\"><button class=\"w-tabs-section-header\" aria-controls=\"content-md08\" aria-expanded=\"false\"><div class=\"w-tabs-section-title\">Jakie korzy\u015bci oferuje system MES w zakresie zgodno\u015bci z normami i certyfikatami dotycz\u0105cymi \u017cywno\u015bci?<\/div><div class=\"w-tabs-section-control\"><\/div><\/button><div  class=\"w-tabs-section-content\" id=\"content-md08\"><div class=\"w-tabs-section-content-h i-cf\"><div class=\"wpb_text_column\"><div class=\"wpb_wrapper\"><p>Dzi\u0119ki automatycznej dokumentacji i monitorowaniu w czasie rzeczywistym, system MES pomaga zachowa\u0107 zgodno\u015b\u0107 z normami bran\u017cowymi, takimi jak IFS, HACCP i ISO 22000 oraz upraszcza audyty i kontrole jako\u015bci.<\/p>\n<\/div><\/div><\/div><\/div><\/div><div class=\"w-tabs-section\" id=\"vd7d\"><button class=\"w-tabs-section-header\" aria-controls=\"content-vd7d\" aria-expanded=\"false\"><div class=\"w-tabs-section-title\">W jaki spos\u00f3b system MES wspiera redukcj\u0119 strat produkcyjnych i odrzut\u00f3w?<\/div><div class=\"w-tabs-section-control\"><\/div><\/button><div  class=\"w-tabs-section-content\" id=\"content-vd7d\"><div class=\"w-tabs-section-content-h i-cf\"><div class=\"wpb_text_column\"><div class=\"wpb_wrapper\"><p>Dzi\u0119ki precyzyjnemu monitorowaniu produkcji, zoptymalizowanym recepturom i analizie danych w czasie rzeczywistym, \u017ar\u00f3d\u0142a b\u0142\u0119d\u00f3w mo\u017cna zidentyfikowa\u0107 na wczesnym etapie, unikn\u0105\u0107 nadprodukcji i efektywniej wykorzystywa\u0107 surowce.<\/p>\n<\/div><\/div><\/div><\/div><\/div><div class=\"w-tabs-section\" id=\"oe01\"><button class=\"w-tabs-section-header\" aria-controls=\"content-oe01\" aria-expanded=\"false\"><div class=\"w-tabs-section-title\">Czy system MES oferuje monitorowanie linii produkcyjnych w czasie rzeczywistym?<\/div><div class=\"w-tabs-section-control\"><\/div><\/button><div  class=\"w-tabs-section-content\" id=\"content-oe01\"><div class=\"w-tabs-section-content-h i-cf\"><div class=\"wpb_text_column\"><div class=\"wpb_wrapper\"><p>Tak, system zapewnia pulpity nawigacyjne i raporty w czasie rzeczywistym, kt\u00f3re zapewniaj\u0105 szczeg\u00f3\u0142owy przegl\u0105d kluczowych danych produkcyjnych, stanu maszyn i kontroli jako\u015bci. Zapewnia to kierownikom produkcji lub zmiany wszystkie istotne informacje i umo\u017cliwia im szybkie reagowanie na nieoczekiwane zdarzenia.<\/p>\n<\/div><\/div><\/div><\/div><\/div><div class=\"w-tabs-section\" id=\"xe79\"><button class=\"w-tabs-section-header\" aria-controls=\"content-xe79\" aria-expanded=\"false\"><div class=\"w-tabs-section-title\">W jaki spos\u00f3b system MES poprawia wydajno\u015b\u0107 i przejrzysto\u015b\u0107 produkcji?<\/div><div class=\"w-tabs-section-control\"><\/div><\/button><div  class=\"w-tabs-section-content\" id=\"content-xe79\"><div class=\"w-tabs-section-content-h i-cf\"><div class=\"wpb_text_column\"><div class=\"wpb_wrapper\"><p>System MES optymalizuje planowanie produkcji, minimalizuje przestoje, automatyzuje gromadzenie danych i zapewnia p\u0142ynn\u0105 identyfikowalno\u015b\u0107 &#8211; dla maksymalnej przejrzysto\u015bci i wydajno\u015bci.<\/p>\n<\/div><\/div><\/div><\/div><\/div><div class=\"w-tabs-section\" id=\"zee8\"><button class=\"w-tabs-section-header\" aria-controls=\"content-zee8\" aria-expanded=\"false\"><div class=\"w-tabs-section-title\">W jaki spos\u00f3b system MES wspiera dok\u0142adno\u015b\u0107 receptur i mieszania w produkcji \u017cywno\u015bci?<\/div><div class=\"w-tabs-section-control\"><\/div><\/button><div  class=\"w-tabs-section-content\" id=\"content-zee8\"><div class=\"w-tabs-section-content-h i-cf\"><div class=\"wpb_text_column\"><div class=\"wpb_wrapper\"><p>System MES kontroluje dok\u0142adne dozowanie i porcjowanie sk\u0142adnik\u00f3w zgodnie z wcze\u015bniej zdefiniowanymi recepturami. Minimalizuje to odchylenia, utrzymuje standardy jako\u015bci i zapewnia sp\u00f3jne w\u0142a\u015bciwo\u015bci produktu.<\/p>\n<\/div><\/div><\/div><\/div><\/div><\/div><\/div><div class=\"w-separator size_small\"><\/div><\/div><\/div><\/div><\/div><\/section>\n","protected":false},"excerpt":{"rendered":"[vc_custom_heading text=\"callicon MES Produkcja i dozowanie\" font_container=\"tag:h1|font_size:2.6rem|text_align:left|color:%231D7B45\" use_theme_fonts=\"yes\"][vc_custom_heading text=\"MES Produkcja i dozowanie\" font_container=\"tag:h3|text_align:left\" use_theme_fonts=\"yes\"]Wysoce wydajne procesy produkcyjne MES Production and Batching to pot\u0119\u017cny system kontroli proces\u00f3w produkcyjnych. Wykorzystuje szczeg\u00f3\u0142owe instrukcje pracy do planowania i kontrolowania ka\u017cdego etapu procesu produkcyjnego, a\u017c po precyzyjne instrukcje pracy dla ka\u017cdego pracownika na ka\u017cdej zmianie. Na poziomie materia\u0142owym nasz system...","protected":false},"author":1,"featured_media":0,"parent":0,"menu_order":0,"comment_status":"closed","ping_status":"closed","template":"","meta":{"om_disable_all_campaigns":false,"_monsterinsights_skip_tracking":false,"_monsterinsights_sitenote_active":false,"_monsterinsights_sitenote_note":"","_monsterinsights_sitenote_category":0,"footnotes":""},"class_list":["post-10962","page","type-page","status-publish","hentry"],"aioseo_notices":[],"_links":{"self":[{"href":"https:\/\/callicon.de\/pl\/wp-json\/wp\/v2\/pages\/10962","targetHints":{"allow":["GET"]}}],"collection":[{"href":"https:\/\/callicon.de\/pl\/wp-json\/wp\/v2\/pages"}],"about":[{"href":"https:\/\/callicon.de\/pl\/wp-json\/wp\/v2\/types\/page"}],"author":[{"embeddable":true,"href":"https:\/\/callicon.de\/pl\/wp-json\/wp\/v2\/users\/1"}],"replies":[{"embeddable":true,"href":"https:\/\/callicon.de\/pl\/wp-json\/wp\/v2\/comments?post=10962"}],"version-history":[{"count":11,"href":"https:\/\/callicon.de\/pl\/wp-json\/wp\/v2\/pages\/10962\/revisions"}],"predecessor-version":[{"id":12478,"href":"https:\/\/callicon.de\/pl\/wp-json\/wp\/v2\/pages\/10962\/revisions\/12478"}],"wp:attachment":[{"href":"https:\/\/callicon.de\/pl\/wp-json\/wp\/v2\/media?parent=10962"}],"curies":[{"name":"wp","href":"https:\/\/api.w.org\/{rel}","templated":true}]}}