{"id":10965,"date":"2024-10-22T19:09:02","date_gmt":"2024-10-22T17:09:02","guid":{"rendered":"https:\/\/callicon.de\/wms-automatyczny-magazyn\/"},"modified":"2025-02-06T20:10:18","modified_gmt":"2025-02-06T19:10:18","slug":"wms-automatyczny-magazyn","status":"publish","type":"page","link":"https:\/\/callicon.de\/pl\/wms-automatyczny-magazyn\/","title":{"rendered":"WMS &#8211; Automatyczny magazyn"},"content":{"rendered":"<section class=\"l-section wpb_row us_custom_681ed7c5 height_auto\"><div class=\"l-section-h i-cf\"><div class=\"g-cols vc_row via_grid cols_1 laptops-cols_inherit tablets-cols_inherit mobiles-cols_1 valign_top type_default stacking_default\"><div class=\"wpb_column vc_column_container\"><div class=\"vc_column-inner\"><div class=\"w-separator size_small\"><\/div><div class=\"w-separator size_medium\"><\/div>[vc_custom_heading text=&#8221;callicon MES WMS Zautomatyzowane magazyny&#8221; font_container=&#8221;tag:h1|font_size:2.6rem|text_align:left|color:%231D7B45&#8243; use_theme_fonts=&#8221;yes&#8221;]<div class=\"w-separator size_medium\"><\/div><div class=\"g-cols wpb_row via_grid cols_1-3 laptops-cols_inherit tablets-cols_inherit mobiles-cols_1 valign_top type_default stacking_default\" style=\"--columns-gap:3rem;\"><div class=\"wpb_column vc_column_container\"><div class=\"vc_column-inner\"><div class=\"w-image align_left\"><div class=\"w-image-h\"><img decoding=\"async\" width=\"400\" height=\"479\" src=\"https:\/\/callicon.de\/wp-content\/uploads\/2025\/01\/PL_WMS-\u2013-Automatische-Lager@2x.png\" class=\"attachment-full size-full\" alt=\"wms magazyni automaty czne\" loading=\"lazy\" srcset=\"https:\/\/callicon.de\/wp-content\/uploads\/2025\/01\/PL_WMS-\u2013-Automatische-Lager@2x.png 400w, https:\/\/callicon.de\/wp-content\/uploads\/2025\/01\/PL_WMS-\u2013-Automatische-Lager@2x-251x300.png 251w\" sizes=\"auto, (max-width: 400px) 100vw, 400px\" \/><\/div><\/div><\/div><\/div><div class=\"wpb_column vc_column_container\"><div class=\"vc_column-inner\"><div class=\"wpb_text_column\"><div class=\"wpb_wrapper\"><h3>MES WMS Zautomatyzowane magazyny<\/h3>\n<p>Obni\u017c koszty nawet o 30%<br \/>\nNowoczesne magazynowanie w sektorze spo\u017cywczym jest z\u0142o\u017conym zagadnieniem. Callicon MES WMS Zautomatyzowane magazyny zapewnia pe\u0142n\u0105 kontrol\u0119 nad ca\u0142ym procesem i pomaga wykorzysta\u0107 potencja\u0142 wydajno\u015bci. Mo\u017cesz rejestrowa\u0107 poziomy zapas\u00f3w w czasie rzeczywistym, w tym lokalizacj\u0119, parti\u0119 i numer seryjny. Zam\u00f3wienia mo\u017cna uszeregowa\u0107 wed\u0142ug wa\u017cno\u015bci, a wydajne strategie magazynowania (np. FIFO, FEFO) pozwol\u0105 w przysz\u0142o\u015bci znacznie efektywniej wykorzysta\u0107 dost\u0119pn\u0105 przestrze\u0144 magazynow\u0105. Dzi\u0119ki szczeg\u00f3\u0142owym raportom mo\u017cna \u015bledzi\u0107 poziomy zapas\u00f3w, dok\u0142adno\u015b\u0107 kompletacji, czasy przepustowo\u015bci i wiele wi\u0119cej. Wielopoziomowe zarz\u0105dzanie u\u017cytkownikami z kontrol\u0105 dost\u0119pu gwarantuje wysoki poziom bezpiecze\u0144stwa danych i zapewnia, \u017ce tylko autoryzowani u\u017cytkownicy maj\u0105 dost\u0119p do odpowiednich komponent\u00f3w, takich jak pojazdy. Kr\u00f3tko m\u00f3wi\u0105c, nasz system MES zapewnia doskona\u0142y i wydajny przep\u0142yw towar\u00f3w.<\/p>\n<\/div><\/div><\/div><\/div><\/div><div class=\"w-separator size_huge\"><\/div><\/div><\/div><\/div><\/div><\/section><section class=\"l-section wpb_row height_custom\"><div class=\"l-section-h i-cf\"><div class=\"g-cols vc_row via_grid cols_1 laptops-cols_inherit tablets-cols_inherit mobiles-cols_1 valign_top type_default stacking_default\"><div class=\"wpb_column vc_column_container\"><div class=\"vc_column-inner\"><div class=\"g-cols wpb_row via_grid cols_3 laptops-cols_inherit tablets-cols_inherit mobiles-cols_1 valign_top type_default stacking_default\" style=\"--columns-gap:1.8rem;\"><div class=\"wpb_column vc_column_container us_custom_a2487914 has_bg_color\"><div class=\"vc_column-inner\"><div class=\"wpb_text_column\"><div class=\"wpb_wrapper\"><h4 style=\"text-align: center;\">Kompleksowy wzrost wydajno\u015bci intralogistyki<\/h4>\n<\/div><\/div><\/div><\/div><div class=\"wpb_column vc_column_container us_custom_f35477f9 has_bg_color\"><div class=\"vc_column-inner\"><div class=\"wpb_text_column\"><div class=\"wpb_wrapper\"><h4 style=\"text-align: center;\">Mo\u017cliwo\u015b\u0107 indywidualnego dostosowania do procesu<\/h4>\n<\/div><\/div><\/div><\/div><div class=\"wpb_column vc_column_container us_custom_f35477f9 has_bg_color\"><div class=\"vc_column-inner\"><div class=\"wpb_text_column\"><div class=\"wpb_wrapper\"><h4 style=\"text-align: center;\">Dane w czasie rzeczywistym dla maksymalnej przejrzysto\u015bci<\/h4>\n<\/div><\/div><\/div><\/div><\/div><\/div><\/div><\/div><\/div><\/section><section class=\"l-section wpb_row us_custom_1ea44603 height_small\"><div class=\"l-section-h i-cf\"><div class=\"g-cols vc_row via_grid cols_4-1 laptops-cols_inherit tablets-cols_inherit mobiles-cols_1 valign_top type_default stacking_default\"><div class=\"wpb_column vc_column_container\"><div class=\"vc_column-inner\"><div class=\"w-separator size_small\"><\/div><div class=\"wpb_text_column us_custom_6df4bc3a has_text_color\"><div class=\"wpb_wrapper\"><h6>Chcesz skorzysta\u0107 z osobistej konsultacji? Jeste\u015bmy tu dla Ciebie.<\/h6>\n<\/div><\/div><\/div><\/div><div class=\"wpb_column vc_column_container\"><div class=\"vc_column-inner\"><div class=\"w-separator size_custom\" style=\"height:20px\"><\/div><div class=\"w-popup w-btn-wrapper align_center\"><button class=\"w-popup-trigger type_btn w-btn us-btn-style_29\" aria-label=\"Skontaktuj si\u0119 z nami ju\u017c teraz!\" type=\"button\"><span class=\"w-btn-label\">Skontaktuj si\u0119 z nami ju\u017c teraz!<\/span><\/button><div class=\"w-popup-overlay\" style=\"background:rgba(0,0,0,0.10);\"><\/div><div class=\"w-popup-wrap layout_default\" role=\"dialog\" aria-modal=\"true\" aria-label=\"Okienko popup\" style=\"--title-color:var(--color-content-heading);--title-bg-color:var(--color-content-bg-alt);--content-color:var(--color-content-text);--content-bg-color:var(--color-content-bg);--popup-border-radius:15px;--popup-width:600px;--popup-padding:5%;\"><div class=\"w-popup-box animation_slideTop closerpos_inside without_title\"><div class=\"w-popup-box-h\"><button aria-label=\"Zamknij\" class=\"w-popup-closer\" type=\"button\"><\/button><div class=\"w-popup-box-content\"><p><p class=\"wpcf7-contact-form-not-found\"><strong>B\u0142\u0105d:<\/strong> Brak formularza kontaktowego.<\/p><\/p>\n<\/div><\/div><\/div><\/div><\/div><\/div><\/div><\/div><\/div><\/section><section class=\"l-section wpb_row height_custom\"><div class=\"l-section-h i-cf\"><div class=\"g-cols vc_row via_grid cols_1 laptops-cols_inherit tablets-cols_inherit mobiles-cols_1 valign_top type_default stacking_default\"><div class=\"wpb_column vc_column_container\"><div class=\"vc_column-inner\"><div class=\"wpb_text_column\"><div class=\"wpb_wrapper\"><p><span style=\"font-size: 20px; color: #1a1a1a;\"><span style=\"color: #1d7b45;\">FAQ&#8217;s<\/span><br \/>\n<\/span><\/p>\n<\/div><\/div><div class=\"w-separator size_small\"><\/div><div class=\"wpb_text_column\"><div class=\"wpb_wrapper\"><h3>Najcz\u0119\u015bciej zadawane pytania dotycz\u0105ce MES WMS &#8211; Zautomatyzowane magazyny<\/h3>\n<\/div><\/div><div class=\"w-separator size_medium\"><\/div><div class=\"w-tabs style_default switch_click accordion remove_indents\" style=\"--sections-title-size:1.0rem\"><div class=\"w-tabs-sections titles-align_none icon_chevron cpos_right\"><div class=\"w-tabs-section\" id=\"xfd6\"><button class=\"w-tabs-section-header\" aria-controls=\"content-xfd6\" aria-expanded=\"false\"><div class=\"w-tabs-section-title\">Czym jest system WMS i w jaki spos\u00f3b wspiera on zautomatyzowane systemy magazynowe?<\/div><div class=\"w-tabs-section-control\"><\/div><\/button><div  class=\"w-tabs-section-content\" id=\"content-xfd6\"><div class=\"w-tabs-section-content-h i-cf\"><div class=\"wpb_text_column\"><div class=\"wpb_wrapper\"><p>System zarz\u0105dzania magazynem (WMS) optymalizuje i kontroluje procesy magazynowe w czasie rzeczywistym. Umo\u017cliwia p\u0142ynn\u0105 integracj\u0119 ze zautomatyzowanymi systemami magazynowymi, kontroluje przechowywanie i pobieranie, bior\u0105c pod uwag\u0119 zdefiniowane strategie i zapewnia maksymaln\u0105 wydajno\u015b\u0107 kontroli przep\u0142ywu materia\u0142\u00f3w.<\/p>\n<\/div><\/div><\/div><\/div><\/div><div class=\"w-tabs-section\" id=\"j069\"><button class=\"w-tabs-section-header\" aria-controls=\"content-j069\" aria-expanded=\"false\"><div class=\"w-tabs-section-title\">Jakie zautomatyzowane systemy magazynowania mo\u017cna pod\u0142\u0105czy\u0107 do rozwi\u0105zania WMS?<\/div><div class=\"w-tabs-section-control\"><\/div><\/button><div  class=\"w-tabs-section-content\" id=\"content-j069\"><div class=\"w-tabs-section-content-h i-cf\"><div class=\"wpb_text_column us_custom_95ebd667 has_text_color\"><div class=\"wpb_wrapper\"><p>Nasze rozwi\u0105zanie WMS obs\u0142uguje szerok\u0105 gam\u0119 zautomatyzowanych system\u00f3w, w tym magazyny wysokiego sk\u0142adowania, systemy wahad\u0142owe, zautomatyzowane magazyny skrzy\u0144 (AKL), technologi\u0119 przeno\u015bnik\u00f3w, robotyk\u0119 i pojazdy sterowane automatycznie (AGV).<\/p>\n<\/div><\/div><\/div><\/div><\/div><div class=\"w-tabs-section\" id=\"e0e3\"><button class=\"w-tabs-section-header\" aria-controls=\"content-e0e3\" aria-expanded=\"false\"><div class=\"w-tabs-section-title\">W jaki spos\u00f3b system WMS poprawia wydajno\u015b\u0107 zautomatyzowanego magazynu?<\/div><div class=\"w-tabs-section-control\"><\/div><\/button><div  class=\"w-tabs-section-content\" id=\"content-e0e3\"><div class=\"w-tabs-section-content-h i-cf\"><div class=\"wpb_text_column\"><div class=\"wpb_wrapper\"><p>Inteligentnie kontroluj\u0105c ruchy magazynowe, optymalizuj\u0105c czas podr\u00f3\u017cy i automatycznie ustalaj\u0105c priorytety zam\u00f3wie\u0144, system WMS zmniejsza koszty magazynowania, minimalizuje b\u0142\u0119dy i przyspiesza procesy.<\/p>\n<\/div><\/div><\/div><\/div><\/div><div class=\"w-tabs-section\" id=\"t153\"><button class=\"w-tabs-section-header\" aria-controls=\"content-t153\" aria-expanded=\"false\"><div class=\"w-tabs-section-title\">W jaki spos\u00f3b system WMS wspiera identyfikowalno\u015b\u0107 towar\u00f3w?<\/div><div class=\"w-tabs-section-control\"><\/div><\/button><div  class=\"w-tabs-section-content\" id=\"content-t153\"><div class=\"w-tabs-section-content-h i-cf\"><div class=\"wpb_text_column\"><div class=\"wpb_wrapper\"><p>System rejestruje i dokumentuje ka\u017cdy ruch towar\u00f3w za pomoc\u0105 numer\u00f3w partii i serii, zapewniaj\u0105c pe\u0142n\u0105 identyfikowalno\u015b\u0107 w ca\u0142ym \u0142a\u0144cuchu dostaw.<\/p>\n<\/div><\/div><\/div><\/div><\/div><div class=\"w-tabs-section\" id=\"r1c2\"><button class=\"w-tabs-section-header\" aria-controls=\"content-r1c2\" aria-expanded=\"false\"><div class=\"w-tabs-section-title\">Jakie korzy\u015bci oferuje system WMS w por\u00f3wnaniu z r\u0119cznymi procesami magazynowymi?<\/div><div class=\"w-tabs-section-control\"><\/div><\/button><div  class=\"w-tabs-section-content\" id=\"content-r1c2\"><div class=\"w-tabs-section-content-h i-cf\"><div class=\"wpb_text_column\"><div class=\"wpb_wrapper\"><p>Automatyzacja za pomoc\u0105 systemu WMS zmniejsza liczb\u0119 b\u0142\u0119d\u00f3w, zwi\u0119ksza produktywno\u015b\u0107, optymalizuje przestrze\u0144 magazynow\u0105 i zapewnia ci\u0105g\u0142\u0105 i bezb\u0142\u0119dn\u0105 kontrol\u0119 logistyczn\u0105.<\/p>\n<\/div><\/div><\/div><\/div><\/div><\/div><\/div><div class=\"w-separator size_small\"><\/div><\/div><\/div><\/div><\/div><\/section>\n","protected":false},"excerpt":{"rendered":"[vc_custom_heading text=\"callicon MES WMS Zautomatyzowane magazyny\" font_container=\"tag:h1|font_size:2.6rem|text_align:left|color:%231D7B45\" use_theme_fonts=\"yes\"]MES WMS Zautomatyzowane magazyny Obni\u017c koszty nawet o 30% Nowoczesne magazynowanie w sektorze spo\u017cywczym jest z\u0142o\u017conym zagadnieniem. Callicon MES WMS Zautomatyzowane magazyny zapewnia pe\u0142n\u0105 kontrol\u0119 nad ca\u0142ym procesem i pomaga wykorzysta\u0107 potencja\u0142 wydajno\u015bci. Mo\u017cesz rejestrowa\u0107 poziomy zapas\u00f3w w czasie rzeczywistym, w tym lokalizacj\u0119, parti\u0119 i numer seryjny. Zam\u00f3wienia...","protected":false},"author":1,"featured_media":0,"parent":0,"menu_order":0,"comment_status":"closed","ping_status":"closed","template":"","meta":{"om_disable_all_campaigns":false,"_monsterinsights_skip_tracking":false,"_monsterinsights_sitenote_active":false,"_monsterinsights_sitenote_note":"","_monsterinsights_sitenote_category":0,"footnotes":""},"class_list":["post-10965","page","type-page","status-publish","hentry"],"aioseo_notices":[],"_links":{"self":[{"href":"https:\/\/callicon.de\/pl\/wp-json\/wp\/v2\/pages\/10965","targetHints":{"allow":["GET"]}}],"collection":[{"href":"https:\/\/callicon.de\/pl\/wp-json\/wp\/v2\/pages"}],"about":[{"href":"https:\/\/callicon.de\/pl\/wp-json\/wp\/v2\/types\/page"}],"author":[{"embeddable":true,"href":"https:\/\/callicon.de\/pl\/wp-json\/wp\/v2\/users\/1"}],"replies":[{"embeddable":true,"href":"https:\/\/callicon.de\/pl\/wp-json\/wp\/v2\/comments?post=10965"}],"version-history":[{"count":10,"href":"https:\/\/callicon.de\/pl\/wp-json\/wp\/v2\/pages\/10965\/revisions"}],"predecessor-version":[{"id":11034,"href":"https:\/\/callicon.de\/pl\/wp-json\/wp\/v2\/pages\/10965\/revisions\/11034"}],"wp:attachment":[{"href":"https:\/\/callicon.de\/pl\/wp-json\/wp\/v2\/media?parent=10965"}],"curies":[{"name":"wp","href":"https:\/\/api.w.org\/{rel}","templated":true}]}}