{"id":11012,"date":"2025-01-03T15:20:47","date_gmt":"2025-01-03T14:20:47","guid":{"rendered":"https:\/\/callicon.de\/nadruk\/"},"modified":"2025-04-07T15:27:59","modified_gmt":"2025-04-07T13:27:59","slug":"legal","status":"publish","type":"page","link":"https:\/\/callicon.de\/pl\/legal\/","title":{"rendered":"Legal Notice"},"content":{"rendered":"<section class=\"l-section wpb_row us_custom_6ead203c height_auto\"><div class=\"l-section-h i-cf\"><div class=\"g-cols vc_row via_grid cols_1 laptops-cols_inherit tablets-cols_inherit mobiles-cols_1 valign_top type_default stacking_default\"><div class=\"wpb_column vc_column_container\"><div class=\"vc_column-inner\"><\/div><\/div><\/div><\/div><\/section><section class=\"l-section wpb_row height_auto\"><div class=\"l-section-h i-cf\"><div class=\"g-cols vc_row via_grid cols_1 laptops-cols_inherit tablets-cols_inherit mobiles-cols_1 valign_top type_default stacking_default\"><div class=\"wpb_column vc_column_container\"><div class=\"vc_column-inner\"><div class=\"w-separator size_custom\" style=\"height:10px\"><\/div><nav class=\"g-breadcrumbs us_custom_34fc4ecb has_text_color separator_icon align_none\" itemscope itemtype=\"http:\/\/schema.org\/BreadcrumbList\"><div class=\"g-breadcrumbs-item\" itemscope itemprop=\"itemListElement\" itemtype=\"http:\/\/schema.org\/ListItem\"><a itemprop=\"item\" href=\"https:\/\/callicon.de\/pl\/\"><span itemprop=\"name\">Strona g\u0142\u00f3wna<\/span><\/a><meta itemprop=\"position\" content=\"1\"\/><\/div><div class=\"g-breadcrumbs-separator\"><i class=\"far fa-angle-right\"><\/i><\/div><div class=\"g-breadcrumbs-item\">Strony<\/div><\/nav><\/div><\/div><\/div><\/div><\/section><section class=\"l-section wpb_row height_custom\"><div class=\"l-section-h i-cf\"><div class=\"g-cols vc_row via_grid cols_1 laptops-cols_inherit tablets-cols_inherit mobiles-cols_1 valign_top type_default stacking_default\"><div class=\"wpb_column vc_column_container\"><div class=\"vc_column-inner\"><div class=\"wpb_text_column\"><div class=\"wpb_wrapper\"><h1>Legal Notice<\/h1>\n<p>callicon solutions GmbH<br \/>\nSchwalbenweg 8<br \/>\n82407 Wielenbach<\/p>\n<p>Rejestr handlowy: HRB 291160<br \/>\nS\u0105d rejestrowy: S\u0105d lokalny w Monachium<\/p>\n<p><strong>Reprezentowany przez:<\/strong><br \/>\nHermann Schalk<br \/>\nSebastian Schalk<\/p>\n<h3>Skontaktuj si\u0119 z nami<\/h3>\n<p>Telefon: +49 881 1359173<br \/>\nE-mail: info@callicon.de<\/p>\n<h3>Identyfikator podatkowy sprzeda\u017cy<\/h3>\n<p>Numer identyfikacji podatkowej zgodnie z \u00a7 27 ustawy o podatku od sprzeda\u017cy:<br \/>\nNumer VAT: DE366999911<\/p>\n<h3>Odpowiedzialno\u015b\u0107 redakcyjna<\/h3>\n<p>Sebastian Schalk<\/p>\n<h3>Prawa autorskie:<\/h3>\n<p><strong>Autor wszystkich zdj\u0119\u0107 i grafik<\/strong> \/Unsplash<br \/>\nhttps:\/\/unsplash.com\/<\/p>\n<h3>Rozstrzyganie spor\u00f3w w UE<\/h3>\n<p>Komisja Europejska zapewnia platform\u0119 internetowego rozstrzygania spor\u00f3w (OS): <a href=\"https:\/\/ec.europa.eu\/consumers\/odr\/\" target=\"_blank\" rel=\"noopener noreferrer\">https:\/\/ec.europa.eu\/consumers\/odr\/.<\/a><br \/>\nNasz adres e-mail mo\u017cna znale\u017a\u0107 w powy\u017cszej nocie prawnej.<\/p>\n<h3>Rozstrzyganie spor\u00f3w konsumenckich\/uniwersalne centrum arbitra\u017cowe<\/h3>\n<p>Nie jeste\u015bmy sk\u0142onni ani zobowi\u0105zani do udzia\u0142u w post\u0119powaniu rozstrzygaj\u0105cym spory przed komisj\u0105 arbitra\u017cow\u0105 ds. konsument\u00f3w.<\/p>\n<p>Centralny punkt kontaktowy zgodnie z ustaw\u0105 o us\u0142ugach cyfrowych &#8211; DSA (rozporz\u0105dzenie (UE) 2022\/265)<br \/>\nMo\u017cesz skontaktowa\u0107 si\u0119 z naszym centralnym punktem kontaktowym dla u\u017cytkownik\u00f3w i organ\u00f3w zgodnie z art. 11, 12 DSA w nast\u0119puj\u0105cy spos\u00f3b<\/p>\n<p><strong>E-mail:<\/strong> info@callicon.de<\/p>\n<h4>Zastrze\u017cenie:<\/h4>\n<p>Pomimo starannej kontroli tre\u015bci, nie ponosimy odpowiedzialno\u015bci za tre\u015b\u0107 link\u00f3w zewn\u0119trznych. Operatorzy stron, do kt\u00f3rych prowadz\u0105 linki, ponosz\u0105 wy\u0142\u0105czn\u0105 odpowiedzialno\u015b\u0107 za ich tre\u015b\u0107. <\/p>\n<h4>Informacja o prawach autorskich:<\/h4>\n<p>Tre\u015bci i dzie\u0142a stworzone przez operator\u00f3w witryn na tych stronach podlegaj\u0105 niemieckiemu prawu autorskiemu. Powielanie, przetwarzanie, rozpowszechnianie i wszelkiego rodzaju wykorzystywanie poza granicami prawa autorskiego wymaga pisemnej zgody odpowiedniego autora lub tw\u00f3rcy. Pobieranie i kopiowanie tej strony jest dozwolone wy\u0142\u0105cznie do prywatnego, niekomercyjnego u\u017cytku. O ile tre\u015bci na tej stronie nie zosta\u0142y stworzone przez operatora, prawa autorskie os\u00f3b trzecich s\u0105 przestrzegane. W szczeg\u00f3lno\u015bci tre\u015bci os\u00f3b trzecich s\u0105 oznaczone jako takie. Je\u015bli mimo to dowiesz si\u0119 o naruszeniu praw autorskich, poinformuj nas o tym. Je\u015bli dowiemy si\u0119 o jakichkolwiek naruszeniach, niezw\u0142ocznie usuniemy takie tre\u015bci.<\/p>\n<\/div><\/div><\/div><\/div><\/div><\/div><\/section>\n","protected":false},"excerpt":{"rendered":"Strona g\u0142\u00f3wnaStronyLegal Notice callicon solutions GmbH Schwalbenweg 8 82407 Wielenbach Rejestr handlowy: HRB 291160 S\u0105d rejestrowy: S\u0105d lokalny w Monachium Reprezentowany przez: Hermann Schalk Sebastian Schalk Skontaktuj si\u0119 z nami Telefon: +49 881 1359173 E-mail: info@callicon.de Identyfikator podatkowy sprzeda\u017cy Numer identyfikacji podatkowej zgodnie z \u00a7 27 ustawy o podatku od sprzeda\u017cy: Numer VAT: DE366999911 Odpowiedzialno\u015b\u0107...","protected":false},"author":1,"featured_media":0,"parent":0,"menu_order":0,"comment_status":"closed","ping_status":"closed","template":"","meta":{"om_disable_all_campaigns":false,"_monsterinsights_skip_tracking":false,"_monsterinsights_sitenote_active":false,"_monsterinsights_sitenote_note":"","_monsterinsights_sitenote_category":0,"footnotes":""},"class_list":["post-11012","page","type-page","status-publish","hentry"],"aioseo_notices":[],"_links":{"self":[{"href":"https:\/\/callicon.de\/pl\/wp-json\/wp\/v2\/pages\/11012","targetHints":{"allow":["GET"]}}],"collection":[{"href":"https:\/\/callicon.de\/pl\/wp-json\/wp\/v2\/pages"}],"about":[{"href":"https:\/\/callicon.de\/pl\/wp-json\/wp\/v2\/types\/page"}],"author":[{"embeddable":true,"href":"https:\/\/callicon.de\/pl\/wp-json\/wp\/v2\/users\/1"}],"replies":[{"embeddable":true,"href":"https:\/\/callicon.de\/pl\/wp-json\/wp\/v2\/comments?post=11012"}],"version-history":[{"count":10,"href":"https:\/\/callicon.de\/pl\/wp-json\/wp\/v2\/pages\/11012\/revisions"}],"predecessor-version":[{"id":12718,"href":"https:\/\/callicon.de\/pl\/wp-json\/wp\/v2\/pages\/11012\/revisions\/12718"}],"wp:attachment":[{"href":"https:\/\/callicon.de\/pl\/wp-json\/wp\/v2\/media?parent=11012"}],"curies":[{"name":"wp","href":"https:\/\/api.w.org\/{rel}","templated":true}]}}