{"id":11100,"date":"2024-10-22T11:51:38","date_gmt":"2024-10-22T09:51:38","guid":{"rendered":"https:\/\/callicon.de\/si-zlecenia-handlowe\/"},"modified":"2025-02-04T17:41:51","modified_gmt":"2025-02-04T16:41:51","slug":"si-zlecenia-handlowe","status":"publish","type":"page","link":"https:\/\/callicon.de\/pl\/si-zlecenia-handlowe\/","title":{"rendered":"SI Zlecenia handlowe"},"content":{"rendered":"<section class=\"l-section wpb_row us_custom_681ed7c5 height_auto\"><div class=\"l-section-h i-cf\"><div class=\"g-cols vc_row via_grid cols_1 laptops-cols_inherit tablets-cols_inherit mobiles-cols_1 valign_top type_default stacking_default\"><div class=\"wpb_column vc_column_container\"><div class=\"vc_column-inner\"><div class=\"w-separator size_small\"><\/div><div class=\"w-separator size_medium\"><\/div>[vc_custom_heading text=&#8221;callicon SI-Portal Zlecenia handlowe&#8221; font_container=&#8221;tag:h1|font_size:2.5rem|text_align:left|color:%231D7B45&#8243; use_theme_fonts=&#8221;yes&#8221;]<div class=\"w-separator size_medium\"><\/div><div class=\"g-cols wpb_row via_grid cols_1-3 laptops-cols_inherit tablets-cols_inherit mobiles-cols_1 valign_top type_default stacking_default\" style=\"--columns-gap:3rem;\"><div class=\"wpb_column vc_column_container\"><div class=\"vc_column-inner\"><div class=\"w-separator size_medium\"><\/div><div class=\"w-image align_left\"><div class=\"w-image-h\"><img decoding=\"async\" width=\"400\" height=\"479\" src=\"https:\/\/callicon.de\/wp-content\/uploads\/2025\/01\/PL_Order@2x.png\" class=\"attachment-full size-full\" alt=\"\" loading=\"lazy\" srcset=\"https:\/\/callicon.de\/wp-content\/uploads\/2025\/01\/PL_Order@2x.png 400w, https:\/\/callicon.de\/wp-content\/uploads\/2025\/01\/PL_Order@2x-251x300.png 251w\" sizes=\"auto, (max-width: 400px) 100vw, 400px\" \/><\/div><\/div><\/div><\/div><div class=\"wpb_column vc_column_container\"><div class=\"vc_column-inner\">[vc_custom_heading text=&#8221;SI-Portal Zlecenia handlowe&#8221; font_container=&#8221;tag:h3|text_align:left&#8221; use_theme_fonts=&#8221;yes&#8221;]<div class=\"wpb_text_column\"><div class=\"wpb_wrapper\"><h4><strong>Zoptymalizowane procesy zamawiania &#8211; 24\/7 dla wi\u0119kszej wydajno\u015bci<\/strong><\/h4>\n<p>Portal SI Order optymalizuje wszystkie przep\u0142ywy pracy zwi\u0105zane z procesem zamawiania &#8211; nie zmieniaj\u0105c niczego dla klient\u00f3w. Mog\u0105 oni zachowa\u0107 swoje zachowania zwi\u0105zane z zamawianiem. Wszystkie zam\u00f3wienia przychodz\u0105ce (przez e-mail, faks, automatyczn\u0105 sekretark\u0119 lub aplikacj\u0119 callicon Order) s\u0105 przetwarzane automatycznie przez ca\u0142\u0105 dob\u0119 i s\u0105 zintegrowane z istniej\u0105cym oprogramowaniem. SI-Portal Order jest idealnym uzupe\u0142nieniem aplikacji callicon Order. Z aplikacji nap\u0142ywaj\u0105 dane na temat indywidualnych zachowa\u0144 klient\u00f3w i aktywnie sugerowane s\u0105 odpowiednie produkty lub us\u0142ugi. Dane te zapewniaj\u0105 r\u00f3wnie\u017c wiarygodne prognozy dla przysz\u0142ych zam\u00f3wie\u0144, co u\u0142atwia planowanie logistyki. Rutynowe zadania, takie jak dostosowywanie ilo\u015bci zam\u00f3wie\u0144, s\u0105 r\u00f3wnie\u017c zautomatyzowane dzi\u0119ki sztucznej inteligencji. Pozostawia to wi\u0119cej czasu na to, co naprawd\u0119 wa\u017cne: spersonalizowan\u0105 obs\u0142ug\u0119 klienta i rozw\u00f3j firmy.<\/p>\n<\/div><\/div><\/div><\/div><\/div><div class=\"w-separator size_medium\"><\/div><\/div><\/div><\/div><\/div><\/section><section class=\"l-section wpb_row us_custom_681ed7c5 height_custom\"><div class=\"l-section-h i-cf\"><div class=\"g-cols vc_row via_grid cols_1 laptops-cols_inherit tablets-cols_inherit mobiles-cols_1 valign_top type_default stacking_default\"><div class=\"wpb_column vc_column_container\"><div class=\"vc_column-inner\"><div class=\"g-cols wpb_row via_grid cols_3 laptops-cols_inherit tablets-cols_inherit mobiles-cols_1 valign_top type_default stacking_default\" style=\"--columns-gap:3rem;\"><div class=\"wpb_column vc_column_container us_custom_11e40cd8 has_bg_color\"><div class=\"vc_column-inner\"><div class=\"wpb_text_column\"><div class=\"wpb_wrapper\"><h4 style=\"text-align: center;\">W pe\u0142ni zautomatyzowane przetwarzanie zam\u00f3wie\u0144<\/h4>\n<\/div><\/div><\/div><\/div><div class=\"wpb_column vc_column_container us_custom_11e40cd8 has_bg_color\"><div class=\"vc_column-inner\"><div class=\"w-separator size_custom\" style=\"height:15px\"><\/div><div class=\"wpb_text_column\"><div class=\"wpb_wrapper\"><h4 style=\"text-align: center;\">Dost\u0119pno\u015b\u0107 24\/7<\/h4>\n<\/div><\/div><\/div><\/div><div class=\"wpb_column vc_column_container us_custom_11e40cd8 has_bg_color\"><div class=\"vc_column-inner\"><div class=\"w-separator size_custom\" style=\"height:15px\"><\/div><div class=\"wpb_text_column\"><div class=\"wpb_wrapper\"><h4 style=\"text-align: center;\">Oszcz\u0119dno\u015bci w kosztach personelu<\/h4>\n<\/div><\/div><\/div><\/div><\/div><div class=\"w-separator size_small\"><\/div><\/div><\/div><\/div><\/div><\/section><section class=\"l-section wpb_row us_custom_1ea44603 height_small\"><div class=\"l-section-h i-cf\"><div class=\"g-cols vc_row via_grid cols_4-1 laptops-cols_inherit tablets-cols_inherit mobiles-cols_1 valign_top type_default stacking_default\"><div class=\"wpb_column vc_column_container\"><div class=\"vc_column-inner\"><div class=\"w-separator size_small\"><\/div><div class=\"wpb_text_column us_custom_6df4bc3a has_text_color\"><div class=\"wpb_wrapper\"><h6>Wykorzystaj mo\u017cliwo\u015bci aplikacji SI dla bran\u017cy spo\u017cywczej!<br \/>\nDzi\u0119ki niestandardowym rozwi\u0105zaniom callicon.<\/h6>\n<\/div><\/div><\/div><\/div><div class=\"wpb_column vc_column_container\"><div class=\"vc_column-inner\"><div class=\"w-separator size_custom\" style=\"height:20px\"><\/div><div class=\"w-popup w-btn-wrapper align_center\"><button class=\"w-popup-trigger type_btn w-btn us-btn-style_29\" aria-label=\"Skontaktuj si\u0119 z nami ju\u017c teraz!\" type=\"button\"><span class=\"w-btn-label\">Skontaktuj si\u0119 z nami ju\u017c teraz!<\/span><\/button><div class=\"w-popup-overlay\" style=\"background:rgba(0,0,0,0.10);\"><\/div><div class=\"w-popup-wrap layout_default\" role=\"dialog\" aria-modal=\"true\" aria-label=\"Okienko popup\" style=\"--title-color:var(--color-content-heading);--title-bg-color:var(--color-content-bg-alt);--content-color:var(--color-content-text);--content-bg-color:var(--color-content-bg);--popup-border-radius:15px;--popup-width:600px;--popup-padding:5%;\"><div class=\"w-popup-box animation_slideTop closerpos_inside without_title\"><div class=\"w-popup-box-h\"><button aria-label=\"Zamknij\" class=\"w-popup-closer\" type=\"button\"><\/button><div class=\"w-popup-box-content\"><p><p class=\"wpcf7-contact-form-not-found\"><strong>B\u0142\u0105d:<\/strong> Brak formularza kontaktowego.<\/p><\/p>\n<\/div><\/div><\/div><\/div><\/div><\/div><\/div><\/div><\/div><\/section><section class=\"l-section wpb_row height_custom\"><div class=\"l-section-h i-cf\"><div class=\"g-cols vc_row via_grid cols_1 laptops-cols_inherit tablets-cols_inherit mobiles-cols_1 valign_top type_default stacking_default\"><div class=\"wpb_column vc_column_container\"><div class=\"vc_column-inner\"><div class=\"wpb_text_column\"><div class=\"wpb_wrapper\"><p><span style=\"font-size: 20px; color: #1a1a1a;\"><span style=\"color: #1d7b45;\">Najcz\u0119\u015bciej zadawane pytania<\/span><br \/>\n<\/span><\/p>\n<\/div><\/div><div class=\"w-separator size_small\"><\/div><div class=\"wpb_text_column\"><div class=\"wpb_wrapper\"><h3>Cz\u0119sto zadawane pytania dotycz\u0105ce portalu SI Zlecenia handlowe<\/h3>\n<\/div><\/div><div class=\"w-separator size_medium\"><\/div><div class=\"w-tabs style_default switch_click accordion remove_indents\" style=\"--sections-title-size:1.0rem\"><div class=\"w-tabs-sections titles-align_none icon_chevron cpos_right\"><div class=\"w-tabs-section\" id=\"p948\"><button class=\"w-tabs-section-header\" aria-controls=\"content-p948\" aria-expanded=\"false\"><div class=\"w-tabs-section-title\">Jakie korzy\u015bci oferuje bran\u017cy spo\u017cywczej portal zam\u00f3wie\u0144 oparty na sztucznej inteligencji?<\/div><div class=\"w-tabs-section-control\"><\/div><\/button><div  class=\"w-tabs-section-content\" id=\"content-p948\"><div class=\"w-tabs-section-content-h i-cf\"><div class=\"wpb_text_column\"><div class=\"wpb_wrapper\"><p><strong>Poprawia wydajno\u015b\u0107 przetwarzania zam\u00f3wie\u0144, zmniejsza liczb\u0119 b\u0142\u0119d\u00f3w, zapewnia solidn\u0105 podstaw\u0119 do precyzyjnych prognoz popytu i wspiera lepsz\u0105 komunikacj\u0119 mi\u0119dzy dostawcami i klientami.<\/strong><\/p>\n<\/div><\/div><\/div><\/div><\/div><div class=\"w-tabs-section has_text_color\" id=\"b9e4\" style=\"color:#333333;\"><button class=\"w-tabs-section-header\" aria-controls=\"content-b9e4\" aria-expanded=\"false\"><div class=\"w-tabs-section-title\">Czy portal zam\u00f3wie\u0144 jest dostosowany do specyficznych wymaga\u0144 bran\u017cy spo\u017cywczej?<\/div><div class=\"w-tabs-section-control\"><\/div><\/button><div  class=\"w-tabs-section-content\" id=\"content-b9e4\"><div class=\"w-tabs-section-content-h i-cf\"><div class=\"wpb_text_column us_custom_95ebd667 has_text_color\"><div class=\"wpb_wrapper\"><p><strong>Tak, nasze rozwi\u0105zanie uwzgl\u0119dnia specjalne wymagania bran\u017cy spo\u017cywczej, takie jak daty przydatno\u015bci do spo\u017cycia, zarz\u0105dzanie \u0142a\u0144cuchem ch\u0142odniczym i wymogi prawne dotycz\u0105ce bezpiecze\u0144stwa produkt\u00f3w.<\/strong><\/p>\n<\/div><\/div><\/div><\/div><\/div><div class=\"w-tabs-section\" id=\"oa68\"><button class=\"w-tabs-section-header\" aria-controls=\"content-oa68\" aria-expanded=\"false\"><div class=\"w-tabs-section-title\">W jaki spos\u00f3b portal zam\u00f3wie\u0144 integruje si\u0119 z istniej\u0105cymi systemami?<\/div><div class=\"w-tabs-section-control\"><\/div><\/button><div  class=\"w-tabs-section-content\" id=\"content-oa68\"><div class=\"w-tabs-section-content-h i-cf\"><div class=\"wpb_text_column\"><div class=\"wpb_wrapper\"><p><strong>Nasz portal zam\u00f3wie\u0144 oparty na sztucznej inteligencji mo\u017cna p\u0142ynnie zintegrowa\u0107 z istniej\u0105cymi systemami ERP, CRM i zarz\u0105dzania magazynem, aby zapewni\u0107 p\u0142ynny przep\u0142yw danych i maksymaln\u0105 wydajno\u015b\u0107.<\/strong><\/p>\n<\/div><\/div><\/div><\/div><\/div><div class=\"w-tabs-section\" id=\"yae8\"><button class=\"w-tabs-section-header\" aria-controls=\"content-yae8\" aria-expanded=\"false\"><div class=\"w-tabs-section-title\">Czy oferujecie szkolenia i wsparcie dla portalu zam\u00f3wie\u0144?<\/div><div class=\"w-tabs-section-control\"><\/div><\/button><div  class=\"w-tabs-section-content\" id=\"content-yae8\"><div class=\"w-tabs-section-content-h i-cf\"><div class=\"wpb_text_column\"><div class=\"wpb_wrapper\"><p><strong>Tak, oferujemy kompleksowe szkolenia dla zespo\u0142u, a tak\u017ce bie\u017c\u0105ce wsparcie techniczne, aby zapewni\u0107 pe\u0142ne wykorzystanie potencja\u0142u naszego rozwi\u0105zania.<\/strong><\/p>\n<\/div><\/div><\/div><\/div><\/div><\/div><\/div><div class=\"w-separator size_small\"><\/div><\/div><\/div><\/div><\/div><\/section>\n","protected":false},"excerpt":{"rendered":"[vc_custom_heading text=\"callicon SI-Portal Zlecenia handlowe\" font_container=\"tag:h1|font_size:2.5rem|text_align:left|color:%231D7B45\" use_theme_fonts=\"yes\"][vc_custom_heading text=\"SI-Portal Zlecenia handlowe\" font_container=\"tag:h3|text_align:left\" use_theme_fonts=\"yes\"]Zoptymalizowane procesy zamawiania &#8211; 24\/7 dla wi\u0119kszej wydajno\u015bci Portal SI Order optymalizuje wszystkie przep\u0142ywy pracy zwi\u0105zane z procesem zamawiania &#8211; nie zmieniaj\u0105c niczego dla klient\u00f3w. Mog\u0105 oni zachowa\u0107 swoje zachowania zwi\u0105zane z zamawianiem. Wszystkie zam\u00f3wienia przychodz\u0105ce (przez e-mail, faks, automatyczn\u0105 sekretark\u0119 lub aplikacj\u0119 callicon...","protected":false},"author":1,"featured_media":0,"parent":0,"menu_order":0,"comment_status":"closed","ping_status":"closed","template":"","meta":{"om_disable_all_campaigns":false,"_monsterinsights_skip_tracking":false,"_monsterinsights_sitenote_active":false,"_monsterinsights_sitenote_note":"","_monsterinsights_sitenote_category":0,"footnotes":""},"class_list":["post-11100","page","type-page","status-publish","hentry"],"aioseo_notices":[],"_links":{"self":[{"href":"https:\/\/callicon.de\/pl\/wp-json\/wp\/v2\/pages\/11100","targetHints":{"allow":["GET"]}}],"collection":[{"href":"https:\/\/callicon.de\/pl\/wp-json\/wp\/v2\/pages"}],"about":[{"href":"https:\/\/callicon.de\/pl\/wp-json\/wp\/v2\/types\/page"}],"author":[{"embeddable":true,"href":"https:\/\/callicon.de\/pl\/wp-json\/wp\/v2\/users\/1"}],"replies":[{"embeddable":true,"href":"https:\/\/callicon.de\/pl\/wp-json\/wp\/v2\/comments?post=11100"}],"version-history":[{"count":10,"href":"https:\/\/callicon.de\/pl\/wp-json\/wp\/v2\/pages\/11100\/revisions"}],"predecessor-version":[{"id":12360,"href":"https:\/\/callicon.de\/pl\/wp-json\/wp\/v2\/pages\/11100\/revisions\/12360"}],"wp:attachment":[{"href":"https:\/\/callicon.de\/pl\/wp-json\/wp\/v2\/media?parent=11100"}],"curies":[{"name":"wp","href":"https:\/\/api.w.org\/{rel}","templated":true}]}}