{"id":11106,"date":"2024-10-22T11:54:44","date_gmt":"2024-10-22T09:54:44","guid":{"rendered":"https:\/\/callicon.de\/si-kpi\/"},"modified":"2025-02-04T17:58:08","modified_gmt":"2025-02-04T16:58:08","slug":"si-kpi","status":"publish","type":"page","link":"https:\/\/callicon.de\/pl\/si-kpi\/","title":{"rendered":"SI KPI"},"content":{"rendered":"<section class=\"l-section wpb_row us_custom_681ed7c5 height_auto\"><div class=\"l-section-h i-cf\"><div class=\"g-cols vc_row via_grid cols_1 laptops-cols_inherit tablets-cols_inherit mobiles-cols_1 valign_top type_default stacking_default\"><div class=\"wpb_column vc_column_container\"><div class=\"vc_column-inner\"><div class=\"w-separator size_small\"><\/div><div class=\"w-separator size_medium\"><\/div>[vc_custom_heading text=&#8221;callicon SI-Portal KPI&#8221; font_container=&#8221;tag:h1|font_size:2.8rem|text_align:left|color:%231D7B45&#8243; use_theme_fonts=&#8221;yes&#8221;]<div class=\"w-separator size_medium\"><\/div><div class=\"g-cols wpb_row via_grid cols_1-3 laptops-cols_inherit tablets-cols_inherit mobiles-cols_1 valign_top type_default stacking_default\" style=\"--columns-gap:3rem;\"><div class=\"wpb_column vc_column_container\"><div class=\"vc_column-inner\"><div class=\"w-image align_left\"><div class=\"w-image-h\"><img decoding=\"async\" width=\"400\" height=\"479\" src=\"https:\/\/callicon.de\/wp-content\/uploads\/2025\/01\/PL_KPI@2x.png\" class=\"attachment-full size-full\" alt=\"\" loading=\"lazy\" srcset=\"https:\/\/callicon.de\/wp-content\/uploads\/2025\/01\/PL_KPI@2x.png 400w, https:\/\/callicon.de\/wp-content\/uploads\/2025\/01\/PL_KPI@2x-251x300.png 251w\" sizes=\"auto, (max-width: 400px) 100vw, 400px\" \/><\/div><\/div><\/div><\/div><div class=\"wpb_column vc_column_container\"><div class=\"vc_column-inner\">[vc_custom_heading text=&#8221;SI-Portal KPI&#8221; font_container=&#8221;tag:h3|text_align:left&#8221; use_theme_fonts=&#8221;yes&#8221;]<div class=\"wpb_text_column\"><div class=\"wpb_wrapper\"><h4><strong>Kompleksowe analizy i ci\u0105g\u0142e monitorowanie<\/strong><\/h4>\n<p>Portal SI KPI umo\u017cliwia prost\u0105 integracj\u0119 analiz z system\u00f3w takich jak ERP lub zarz\u0105dzanie czasem poprzez import plik\u00f3w CSV lub podobnych format\u00f3w. Zaimportowane dane s\u0105 zarz\u0105dzane w portalu pod unikalnymi nazwami, administratorzy mog\u0105 indywidualnie definiowa\u0107 wska\u017aniki KPI i szybko je powiela\u0107 poprzez kopiowanie. Ka\u017cda kluczowa warto\u015b\u0107 mo\u017ce by\u0107 wyposa\u017cona w okre\u015blone \u017ar\u00f3d\u0142a danych, warto\u015bci progowe (takie jak progi bezwzgl\u0119dne lub zmiany procentowe) oraz harmonogram automatycznych kontroli. U\u017cytkownicy maj\u0105 dost\u0119p do spersonalizowanych pulpit\u00f3w nawigacyjnych, kt\u00f3re zapewniaj\u0105 przegl\u0105d wszystkich istotnych wska\u017anik\u00f3w KPI, w tym szczeg\u00f3\u0142ow\u0105 o\u015b czasu, dzi\u0119ki czemu mog\u0105 szybko identyfikowa\u0107 zmiany i podejmowa\u0107 ukierunkowane dzia\u0142ania.<\/p>\n<\/div><\/div><\/div><\/div><\/div><div class=\"w-separator size_medium\"><\/div><\/div><\/div><\/div><\/div><\/section><section class=\"l-section wpb_row us_custom_681ed7c5 height_custom\"><div class=\"l-section-h i-cf\"><div class=\"g-cols vc_row via_grid cols_1 laptops-cols_inherit tablets-cols_inherit mobiles-cols_1 valign_top type_default stacking_default\"><div class=\"wpb_column vc_column_container\"><div class=\"vc_column-inner\"><div class=\"g-cols wpb_row via_grid cols_3 laptops-cols_inherit tablets-cols_inherit mobiles-cols_1 valign_top type_default stacking_default\" style=\"--columns-gap:3rem;\"><div class=\"wpb_column vc_column_container us_custom_11e40cd8 has_bg_color\"><div class=\"vc_column-inner\"><div class=\"wpb_text_column\"><div class=\"wpb_wrapper\"><h4 style=\"text-align: center;\">Lepsze decyzje oparte na danych<\/h4>\n<\/div><\/div><\/div><\/div><div class=\"wpb_column vc_column_container us_custom_11e40cd8 has_bg_color\"><div class=\"vc_column-inner\"><div class=\"wpb_text_column\"><div class=\"wpb_wrapper\"><h4 style=\"text-align: center;\">Szybkie wykrywanie anomalii<\/h4>\n<\/div><\/div><\/div><\/div><div class=\"wpb_column vc_column_container us_custom_11e40cd8 has_bg_color\"><div class=\"vc_column-inner\"><div class=\"w-separator size_custom\" style=\"height:15px\"><\/div><div class=\"wpb_text_column\"><div class=\"wpb_wrapper\"><h4 style=\"text-align: center;\">Wysoka u\u017cyteczno\u015b\u0107 platformy<\/h4>\n<\/div><\/div><\/div><\/div><\/div><div class=\"w-separator size_small\"><\/div><\/div><\/div><\/div><\/div><\/section><section class=\"l-section wpb_row us_custom_1ea44603 height_small\"><div class=\"l-section-h i-cf\"><div class=\"g-cols vc_row via_grid cols_4-1 laptops-cols_inherit tablets-cols_inherit mobiles-cols_1 valign_top type_default stacking_default\"><div class=\"wpb_column vc_column_container\"><div class=\"vc_column-inner\"><div class=\"w-separator size_small\"><\/div><div class=\"wpb_text_column us_custom_6df4bc3a has_text_color\"><div class=\"wpb_wrapper\"><h6>Wykorzystaj mo\u017cliwo\u015bci aplikacji SI dla bran\u017cy spo\u017cywczej!<br \/>\nDzi\u0119ki niestandardowym rozwi\u0105zaniom callicon.<\/h6>\n<\/div><\/div><\/div><\/div><div class=\"wpb_column vc_column_container\"><div class=\"vc_column-inner\"><div class=\"w-separator size_custom\" style=\"height:20px\"><\/div><div class=\"w-popup w-btn-wrapper align_center\"><button class=\"w-popup-trigger type_btn w-btn us-btn-style_29\" aria-label=\"Skontaktuj si\u0119 z nami ju\u017c teraz!\" type=\"button\"><span class=\"w-btn-label\">Skontaktuj si\u0119 z nami ju\u017c teraz!<\/span><\/button><div class=\"w-popup-overlay\" style=\"background:rgba(0,0,0,0.10);\"><\/div><div class=\"w-popup-wrap layout_default\" role=\"dialog\" aria-modal=\"true\" aria-label=\"Okienko popup\" style=\"--title-color:var(--color-content-heading);--title-bg-color:var(--color-content-bg-alt);--content-color:var(--color-content-text);--content-bg-color:var(--color-content-bg);--popup-border-radius:15px;--popup-width:600px;--popup-padding:5%;\"><div class=\"w-popup-box animation_slideTop closerpos_inside without_title\"><div class=\"w-popup-box-h\"><button aria-label=\"Zamknij\" class=\"w-popup-closer\" type=\"button\"><\/button><div class=\"w-popup-box-content\"><p><p class=\"wpcf7-contact-form-not-found\"><strong>B\u0142\u0105d:<\/strong> Brak formularza kontaktowego.<\/p><\/p>\n<\/div><\/div><\/div><\/div><\/div><\/div><\/div><\/div><\/div><\/section><section class=\"l-section wpb_row height_custom\"><div class=\"l-section-h i-cf\"><div class=\"g-cols vc_row via_grid cols_1 laptops-cols_inherit tablets-cols_inherit mobiles-cols_1 valign_top type_default stacking_default\"><div class=\"wpb_column vc_column_container\"><div class=\"vc_column-inner\"><div class=\"wpb_text_column\"><div class=\"wpb_wrapper\"><p><span style=\"font-size: 20px; color: #1a1a1a;\"><span style=\"color: #1d7b45;\">Najcz\u0119\u015bciej zadawane pytania<\/span><br \/>\n<\/span><\/p>\n<\/div><\/div><div class=\"w-separator size_small\"><\/div><div class=\"wpb_text_column\"><div class=\"wpb_wrapper\"><h3>Cz\u0119sto zadawane pytania dotycz\u0105ce Portalu SI dla KPI<\/h3>\n<\/div><\/div><div class=\"w-separator size_medium\"><\/div><div class=\"w-tabs style_default switch_click accordion remove_indents\" style=\"--sections-title-size:1.0rem\"><div class=\"w-tabs-sections titles-align_none icon_chevron cpos_right\"><div class=\"w-tabs-section\" id=\"ebbc\"><button class=\"w-tabs-section-header\" aria-controls=\"content-ebbc\" aria-expanded=\"false\"><div class=\"w-tabs-section-title\">Czym jest portal SI dla KPI i w jaki spos\u00f3b wspiera moj\u0105 firm\u0119?<\/div><div class=\"w-tabs-section-control\"><\/div><\/button><div  class=\"w-tabs-section-content\" id=\"content-ebbc\"><div class=\"w-tabs-section-content-h i-cf\"><div class=\"wpb_text_column\"><div class=\"wpb_wrapper\"><p><strong>Portal oferuje kompleksowe analizy i ci\u0105g\u0142e monitorowanie kluczowych wska\u017anik\u00f3w wydajno\u015bci (KPI). Integruje dane z system\u00f3w takich jak ERP, zarz\u0105dzanie czasem czy ksi\u0119gowo\u015b\u0107 w celu wizualizacji zmian w czasie rzeczywistym i u\u0142atwienia podejmowania uzasadnionych decyzji. <\/strong><\/p>\n<\/div><\/div><\/div><\/div><\/div><div class=\"w-tabs-section\" id=\"qc5b\"><button class=\"w-tabs-section-header\" aria-controls=\"content-qc5b\" aria-expanded=\"false\"><div class=\"w-tabs-section-title\">W jaki spos\u00f3b dane s\u0105 importowane i przetwarzane w portalu?<\/div><div class=\"w-tabs-section-control\"><\/div><\/button><div  class=\"w-tabs-section-content\" id=\"content-qc5b\"><div class=\"w-tabs-section-content-h i-cf\"><div class=\"wpb_text_column us_custom_95ebd667 has_text_color\"><div class=\"wpb_wrapper\"><p><strong>Dane mo\u017cna \u0142atwo importowa\u0107 za pomoc\u0105 plik\u00f3w CSV, interfejs\u00f3w API lub podobnych format\u00f3w. S\u0105 one uporz\u0105dkowane w portalu i zarz\u0105dzane za pomoc\u0105 jasnych nazw, aby zapewni\u0107 intuicyjny przegl\u0105d. <\/strong><\/p>\n<\/div><\/div><\/div><\/div><\/div><div class=\"w-tabs-section\" id=\"xcdf\"><button class=\"w-tabs-section-header\" aria-controls=\"content-xcdf\" aria-expanded=\"false\"><div class=\"w-tabs-section-title\">Czy mog\u0119 dostosowa\u0107 wska\u017aniki KPI?<\/div><div class=\"w-tabs-section-control\"><\/div><\/button><div  class=\"w-tabs-section-content\" id=\"content-xcdf\"><div class=\"w-tabs-section-content-h i-cf\"><div class=\"wpb_text_column\"><div class=\"wpb_wrapper\"><p><strong>Tak, administratorzy mog\u0105 indywidualnie definiowa\u0107 wska\u017aniki KPI i wyposa\u017ca\u0107 je w okre\u015blone \u017ar\u00f3d\u0142a danych, warto\u015bci progowe i harmonogramy automatycznych kontroli. Wska\u017aniki KPI mo\u017cna r\u00f3wnie\u017c szybko powiela\u0107, kopiuj\u0105c je. <\/strong><\/p>\n<\/div><\/div><\/div><\/div><\/div><div class=\"w-tabs-section\" id=\"fd66\"><button class=\"w-tabs-section-header\" aria-controls=\"content-fd66\" aria-expanded=\"false\"><div class=\"w-tabs-section-title\">Jakie funkcje oferuj\u0105 pulpity nawigacyjne portalu?<\/div><div class=\"w-tabs-section-control\"><\/div><\/button><div  class=\"w-tabs-section-content\" id=\"content-fd66\"><div class=\"w-tabs-section-content-h i-cf\"><div class=\"wpb_text_column\"><div class=\"wpb_wrapper\"><p><strong>U\u017cytkownicy maj\u0105 dost\u0119p do spersonalizowanych pulpit\u00f3w nawigacyjnych, kt\u00f3re zapewniaj\u0105 przegl\u0105d wszystkich istotnych wska\u017anik\u00f3w KPI. Dzi\u0119ki szczeg\u00f3\u0142owym historiom czasowym zmiany mo\u017cna rozpozna\u0107 na pierwszy rzut oka i szybko na nie zareagowa\u0107. <\/strong><\/p>\n<\/div><\/div><\/div><\/div><\/div><div class=\"w-tabs-section\" id=\"cde1\"><button class=\"w-tabs-section-header\" aria-controls=\"content-cde1\" aria-expanded=\"false\"><div class=\"w-tabs-section-title\">Dla jakich firm przeznaczony jest portal?<\/div><div class=\"w-tabs-section-control\"><\/div><\/button><div  class=\"w-tabs-section-content\" id=\"content-cde1\"><div class=\"w-tabs-section-content-h i-cf\"><div class=\"wpb_text_column\"><div class=\"wpb_wrapper\"><p><strong>Portal SI dla KPI jest odpowiedni dla firm r\u00f3\u017cnej wielko\u015bci z bran\u017cy spo\u017cywczej, kt\u00f3re poszukuj\u0105 niezawodnego i skalowalnego rozwi\u0105zania do analizy i monitorowania KPI.<\/strong><\/p>\n<\/div><\/div><\/div><\/div><\/div><\/div><\/div><div class=\"w-separator size_small\"><\/div><\/div><\/div><\/div><\/div><\/section>\n","protected":false},"excerpt":{"rendered":"[vc_custom_heading text=\"callicon SI-Portal KPI\" font_container=\"tag:h1|font_size:2.8rem|text_align:left|color:%231D7B45\" use_theme_fonts=\"yes\"][vc_custom_heading text=\"SI-Portal KPI\" font_container=\"tag:h3|text_align:left\" use_theme_fonts=\"yes\"]Kompleksowe analizy i ci\u0105g\u0142e monitorowanie Portal SI KPI umo\u017cliwia prost\u0105 integracj\u0119 analiz z system\u00f3w takich jak ERP lub zarz\u0105dzanie czasem poprzez import plik\u00f3w CSV lub podobnych format\u00f3w. Zaimportowane dane s\u0105 zarz\u0105dzane w portalu pod unikalnymi nazwami, administratorzy mog\u0105 indywidualnie definiowa\u0107 wska\u017aniki KPI i szybko je powiela\u0107...","protected":false},"author":1,"featured_media":0,"parent":0,"menu_order":0,"comment_status":"closed","ping_status":"closed","template":"","meta":{"om_disable_all_campaigns":false,"_monsterinsights_skip_tracking":false,"_monsterinsights_sitenote_active":false,"_monsterinsights_sitenote_note":"","_monsterinsights_sitenote_category":0,"footnotes":""},"class_list":["post-11106","page","type-page","status-publish","hentry"],"aioseo_notices":[],"_links":{"self":[{"href":"https:\/\/callicon.de\/pl\/wp-json\/wp\/v2\/pages\/11106","targetHints":{"allow":["GET"]}}],"collection":[{"href":"https:\/\/callicon.de\/pl\/wp-json\/wp\/v2\/pages"}],"about":[{"href":"https:\/\/callicon.de\/pl\/wp-json\/wp\/v2\/types\/page"}],"author":[{"embeddable":true,"href":"https:\/\/callicon.de\/pl\/wp-json\/wp\/v2\/users\/1"}],"replies":[{"embeddable":true,"href":"https:\/\/callicon.de\/pl\/wp-json\/wp\/v2\/comments?post=11106"}],"version-history":[{"count":7,"href":"https:\/\/callicon.de\/pl\/wp-json\/wp\/v2\/pages\/11106\/revisions"}],"predecessor-version":[{"id":12370,"href":"https:\/\/callicon.de\/pl\/wp-json\/wp\/v2\/pages\/11106\/revisions\/12370"}],"wp:attachment":[{"href":"https:\/\/callicon.de\/pl\/wp-json\/wp\/v2\/media?parent=11106"}],"curies":[{"name":"wp","href":"https:\/\/api.w.org\/{rel}","templated":true}]}}