{"id":11343,"date":"2024-10-28T22:55:58","date_gmt":"2024-10-28T21:55:58","guid":{"rendered":"https:\/\/callicon.de\/zarzadzanie-szkoleniami\/"},"modified":"2025-02-04T18:54:46","modified_gmt":"2025-02-04T17:54:46","slug":"szkolenia","status":"publish","type":"page","link":"https:\/\/callicon.de\/pl\/szkolenia\/","title":{"rendered":"Zarz\u0105dzanie szkoleniami"},"content":{"rendered":"<section class=\"l-section wpb_row us_custom_681ed7c5 height_auto\"><div class=\"l-section-h i-cf\"><div class=\"g-cols vc_row via_grid cols_1 laptops-cols_inherit tablets-cols_inherit mobiles-cols_1 valign_top type_default stacking_default\"><div class=\"wpb_column vc_column_container\"><div class=\"vc_column-inner\"><div class=\"w-separator size_small\"><\/div><div class=\"w-separator size_medium\"><\/div>[vc_custom_heading text=&#8221;callicon App Szkolenia&#8221; font_container=&#8221;tag:h1|font_size:2.6rem|text_align:left|color:%231D7B45&#8243; use_theme_fonts=&#8221;yes&#8221;]<div class=\"w-separator size_medium\"><\/div><div class=\"g-cols wpb_row via_grid cols_1-3 laptops-cols_inherit tablets-cols_inherit mobiles-cols_1 valign_top type_default stacking_default\" style=\"--columns-gap:3rem;\"><div class=\"wpb_column vc_column_container\"><div class=\"vc_column-inner\"><div class=\"w-image align_left\"><div class=\"w-image-h\"><img decoding=\"async\" width=\"400\" height=\"479\" src=\"https:\/\/callicon.de\/wp-content\/uploads\/2025\/01\/PDM_x2.png\" class=\"attachment-full size-full\" alt=\"\" loading=\"lazy\" srcset=\"https:\/\/callicon.de\/wp-content\/uploads\/2025\/01\/PDM_x2.png 400w, https:\/\/callicon.de\/wp-content\/uploads\/2025\/01\/PDM_x2-251x300.png 251w\" sizes=\"auto, (max-width: 400px) 100vw, 400px\" \/><\/div><\/div><\/div><\/div><div class=\"wpb_column vc_column_container\"><div class=\"vc_column-inner\">[vc_custom_heading text=&#8221;App Szkolenia (Personal Development Management)&#8221; font_container=&#8221;tag:h3|text_align:left&#8221; use_theme_fonts=&#8221;yes&#8221;]<div class=\"wpb_text_column\"><div class=\"wpb_wrapper\"><h4>Inteligentne szkolenia &#8211; dzi\u0119ki mened\u017cerowi ds. rozwoju osobistego<\/h4>\n<p>Dbaj o to, by wiedza Twoich pracownik\u00f3w by\u0142a zawsze aktualna &#8211; dostosowana do potrzeb i post\u0119p\u00f3w w nauce ka\u017cdej osoby oraz do proces\u00f3w Twojej firmy: dzi\u0119ki callicon Personal Development Manager. Aplikacja, kt\u00f3r\u0105 mo\u017cna po\u0142\u0105czy\u0107 z oprogramowaniem HR, pomaga digitalizowa\u0107 i zarz\u0105dza\u0107 tre\u015bciami wiedzy, dokumentowa\u0107 uko\u0144czone kursy szkoleniowe i stale poszerza\u0107 kwalifikacje pracownik\u00f3w. Aplikacja wspiera r\u00f3wnie\u017c w starannym przygotowaniu i monitorowaniu audyt\u00f3w certyfikacyjnych. <\/p>\n<\/div><\/div><\/div><\/div><\/div><div class=\"w-separator size_huge\"><\/div><\/div><\/div><\/div><\/div><\/section><section class=\"l-section wpb_row us_custom_1ea44603 height_small\"><div class=\"l-section-h i-cf\"><div class=\"g-cols vc_row via_grid cols_4-1 laptops-cols_inherit tablets-cols_inherit mobiles-cols_1 valign_top type_default stacking_default\"><div class=\"wpb_column vc_column_container\"><div class=\"vc_column-inner\"><div class=\"w-separator size_small\"><\/div><div class=\"wpb_text_column us_custom_6df4bc3a has_text_color\"><div class=\"wpb_wrapper\"><h6>Wykorzystaj sw\u00f3j potencja\u0142, aby zwi\u0119kszy\u0107 wydajno\u015b\u0107 &#8211; dostosowan\u0105 do Twoich potrzeb!<br \/>\nZ osobistym pakietem aplikacji od callicon.<\/h6>\n<\/div><\/div><\/div><\/div><div class=\"wpb_column vc_column_container\"><div class=\"vc_column-inner\"><div class=\"w-separator size_custom\" style=\"height:20px\"><\/div><div class=\"w-popup w-btn-wrapper align_center\"><button class=\"w-popup-trigger type_btn w-btn us-btn-style_29\" aria-label=\"Skontaktuj si\u0119 z nami ju\u017c teraz!\" type=\"button\"><span class=\"w-btn-label\">Skontaktuj si\u0119 z nami ju\u017c teraz!<\/span><\/button><div class=\"w-popup-overlay\" style=\"background:rgba(0,0,0,0.10);\"><\/div><div class=\"w-popup-wrap layout_default\" role=\"dialog\" aria-modal=\"true\" aria-label=\"Okienko popup\" style=\"--title-color:var(--color-content-heading);--title-bg-color:var(--color-content-bg-alt);--content-color:var(--color-content-text);--content-bg-color:var(--color-content-bg);--popup-border-radius:15px;--popup-width:600px;--popup-padding:5%;\"><div class=\"w-popup-box animation_slideTop closerpos_inside without_title\"><div class=\"w-popup-box-h\"><button aria-label=\"Zamknij\" class=\"w-popup-closer\" type=\"button\"><\/button><div class=\"w-popup-box-content\"><p><p class=\"wpcf7-contact-form-not-found\"><strong>B\u0142\u0105d:<\/strong> Brak formularza kontaktowego.<\/p><\/p>\n<\/div><\/div><\/div><\/div><\/div><\/div><\/div><\/div><\/div><\/section><section class=\"l-section wpb_row height_custom\"><div class=\"l-section-h i-cf\"><div class=\"g-cols vc_row via_grid cols_1 laptops-cols_inherit tablets-cols_inherit mobiles-cols_1 valign_top type_default stacking_default\"><div class=\"wpb_column vc_column_container\"><div class=\"vc_column-inner\"><div class=\"wpb_text_column\"><div class=\"wpb_wrapper\"><p><span style=\"font-size: 20px; color: #1a1a1a;\"><span style=\"color: #1d7b45;\">Najcz\u0119\u015bciej zadawane pytania<\/span><br \/>\n<\/span><\/p>\n<\/div><\/div><div class=\"w-separator size_small\"><\/div><div class=\"wpb_text_column\"><div class=\"wpb_wrapper\"><h3>Cz\u0119sto zadawane pytania dotycz\u0105ce callicon App Szkolenia<\/h3>\n<\/div><\/div><div class=\"w-separator size_medium\"><\/div><div class=\"w-tabs style_default switch_click accordion remove_indents\" style=\"--sections-title-size:1.0rem\"><div class=\"w-tabs-sections titles-align_none icon_chevron cpos_right\"><div class=\"w-tabs-section\" id=\"z619\"><button class=\"w-tabs-section-header\" aria-controls=\"content-z619\" aria-expanded=\"false\"><div class=\"w-tabs-section-title\">Jakie funkcje oferuje aplikacja Szkolenia (PDM)?<\/div><div class=\"w-tabs-section-control\"><\/div><\/button><div  class=\"w-tabs-section-content\" id=\"content-z619\"><div class=\"w-tabs-section-content-h i-cf\"><div class=\"wpb_text_column us_custom_064d3121\"><div class=\"wpb_wrapper\"><p>Aplikacja Szkolenia (PDM) wspiera administrowanie, planowanie i wdra\u017canie szkole\u0144 i dalszej edukacji. Umo\u017cliwia kursy e-learningowe, certyfikaty, kalendarze szkole\u0144, \u015bledzenie post\u0119p\u00f3w i automatyczne przypomnienia.<\/p>\n<\/div><\/div><\/div><\/div><\/div><div class=\"w-tabs-section\" id=\"n6ae\"><button class=\"w-tabs-section-header\" aria-controls=\"content-n6ae\" aria-expanded=\"false\"><div class=\"w-tabs-section-title\">Czy aplikacja mo\u017ce by\u0107 u\u017cywana do e-learningu?<\/div><div class=\"w-tabs-section-control\"><\/div><\/button><div  class=\"w-tabs-section-content\" id=\"content-n6ae\"><div class=\"w-tabs-section-content-h i-cf\"><div class=\"wpb_text_column us_custom_064d3121\"><div class=\"wpb_wrapper\"><p>Tak, aplikacja oferuje zintegrowan\u0105 platform\u0119 e-learningow\u0105 z interaktywnymi kursami, filmami, quizami i cyfrowymi materia\u0142ami szkoleniowymi, kt\u00f3re s\u0105 dost\u0119pne w dowolnym miejscu i czasie.<\/p>\n<\/div><\/div><\/div><\/div><\/div><div class=\"w-tabs-section\" id=\"f730\"><button class=\"w-tabs-section-header\" aria-controls=\"content-f730\" aria-expanded=\"false\"><div class=\"w-tabs-section-title\">Jak pracownicy mog\u0105 \u015bledzi\u0107 swoje post\u0119py w nauce?<\/div><div class=\"w-tabs-section-control\"><\/div><\/button><div  class=\"w-tabs-section-content\" id=\"content-f730\"><div class=\"w-tabs-section-content-h i-cf\"><div class=\"wpb_text_column us_custom_064d3121\"><div class=\"wpb_wrapper\"><p>Ka\u017cdy u\u017cytkownik ma osobisty pulpit nawigacyjny, kt\u00f3ry wy\u015bwietla uko\u0144czone, trwaj\u0105ce i planowane kursy szkoleniowe. Post\u0119py s\u0105 automatycznie dokumentowane, a po uko\u0144czeniu kurs\u00f3w mo\u017cna pobra\u0107 certyfikaty.<\/p>\n<\/div><\/div><\/div><\/div><\/div><div class=\"w-tabs-section\" id=\"l7ad\"><button class=\"w-tabs-section-header\" aria-controls=\"content-l7ad\" aria-expanded=\"false\"><div class=\"w-tabs-section-title\">Czy firmy mog\u0105 tworzy\u0107 w\u0142asne tre\u015bci szkoleniowe?<\/div><div class=\"w-tabs-section-control\"><\/div><\/button><div  class=\"w-tabs-section-content\" id=\"content-l7ad\"><div class=\"w-tabs-section-content-h i-cf\"><div class=\"wpb_text_column us_custom_064d3121\"><div class=\"wpb_wrapper\"><p>Tak, administratorzy mog\u0105 przesy\u0142a\u0107 i dostosowywa\u0107 w\u0142asne kursy, dokumenty, filmy i testy. U\u0142atwia to integracj\u0119 program\u00f3w szkoleniowych specyficznych dla firmy.<\/p>\n<\/div><\/div><\/div><\/div><\/div><div class=\"w-tabs-section\" id=\"y827\"><button class=\"w-tabs-section-header\" aria-controls=\"content-y827\" aria-expanded=\"false\"><div class=\"w-tabs-section-title\">Czy w aplikacji dost\u0119pna jest funkcja zarz\u0105dzania certyfikatami?<\/div><div class=\"w-tabs-section-control\"><\/div><\/button><div  class=\"w-tabs-section-content\" id=\"content-y827\"><div class=\"w-tabs-section-content-h i-cf\"><div class=\"wpb_text_column us_custom_064d3121\"><div class=\"wpb_wrapper\"><p>Tak, certyfikaty mog\u0105 by\u0107 automatycznie generowane i zapisywane po uko\u0144czeniu kursu. Aplikacja przypomina r\u00f3wnie\u017c o wygasaj\u0105cych certyfikatach i koniecznych kursach doszkalaj\u0105cych.<\/p>\n<\/div><\/div><\/div><\/div><\/div><div class=\"w-tabs-section\" id=\"a8ab\"><button class=\"w-tabs-section-header\" aria-controls=\"content-a8ab\" aria-expanded=\"false\"><div class=\"w-tabs-section-title\">Czy aplikacj\u0119 mo\u017cna zintegrowa\u0107 z istniej\u0105cymi systemami HR i ERP?<\/div><div class=\"w-tabs-section-control\"><\/div><\/button><div  class=\"w-tabs-section-content\" id=\"content-a8ab\"><div class=\"w-tabs-section-content-h i-cf\"><div class=\"wpb_text_column us_custom_064d3121\"><div class=\"wpb_wrapper\"><p>Tak, aplikacja ma interfejsy do system\u00f3w HR i ERP, aby \u0142\u0105czy\u0107 dane szkoleniowe z profilami pracownik\u00f3w i umo\u017cliwia\u0107 automatyczne planowanie szkole\u0144.<\/p>\n<\/div><\/div><\/div><\/div><\/div><div class=\"w-tabs-section\" id=\"f92d\"><button class=\"w-tabs-section-header\" aria-controls=\"content-f92d\" aria-expanded=\"false\"><div class=\"w-tabs-section-title\">Jakie korzy\u015bci oferuje aplikacja w por\u00f3wnaniu z konwencjonalnymi systemami treningowymi?<\/div><div class=\"w-tabs-section-control\"><\/div><\/button><div  class=\"w-tabs-section-content\" id=\"content-f92d\"><div class=\"w-tabs-section-content-h i-cf\"><div class=\"wpb_text_column us_custom_064d3121\"><div class=\"wpb_wrapper\"><p>Aplikacja \u0142\u0105czy szkolenia stacjonarne i e-learning na centralnej platformie, oferuje elastyczne formaty nauczania, zautomatyzowane procesy i kompleksowe analizy efektywno\u015bci szkole\u0144. Dzi\u0119ki aplikacji ka\u017cda firma mo\u017ce wprowadzi\u0107 ca\u0142o\u015bciowe, zorientowane na ryzyko zarz\u0105dzanie wiedz\u0105 i kwalifikacjami przy zachowaniu pe\u0142nej przejrzysto\u015bci i pewno\u015bci prawnej.<\/p>\n<\/div><\/div><\/div><\/div><\/div><div class=\"w-tabs-section\" id=\"p9ae\"><button class=\"w-tabs-section-header\" aria-controls=\"content-p9ae\" aria-expanded=\"false\"><div class=\"w-tabs-section-title\">Czym jest macierz kwalifikacji?<\/div><div class=\"w-tabs-section-control\"><\/div><\/button><div  class=\"w-tabs-section-content\" id=\"content-p9ae\"><div class=\"w-tabs-section-content-h i-cf\"><div class=\"wpb_text_column us_custom_064d3121\"><div class=\"wpb_wrapper\"><p>Macierz kwalifikacji zapewnia przejrzysty przegl\u0105d rozk\u0142adu wiedzy i kompetencji w firmie. Umo\u017cliwia systematyczn\u0105 ocen\u0119 kwalifikacji pracownik\u00f3w w r\u00f3\u017cnych dzia\u0142ach i na r\u00f3\u017cnych poziomach. <\/p>\n<p>Dzi\u0119ki temu rozwi\u0105zaniu mo\u017cna na pierwszy rzut oka zobaczy\u0107, gdzie wymagane s\u0105 dzia\u0142ania szkoleniowe i zoptymalizowa\u0107 rozw\u00f3j umiej\u0119tno\u015bci pracownik\u00f3w w ukierunkowany spos\u00f3b.<\/p>\n<\/div><\/div><\/div><\/div><\/div><\/div><\/div><div class=\"w-separator size_small\"><\/div><\/div><\/div><\/div><\/div><\/section>\n","protected":false},"excerpt":{"rendered":"[vc_custom_heading text=\"callicon App Szkolenia\" font_container=\"tag:h1|font_size:2.6rem|text_align:left|color:%231D7B45\" use_theme_fonts=\"yes\"][vc_custom_heading text=\"App Szkolenia (Personal Development Management)\" font_container=\"tag:h3|text_align:left\" use_theme_fonts=\"yes\"]Inteligentne szkolenia &#8211; dzi\u0119ki mened\u017cerowi ds. rozwoju osobistego Dbaj o to, by wiedza Twoich pracownik\u00f3w by\u0142a zawsze aktualna &#8211; dostosowana do potrzeb i post\u0119p\u00f3w w nauce ka\u017cdej osoby oraz do proces\u00f3w Twojej firmy: dzi\u0119ki callicon Personal Development Manager. Aplikacja, kt\u00f3r\u0105 mo\u017cna po\u0142\u0105czy\u0107 z...","protected":false},"author":1,"featured_media":0,"parent":0,"menu_order":0,"comment_status":"closed","ping_status":"closed","template":"","meta":{"om_disable_all_campaigns":false,"_monsterinsights_skip_tracking":false,"_monsterinsights_sitenote_active":false,"_monsterinsights_sitenote_note":"","_monsterinsights_sitenote_category":0,"footnotes":""},"class_list":["post-11343","page","type-page","status-publish","hentry"],"aioseo_notices":[],"_links":{"self":[{"href":"https:\/\/callicon.de\/pl\/wp-json\/wp\/v2\/pages\/11343","targetHints":{"allow":["GET"]}}],"collection":[{"href":"https:\/\/callicon.de\/pl\/wp-json\/wp\/v2\/pages"}],"about":[{"href":"https:\/\/callicon.de\/pl\/wp-json\/wp\/v2\/types\/page"}],"author":[{"embeddable":true,"href":"https:\/\/callicon.de\/pl\/wp-json\/wp\/v2\/users\/1"}],"replies":[{"embeddable":true,"href":"https:\/\/callicon.de\/pl\/wp-json\/wp\/v2\/comments?post=11343"}],"version-history":[{"count":10,"href":"https:\/\/callicon.de\/pl\/wp-json\/wp\/v2\/pages\/11343\/revisions"}],"predecessor-version":[{"id":12396,"href":"https:\/\/callicon.de\/pl\/wp-json\/wp\/v2\/pages\/11343\/revisions\/12396"}],"wp:attachment":[{"href":"https:\/\/callicon.de\/pl\/wp-json\/wp\/v2\/media?parent=11343"}],"curies":[{"name":"wp","href":"https:\/\/api.w.org\/{rel}","templated":true}]}}